{"id":10560,"date":"2020-05-17T04:10:45","date_gmt":"2020-05-17T02:10:45","guid":{"rendered":"https:\/\/edu-carib.com\/?page_id=10560"},"modified":"2021-12-01T01:48:46","modified_gmt":"2021-12-01T00:48:46","slug":"mentions-legales","status":"publish","type":"page","link":"https:\/\/edu-carib.com\/en\/mentions-legales\/","title":{"rendered":"Mentions l\u00e9gales"},"content":{"rendered":"<div data-elementor-type=\"wp-page\" data-elementor-id=\"10560\" class=\"elementor elementor-10560\" data-elementor-post-type=\"page\">\n\t\t\t\t\t\t<section class=\"elementor-section elementor-top-section elementor-element elementor-element-7571d0b elementor-section-stretched elementor-section-height-min-height elementor-section-items-bottom elementor-section-boxed elementor-section-height-default\" data-id=\"7571d0b\" data-element_type=\"section\" data-settings=\"{&quot;stretch_section&quot;:&quot;section-stretched&quot;,&quot;background_background&quot;:&quot;classic&quot;}\">\n\t\t\t\t\t\t\t<div class=\"elementor-background-overlay\"><\/div>\n\t\t\t\t\t\t\t<div class=\"elementor-container elementor-column-gap-default\">\n\t\t\t\t\t<div class=\"elementor-column elementor-col-100 elementor-top-column elementor-element elementor-element-02596c5\" data-id=\"02596c5\" data-element_type=\"column\">\n\t\t\t<div class=\"elementor-widget-wrap\">\n\t\t\t\t\t\t\t<\/div>\n\t\t<\/div>\n\t\t\t\t\t<\/div>\n\t\t<\/section>\n\t\t\t\t<section class=\"elementor-section elementor-top-section elementor-element elementor-element-feec22b elementor-section-boxed elementor-section-height-default elementor-section-height-default\" data-id=\"feec22b\" data-element_type=\"section\">\n\t\t\t\t\t\t<div class=\"elementor-container elementor-column-gap-default\">\n\t\t\t\t\t<div class=\"elementor-column elementor-col-100 elementor-top-column elementor-element elementor-element-4acea1a\" data-id=\"4acea1a\" data-element_type=\"column\">\n\t\t\t<div class=\"elementor-widget-wrap elementor-element-populated\">\n\t\t\t\t\t\t<div class=\"elementor-element elementor-element-50cb4dc elementor-widget elementor-widget-heading\" data-id=\"50cb4dc\" data-element_type=\"widget\" data-widget_type=\"heading.default\">\n\t\t\t\t<div class=\"elementor-widget-container\">\n\t\t\t<h2 class=\"elementor-heading-title elementor-size-default\">Mentions l\u00e9gales<\/h2>\t\t<\/div>\n\t\t\t\t<\/div>\n\t\t\t\t\t<\/div>\n\t\t<\/div>\n\t\t\t\t\t<\/div>\n\t\t<\/section>\n\t\t\t\t<section class=\"elementor-section elementor-top-section elementor-element elementor-element-ac62309 elementor-section-boxed elementor-section-height-default elementor-section-height-default\" data-id=\"ac62309\" data-element_type=\"section\">\n\t\t\t\t\t\t<div class=\"elementor-container elementor-column-gap-default\">\n\t\t\t\t\t<div class=\"elementor-column elementor-col-100 elementor-top-column elementor-element elementor-element-b8def65\" data-id=\"b8def65\" data-element_type=\"column\">\n\t\t\t<div class=\"elementor-widget-wrap elementor-element-populated\">\n\t\t\t\t\t\t<div class=\"elementor-element elementor-element-c94f79b elementor-widget elementor-widget-text-editor\" data-id=\"c94f79b\" data-element_type=\"widget\" data-widget_type=\"text-editor.default\">\n\t\t\t\t<div class=\"elementor-widget-container\">\n\t\t\t\t\t\t\t<p><span style=\"font-weight: 400;\">En vous connectant \u00e0 ce Site internet, vous acceptez sans r\u00e9serve les pr\u00e9sentes modalit\u00e9s et conditions d\u2019utilisation. Aussi, conform\u00e9ment \u00e0 l\u2019article n\u00b06 de la Loi n\u00b02004-575 du 21 Juin 2004 pour la confiance dans l\u2019\u00e9conomie num\u00e9rique, les responsables du Site internet <\/span><a href=\"http:\/\/educarib.co\/\"><span style=\"font-weight: 400;\">http:\/\/educarib.co\/<\/span><\/a><span style=\"font-weight: 400;\"> ci-apr\u00e8s \u00ab le Site internet\u00a0\u00bb ou \u00ab le Site\u00a0\u00bb) sont tels que ci-apr\u00e8s mentionn\u00e9s.<\/span><\/p><p>\u00a0<\/p><p><b>Article 1 \u2013 Informations l\u00e9gales\u00a0<\/b><\/p><p><span style=\"font-weight: 400;\">Il est pr\u00e9cis\u00e9 aux utilisateurs du site <\/span><a href=\"http:\/\/educarib.co\/\"><span style=\"font-weight: 400;\">http:\/\/educarib.co\/<\/span><\/a><span style=\"font-weight: 400;\">\u00a0 l\u2019identit\u00e9 des diff\u00e9rents intervenants dans le cadre de sa r\u00e9alisation et de son suivi :\u00a0<\/span><\/p><p>\u00a0<\/p><p><b>1.1. <\/b><span style=\"font-weight: 400;\">\u00c9diteur (ci-apr\u00e8s \u00ab l\u2019Editeur \u00bb) : EDUCARIB GUADELOUPE, association d\u00e9clar\u00e9e \u00e0 la Pr\u00e9fecture de GUADELOUPE sous le num\u00e9ro 852 761 816, dont le si\u00e8ge social est situ\u00e9 au lieu-dit SECTION LEBRAIRE, MORNE A L\u2019EAU, GUADELOUPE repr\u00e9sent\u00e9e par sa Pr\u00e9sidente, Madame Lorine BOZIN.<\/span><\/p><p>\u00a0<\/p><p>\u00a0<\/p><p><span style=\"font-weight: 400;\">Adresse de courrier \u00e9lectronique : <\/span><a href=\"mailto:contact@edu-carib.com\"><span style=\"font-weight: 400;\">contact@edu-carib.com<\/span><\/a><\/p><p>\u00a0<\/p><p><span style=\"font-weight: 400;\">Directeur de publication\u00a0: Madame Lorine BOZIN<\/span><\/p><p>\u00a0<\/p><p><b>1.2. <\/b><span style=\"font-weight: 400;\">H\u00e9bergeur (ci-apr\u00e8s \u00ab <\/span><b>l\u2019h\u00e9bergeur <\/b><span style=\"font-weight: 400;\">\u00bb) OVH, SAS au capital de 10 069 020 \u20ac \u2013 2, rue Kellerman, BP 80157 \u2013 59100 Roubaix (RCS Lille 424 761 419) \u2013 T\u00e9l. 0 820 698 765<\/span><\/p><p>\u00a0<\/p><p><b>1.3. <\/b><span style=\"font-weight: 400;\">Le Site internet (ci-apr\u00e8s \u00ab le Site internet \u00bb) : <\/span><a href=\"mailto:contact@edu-carib.com\"><span style=\"font-weight: 400;\">contact@edu-carib.com<\/span><\/a><\/p><p>\u00a0<\/p><p><b>Article 2 \u2013 Acc\u00e8s au Site internet<\/b><\/p><p><span style=\"font-weight: 400;\">L\u2019acc\u00e8s au Site internet et son utilisation sont r\u00e9serv\u00e9s \u00e0 un usage strictement personnel. Vous vous engagez \u00e0 ne pas utiliser ce Site et les informations ou donn\u00e9es qui y figurent \u00e0 des fins commerciales, politiques, publicitaires et pour toute forme de sollicitation commerciale et notamment l\u2019envoi de courriers \u00e9lectroniques non sollicit\u00e9s.<\/span><\/p><p><b>Article 3 \u2013 Contenu du Site internet\u00a0<\/b><\/p><p><span style=\"font-weight: 400;\">Toutes les marques, photographies, textes, commentaires, illustrations, images anim\u00e9es ou non, s\u00e9quences vid\u00e9o, sons, ainsi que toutes les applications informatiques qui pourraient \u00eatre utilis\u00e9es pour faire fonctionner ce Site et plus g\u00e9n\u00e9ralement tous les \u00e9l\u00e9ments reproduits ou utilis\u00e9s sur le site sont prot\u00e9g\u00e9s par les lois en vigueur au titre de la propri\u00e9t\u00e9 intellectuelle.<\/span><\/p><p><span style=\"font-weight: 400;\">Ils sont la propri\u00e9t\u00e9 pleine et enti\u00e8re de l\u2019\u00e9diteur ou de ses partenaires. Toute reproduction, repr\u00e9sentation, utilisation ou adaptation, sous quelque forme que ce soit, de tout ou partie de ces \u00e9l\u00e9ments, y compris les applications informatiques, sans l\u2019accord pr\u00e9alable et \u00e9crit de l\u2019\u00e9diteur, sont strictement interdites. Le fait pour l\u2019Editeur de ne pas engager de proc\u00e9dure d\u00e8s la prise de connaissance de ces utilisations non autoris\u00e9es ne vaut pas acceptation desdites utilisations et renonciation aux poursuites.<\/span><\/p><p><b>Article 4 \u2013 Gestion du Site internet\u00a0<\/b><\/p><p><span style=\"font-weight: 400;\">Pour la bonne gestion du Site internet, l\u2019Editeur pourra \u00e0 tout moment :<\/span><\/p><ul><li style=\"font-weight: 400;\" aria-level=\"1\"><span style=\"font-weight: 400;\">Suspendre, interrompre ou limiter l\u2019acc\u00e8s \u00e0 tout ou partie du Site internet, r\u00e9server l\u2019acc\u00e8s au Site internet, ou \u00e0 certaines parties du Site internet, \u00e0 une cat\u00e9gorie d\u00e9termin\u00e9e d\u2019internaute;<\/span><\/li><li style=\"font-weight: 400;\" aria-level=\"1\"><span style=\"font-weight: 400;\">Supprimer toute information pouvant en perturber le fonctionnement ou entrant en contravention avec les lois nationales ou internationales, ou avec les r\u00e8gles de la N\u00e9tiquette;<\/span><\/li><li style=\"font-weight: 400;\" aria-level=\"1\"><span style=\"font-weight: 400;\">Suspendre le Site afin de proc\u00e9der \u00e0 des mises \u00e0 jour.<\/span><\/li><\/ul><p>\u00a0<\/p><p><b>Article 5 \u2013 Responsabilit\u00e9s<\/b><\/p><p><span style=\"font-weight: 400;\">La responsabilit\u00e9 de l\u2019Editeur ne peut \u00eatre engag\u00e9e en cas de d\u00e9faillance, panne, difficult\u00e9 ou interruption de fonctionnement, emp\u00eachant l\u2019acc\u00e8s au Site internet ou \u00e0 une de ses fonctionnalit\u00e9s.<\/span><\/p><p><span style=\"font-weight: 400;\">Le mat\u00e9riel de connexion au Site internet que vous utilisez est sous votre enti\u00e8re responsabilit\u00e9. Vous devez prendre toutes les mesures appropri\u00e9es pour prot\u00e9ger votre mat\u00e9riel et vos propres donn\u00e9es notamment d\u2019attaques virales par Internet. Vous \u00eates par ailleurs le seul responsable des sites et donn\u00e9es que vous consultez.<\/span><\/p><p><span style=\"font-weight: 400;\">L\u2019Editeur ne pourra \u00eatre tenu responsable en cas de poursuites judiciaires \u00e0 votre encontre\u00a0:<\/span><\/p><ul><li style=\"font-weight: 400;\" aria-level=\"1\"><span style=\"font-weight: 400;\">du fait de l\u2019usage du Site internet ou de tout service accessible via Internet ;<\/span><\/li><li style=\"font-weight: 400;\" aria-level=\"1\"><span style=\"font-weight: 400;\">du fait du non-respect par vous des pr\u00e9sentes conditions g\u00e9n\u00e9rales.<\/span><\/li><\/ul><p><span style=\"font-weight: 400;\">L\u2019Editeur n\u2019est pas responsable des dommages caus\u00e9s \u00e0 vous-m\u00eame, \u00e0 des tiers et\/ou \u00e0 votre \u00e9quipement du fait de votre connexion ou de votre utilisation du Site internet et vous renoncez \u00e0 toute action contre lui de ce fait.<\/span><\/p><p><span style=\"font-weight: 400;\">Si l\u2019Editeur venait \u00e0 faire l\u2019objet d\u2019une proc\u00e9dure amiable ou judiciaire \u00e0 raison de votre utilisation du Site internet, il pourra se retourner contre vous pour obtenir indemnisation de tous les pr\u00e9judices, sommes, condamnations et frais qui pourraient d\u00e9couler de cette proc\u00e9dure.<\/span><\/p><p><b>Article 6 \u2013 Liens hypertextes<\/b><\/p><p><span style=\"font-weight: 400;\">La mise en place par vous de tous liens hypertextes, autres que ceux cr\u00e9\u00e9s pour le fonctionnement du Site internet vers tout ou partie du Site internet est strictement interdite, sauf autorisation pr\u00e9alable et \u00e9crite de l\u2019Editeur, sollicit\u00e9e par courriel \u00e0 l\u2019adresse suivante : <\/span><a href=\"mailto:contact@edu-carib.com\"><span style=\"font-weight: 400;\">contact@edu-carib.com<\/span><\/a><span style=\"font-weight: 400;\">.<\/span><\/p><p><span style=\"font-weight: 400;\">L\u2019Editeur est libre de refuser cette autorisation sans avoir \u00e0 justifier de quelque mani\u00e8re que ce soit sa d\u00e9cision. Dans le cas o\u00f9 l\u2019\u00e9diteur accorderait son autorisation, celle-ci n\u2019est, dans tous les cas, que temporaire et pourra \u00eatre retir\u00e9e \u00e0 tout moment, sans obligation de justification \u00e0 la charge de l\u2019\u00e9diteur.<\/span><\/p><p><span style=\"font-weight: 400;\">Dans tous les cas, tout lien devra \u00eatre retir\u00e9 sur simple demande de l\u2019\u00e9diteur.<\/span><\/p><p><span style=\"font-weight: 400;\">Toute information accessible via un lien vers d\u2019autres sites n\u2019est pas sous le contr\u00f4le de l\u2019\u00e9diteur qui d\u00e9cline toute responsabilit\u00e9 quant \u00e0 leur contenu.<\/span><\/p><p><b>Article 7 \u2013 Onglet contact<\/b><\/p><p><span style=\"font-weight: 400;\">Les informations personnelles pouvant \u00eatre recueillies sur le site sont exclusivement utilis\u00e9es par l\u2019Editeur pour vous recontacter, elles seront utilis\u00e9es conform\u00e9ment \u00e0 la Politique de confidentialit\u00e9 qui figure dans <\/span><span style=\"font-weight: 400;\">la rubrique Protection des donn\u00e9es<\/span><span style=\"font-weight: 400;\"> du Site internet.\u00a0<\/span><\/p><p><b>Article 8 \u2013 Loi applicable<\/b><\/p><p><span style=\"font-weight: 400;\">Les pr\u00e9sentes conditions d\u2019utilisation du Site internet sont r\u00e9gies par la loi fran\u00e7aise et soumises \u00e0 la comp\u00e9tence des tribunaux de Fort-de-France, sous r\u00e9serve d\u2019une attribution de comp\u00e9tence sp\u00e9cifique d\u00e9coulant d\u2019un texte de loi ou r\u00e9glementaire particulier.<\/span><\/p><p><b>Article 9 \u2013 Contactez-nous<\/b><\/p><p><span style=\"font-weight: 400;\">Pour toute question, information sur les services pr\u00e9sent\u00e9s sur le Site, ou concernant le Site internet lui-m\u00eame, vous pouvez laisser un message \u00e0 l\u2019adresse suivante : adresse\u00a0 <\/span><a href=\"mailto:contact@edu-carib.com\"><span style=\"font-weight: 400;\">contact@edu-carib.com<\/span><\/a><span style=\"font-weight: 400;\">.<\/span><\/p>\t\t\t\t\t\t<\/div>\n\t\t\t\t<\/div>\n\t\t\t\t\t<\/div>\n\t\t<\/div>\n\t\t\t\t\t<\/div>\n\t\t<\/section>\n\t\t\t\t<\/div>","protected":false},"excerpt":{"rendered":"<p>Mentions l\u00e9gales En vous connectant \u00e0 ce Site internet, vous acceptez sans r\u00e9serve les pr\u00e9sentes modalit\u00e9s et conditions d\u2019utilisation. Aussi, conform\u00e9ment \u00e0 l\u2019article n\u00b06 de la Loi n\u00b02004-575 du 21 Juin 2004 pour la confiance dans l\u2019\u00e9conomie num\u00e9rique, les responsables du Site internet http:\/\/educarib.co\/ ci-apr\u00e8s \u00ab le Site internet\u00a0\u00bb ou \u00ab le Site\u00a0\u00bb) sont tels [&hellip;]<\/p>","protected":false},"author":2,"featured_media":0,"parent":0,"menu_order":0,"comment_status":"closed","ping_status":"closed","template":"","meta":{"_monsterinsights_skip_tracking":false,"_monsterinsights_sitenote_active":false,"_monsterinsights_sitenote_note":"","_monsterinsights_sitenote_category":0,"footnotes":"","_links_to":"","_links_to_target":""},"yoast_head":"<!-- This site is optimized with the Yoast SEO plugin v22.5 - https:\/\/yoast.com\/wordpress\/plugins\/seo\/ -->\n<title>Mentions l\u00e9gales - EduCarib.co<\/title>\n<meta name=\"robots\" content=\"index, follow, max-snippet:-1, max-image-preview:large, max-video-preview:-1\" \/>\n<link rel=\"canonical\" href=\"https:\/\/edu-carib.com\/en\/mentions-legales\/\" \/>\n<meta property=\"og:locale\" content=\"en_US\" \/>\n<meta property=\"og:type\" content=\"article\" \/>\n<meta property=\"og:title\" content=\"Mentions l\u00e9gales - EduCarib.co\" \/>\n<meta property=\"og:description\" content=\"Mentions l\u00e9gales En vous connectant \u00e0 ce Site internet, vous acceptez sans r\u00e9serve les pr\u00e9sentes modalit\u00e9s et conditions d\u2019utilisation. Aussi, conform\u00e9ment \u00e0 l\u2019article n\u00b06 de la Loi n\u00b02004-575 du 21 Juin 2004 pour la confiance dans l\u2019\u00e9conomie num\u00e9rique, les responsables du Site internet http:\/\/educarib.co\/ ci-apr\u00e8s \u00ab le Site internet\u00a0\u00bb ou \u00ab le Site\u00a0\u00bb) sont tels [&hellip;]\" \/>\n<meta property=\"og:url\" content=\"https:\/\/edu-carib.com\/en\/mentions-legales\/\" \/>\n<meta property=\"og:site_name\" content=\"EduCarib.co\" \/>\n<meta property=\"article:modified_time\" content=\"2021-12-01T00:48:46+00:00\" \/>\n<meta name=\"twitter:card\" content=\"summary_large_image\" \/>\n<meta name=\"twitter:label1\" content=\"Est. reading time\" \/>\n\t<meta name=\"twitter:data1\" content=\"5 minutes\" \/>\n<script type=\"application\/ld+json\" class=\"yoast-schema-graph\">{\"@context\":\"https:\/\/schema.org\",\"@graph\":[{\"@type\":\"WebPage\",\"@id\":\"https:\/\/edu-carib.com\/mentions-legales\/\",\"url\":\"https:\/\/edu-carib.com\/mentions-legales\/\",\"name\":\"Mentions l\u00e9gales - EduCarib.co\",\"isPartOf\":{\"@id\":\"https:\/\/edu-carib.com\/#website\"},\"datePublished\":\"2020-05-17T02:10:45+00:00\",\"dateModified\":\"2021-12-01T00:48:46+00:00\",\"breadcrumb\":{\"@id\":\"https:\/\/edu-carib.com\/mentions-legales\/#breadcrumb\"},\"inLanguage\":\"en-US\",\"potentialAction\":[{\"@type\":\"ReadAction\",\"target\":[\"https:\/\/edu-carib.com\/mentions-legales\/\"]}]},{\"@type\":\"BreadcrumbList\",\"@id\":\"https:\/\/edu-carib.com\/mentions-legales\/#breadcrumb\",\"itemListElement\":[{\"@type\":\"ListItem\",\"position\":1,\"name\":\"Accueil\",\"item\":\"https:\/\/edu-carib.com\/\"},{\"@type\":\"ListItem\",\"position\":2,\"name\":\"Mentions l\u00e9gales\"}]},{\"@type\":\"WebSite\",\"@id\":\"https:\/\/edu-carib.com\/#website\",\"url\":\"https:\/\/edu-carib.com\/\",\"name\":\"EduCarib.co\",\"description\":\"Le Guide de l\u2019Orientation\",\"potentialAction\":[{\"@type\":\"SearchAction\",\"target\":{\"@type\":\"EntryPoint\",\"urlTemplate\":\"https:\/\/edu-carib.com\/?s={search_term_string}\"},\"query-input\":\"required name=search_term_string\"}],\"inLanguage\":\"en-US\"}]}<\/script>\n<!-- \/ Yoast SEO plugin. -->","yoast_head_json":{"title":"Mentions l\u00e9gales - EduCarib.co","robots":{"index":"index","follow":"follow","max-snippet":"max-snippet:-1","max-image-preview":"max-image-preview:large","max-video-preview":"max-video-preview:-1"},"canonical":"https:\/\/edu-carib.com\/en\/mentions-legales\/","og_locale":"en_US","og_type":"article","og_title":"Mentions l\u00e9gales - EduCarib.co","og_description":"Mentions l\u00e9gales En vous connectant \u00e0 ce Site internet, vous acceptez sans r\u00e9serve les pr\u00e9sentes modalit\u00e9s et conditions d\u2019utilisation. Aussi, conform\u00e9ment \u00e0 l\u2019article n\u00b06 de la Loi n\u00b02004-575 du 21 Juin 2004 pour la confiance dans l\u2019\u00e9conomie num\u00e9rique, les responsables du Site internet http:\/\/educarib.co\/ ci-apr\u00e8s \u00ab le Site internet\u00a0\u00bb ou \u00ab le Site\u00a0\u00bb) sont tels [&hellip;]","og_url":"https:\/\/edu-carib.com\/en\/mentions-legales\/","og_site_name":"EduCarib.co","article_modified_time":"2021-12-01T00:48:46+00:00","twitter_card":"summary_large_image","twitter_misc":{"Est. reading time":"5 minutes"},"schema":{"@context":"https:\/\/schema.org","@graph":[{"@type":"WebPage","@id":"https:\/\/edu-carib.com\/mentions-legales\/","url":"https:\/\/edu-carib.com\/mentions-legales\/","name":"Mentions l\u00e9gales - EduCarib.co","isPartOf":{"@id":"https:\/\/edu-carib.com\/#website"},"datePublished":"2020-05-17T02:10:45+00:00","dateModified":"2021-12-01T00:48:46+00:00","breadcrumb":{"@id":"https:\/\/edu-carib.com\/mentions-legales\/#breadcrumb"},"inLanguage":"en-US","potentialAction":[{"@type":"ReadAction","target":["https:\/\/edu-carib.com\/mentions-legales\/"]}]},{"@type":"BreadcrumbList","@id":"https:\/\/edu-carib.com\/mentions-legales\/#breadcrumb","itemListElement":[{"@type":"ListItem","position":1,"name":"Accueil","item":"https:\/\/edu-carib.com\/"},{"@type":"ListItem","position":2,"name":"Mentions l\u00e9gales"}]},{"@type":"WebSite","@id":"https:\/\/edu-carib.com\/#website","url":"https:\/\/edu-carib.com\/","name":"EduCarib.co","description":"Le Guide de l\u2019Orientation","potentialAction":[{"@type":"SearchAction","target":{"@type":"EntryPoint","urlTemplate":"https:\/\/edu-carib.com\/?s={search_term_string}"},"query-input":"required name=search_term_string"}],"inLanguage":"en-US"}]}},"_links":{"self":[{"href":"https:\/\/edu-carib.com\/en\/wp-json\/wp\/v2\/pages\/10560"}],"collection":[{"href":"https:\/\/edu-carib.com\/en\/wp-json\/wp\/v2\/pages"}],"about":[{"href":"https:\/\/edu-carib.com\/en\/wp-json\/wp\/v2\/types\/page"}],"author":[{"embeddable":true,"href":"https:\/\/edu-carib.com\/en\/wp-json\/wp\/v2\/users\/2"}],"replies":[{"embeddable":true,"href":"https:\/\/edu-carib.com\/en\/wp-json\/wp\/v2\/comments?post=10560"}],"version-history":[{"count":17,"href":"https:\/\/edu-carib.com\/en\/wp-json\/wp\/v2\/pages\/10560\/revisions"}],"predecessor-version":[{"id":16199,"href":"https:\/\/edu-carib.com\/en\/wp-json\/wp\/v2\/pages\/10560\/revisions\/16199"}],"wp:attachment":[{"href":"https:\/\/edu-carib.com\/en\/wp-json\/wp\/v2\/media?parent=10560"}],"curies":[{"name":"wp","href":"https:\/\/api.w.org\/{rel}","templated":true}]}}