{"id":10754,"date":"2020-07-12T04:21:03","date_gmt":"2020-07-12T02:21:03","guid":{"rendered":"https:\/\/edu-carib.com\/?page_id=10754"},"modified":"2021-02-19T10:27:27","modified_gmt":"2021-02-19T09:27:27","slug":"destinations","status":"publish","type":"page","link":"https:\/\/edu-carib.com\/en\/destinations\/","title":{"rendered":"Destinations"},"content":{"rendered":"<div data-elementor-type=\"wp-post\" data-elementor-id=\"10754\" class=\"elementor elementor-10754\" data-elementor-post-type=\"page\">\n\t\t\t\t\t\t<section class=\"elementor-section elementor-top-section elementor-element elementor-element-d8690c0 elementor-section-stretched elementor-section-height-min-height elementor-section-boxed elementor-section-height-default elementor-section-items-middle\" data-id=\"d8690c0\" data-element_type=\"section\" data-settings=\"{&quot;stretch_section&quot;:&quot;section-stretched&quot;,&quot;background_background&quot;:&quot;classic&quot;}\">\n\t\t\t\t\t\t\t<div class=\"elementor-background-overlay\"><\/div>\n\t\t\t\t\t\t\t<div class=\"elementor-container elementor-column-gap-default\">\n\t\t\t\t\t<div class=\"elementor-column elementor-col-100 elementor-top-column elementor-element elementor-element-c96cb4d\" data-id=\"c96cb4d\" data-element_type=\"column\">\n\t\t\t<div class=\"elementor-widget-wrap elementor-element-populated\">\n\t\t\t\t\t\t<div class=\"elementor-element elementor-element-f0df41c elementor-widget elementor-widget-heading\" data-id=\"f0df41c\" data-element_type=\"widget\" data-widget_type=\"heading.default\">\n\t\t\t\t<div class=\"elementor-widget-container\">\n\t\t\t<h1 class=\"elementor-heading-title elementor-size-default\">Bienvenue dans la Cara\u00efbe<\/h1>\t\t<\/div>\n\t\t\t\t<\/div>\n\t\t\t\t<div class=\"elementor-element elementor-element-d7c2af7 elementor-widget elementor-widget-text-editor\" data-id=\"d7c2af7\" data-element_type=\"widget\" data-widget_type=\"text-editor.default\">\n\t\t\t\t<div class=\"elementor-widget-container\">\n\t\t\t\t\t\t\t<p><span style=\"font-weight: 400;\">Proc\u00e9dures administratives, visa, contacts cl\u00e9s\u2026 des fiches pratiques pour pr\u00e9parer sereinement ta mobilit\u00e9<\/span><\/p>\t\t\t\t\t\t<\/div>\n\t\t\t\t<\/div>\n\t\t\t\t\t<\/div>\n\t\t<\/div>\n\t\t\t\t\t<\/div>\n\t\t<\/section>\n\t\t\t\t<section class=\"elementor-section elementor-top-section elementor-element elementor-element-78a3381 elementor-section-boxed elementor-section-height-default elementor-section-height-default\" data-id=\"78a3381\" data-element_type=\"section\">\n\t\t\t\t\t\t<div class=\"elementor-container elementor-column-gap-default\">\n\t\t\t\t\t\t<\/div>\n\t\t<\/section>\n\t\t\t\t<section class=\"elementor-section elementor-top-section elementor-element elementor-element-9882519 elementor-section-boxed elementor-section-height-default elementor-section-height-default\" data-id=\"9882519\" data-element_type=\"section\" id=\"menu-info\">\n\t\t\t\t\t\t<div class=\"elementor-container elementor-column-gap-default\">\n\t\t\t\t\t<div class=\"elementor-column elementor-col-100 elementor-top-column elementor-element elementor-element-152f3d5\" data-id=\"152f3d5\" data-element_type=\"column\">\n\t\t\t<div class=\"elementor-widget-wrap\">\n\t\t\t\t\t\t\t<\/div>\n\t\t<\/div>\n\t\t\t\t\t<\/div>\n\t\t<\/section>\n\t\t\t\t<\/div>","protected":false},"excerpt":{"rendered":"<p>Bienvenue dans la Cara\u00efbe Proc\u00e9dures administratives, visa, contacts cl\u00e9s\u2026 des fiches pratiques pour pr\u00e9parer sereinement ta mobilit\u00e9 Guadeloupe<\/p>","protected":false},"author":2,"featured_media":0,"parent":0,"menu_order":0,"comment_status":"closed","ping_status":"closed","template":"elementor_header_footer","meta":{"_monsterinsights_skip_tracking":false,"_monsterinsights_sitenote_active":false,"_monsterinsights_sitenote_note":"","_monsterinsights_sitenote_category":0,"footnotes":"","_links_to":"","_links_to_target":""},"yoast_head":"<!-- This site is optimized with the Yoast SEO plugin v22.5 - https:\/\/yoast.com\/wordpress\/plugins\/seo\/ -->\n<title>Destinations - EduCarib.co<\/title>\n<meta name=\"robots\" content=\"index, follow, max-snippet:-1, max-image-preview:large, max-video-preview:-1\" \/>\n<link rel=\"canonical\" href=\"https:\/\/edu-carib.com\/en\/destinations\/\" \/>\n<meta property=\"og:locale\" content=\"en_US\" \/>\n<meta property=\"og:type\" content=\"article\" \/>\n<meta property=\"og:title\" content=\"Destinations - EduCarib.co\" \/>\n<meta property=\"og:description\" content=\"Bienvenue dans la Cara\u00efbe Proc\u00e9dures administratives, visa, contacts cl\u00e9s\u2026 des fiches pratiques pour pr\u00e9parer sereinement ta mobilit\u00e9 Guadeloupe\" \/>\n<meta property=\"og:url\" content=\"https:\/\/edu-carib.com\/en\/destinations\/\" \/>\n<meta property=\"og:site_name\" content=\"EduCarib.co\" \/>\n<meta property=\"article:modified_time\" content=\"2021-02-19T09:27:27+00:00\" \/>\n<meta property=\"og:image\" content=\"https:\/\/educarib.co\/wp-content\/uploads\/2020\/07\/Guadeloupe-territoire-edu-carib-educarib-formation-excellence-caraibe-antilles.png\" \/>\n<meta name=\"twitter:card\" content=\"summary_large_image\" \/>\n<script type=\"application\/ld+json\" class=\"yoast-schema-graph\">{\"@context\":\"https:\/\/schema.org\",\"@graph\":[{\"@type\":\"WebPage\",\"@id\":\"https:\/\/edu-carib.com\/destinations\/\",\"url\":\"https:\/\/edu-carib.com\/destinations\/\",\"name\":\"Destinations - EduCarib.co\",\"isPartOf\":{\"@id\":\"https:\/\/edu-carib.com\/#website\"},\"primaryImageOfPage\":{\"@id\":\"https:\/\/edu-carib.com\/destinations\/#primaryimage\"},\"image\":{\"@id\":\"https:\/\/edu-carib.com\/destinations\/#primaryimage\"},\"thumbnailUrl\":\"https:\/\/educarib.co\/wp-content\/uploads\/2020\/07\/Guadeloupe-territoire-edu-carib-educarib-formation-excellence-caraibe-antilles.png\",\"datePublished\":\"2020-07-12T02:21:03+00:00\",\"dateModified\":\"2021-02-19T09:27:27+00:00\",\"breadcrumb\":{\"@id\":\"https:\/\/edu-carib.com\/destinations\/#breadcrumb\"},\"inLanguage\":\"en-US\",\"potentialAction\":[{\"@type\":\"ReadAction\",\"target\":[\"https:\/\/edu-carib.com\/destinations\/\"]}]},{\"@type\":\"ImageObject\",\"inLanguage\":\"en-US\",\"@id\":\"https:\/\/edu-carib.com\/destinations\/#primaryimage\",\"url\":\"https:\/\/educarib.co\/wp-content\/uploads\/2020\/07\/Guadeloupe-territoire-edu-carib-educarib-formation-excellence-caraibe-antilles.png\",\"contentUrl\":\"https:\/\/educarib.co\/wp-content\/uploads\/2020\/07\/Guadeloupe-territoire-edu-carib-educarib-formation-excellence-caraibe-antilles.png\"},{\"@type\":\"BreadcrumbList\",\"@id\":\"https:\/\/edu-carib.com\/destinations\/#breadcrumb\",\"itemListElement\":[{\"@type\":\"ListItem\",\"position\":1,\"name\":\"Accueil\",\"item\":\"https:\/\/edu-carib.com\/\"},{\"@type\":\"ListItem\",\"position\":2,\"name\":\"Destinations\"}]},{\"@type\":\"WebSite\",\"@id\":\"https:\/\/edu-carib.com\/#website\",\"url\":\"https:\/\/edu-carib.com\/\",\"name\":\"EduCarib.co\",\"description\":\"Le Guide de l\u2019Orientation\",\"potentialAction\":[{\"@type\":\"SearchAction\",\"target\":{\"@type\":\"EntryPoint\",\"urlTemplate\":\"https:\/\/edu-carib.com\/?s={search_term_string}\"},\"query-input\":\"required name=search_term_string\"}],\"inLanguage\":\"en-US\"}]}<\/script>\n<!-- \/ Yoast SEO plugin. -->","yoast_head_json":{"title":"Destinations - EduCarib.co","robots":{"index":"index","follow":"follow","max-snippet":"max-snippet:-1","max-image-preview":"max-image-preview:large","max-video-preview":"max-video-preview:-1"},"canonical":"https:\/\/edu-carib.com\/en\/destinations\/","og_locale":"en_US","og_type":"article","og_title":"Destinations - EduCarib.co","og_description":"Bienvenue dans la Cara\u00efbe Proc\u00e9dures administratives, visa, contacts cl\u00e9s\u2026 des fiches pratiques pour pr\u00e9parer sereinement ta mobilit\u00e9 Guadeloupe","og_url":"https:\/\/edu-carib.com\/en\/destinations\/","og_site_name":"EduCarib.co","article_modified_time":"2021-02-19T09:27:27+00:00","og_image":[{"url":"https:\/\/educarib.co\/wp-content\/uploads\/2020\/07\/Guadeloupe-territoire-edu-carib-educarib-formation-excellence-caraibe-antilles.png"}],"twitter_card":"summary_large_image","schema":{"@context":"https:\/\/schema.org","@graph":[{"@type":"WebPage","@id":"https:\/\/edu-carib.com\/destinations\/","url":"https:\/\/edu-carib.com\/destinations\/","name":"Destinations - EduCarib.co","isPartOf":{"@id":"https:\/\/edu-carib.com\/#website"},"primaryImageOfPage":{"@id":"https:\/\/edu-carib.com\/destinations\/#primaryimage"},"image":{"@id":"https:\/\/edu-carib.com\/destinations\/#primaryimage"},"thumbnailUrl":"https:\/\/educarib.co\/wp-content\/uploads\/2020\/07\/Guadeloupe-territoire-edu-carib-educarib-formation-excellence-caraibe-antilles.png","datePublished":"2020-07-12T02:21:03+00:00","dateModified":"2021-02-19T09:27:27+00:00","breadcrumb":{"@id":"https:\/\/edu-carib.com\/destinations\/#breadcrumb"},"inLanguage":"en-US","potentialAction":[{"@type":"ReadAction","target":["https:\/\/edu-carib.com\/destinations\/"]}]},{"@type":"ImageObject","inLanguage":"en-US","@id":"https:\/\/edu-carib.com\/destinations\/#primaryimage","url":"https:\/\/educarib.co\/wp-content\/uploads\/2020\/07\/Guadeloupe-territoire-edu-carib-educarib-formation-excellence-caraibe-antilles.png","contentUrl":"https:\/\/educarib.co\/wp-content\/uploads\/2020\/07\/Guadeloupe-territoire-edu-carib-educarib-formation-excellence-caraibe-antilles.png"},{"@type":"BreadcrumbList","@id":"https:\/\/edu-carib.com\/destinations\/#breadcrumb","itemListElement":[{"@type":"ListItem","position":1,"name":"Accueil","item":"https:\/\/edu-carib.com\/"},{"@type":"ListItem","position":2,"name":"Destinations"}]},{"@type":"WebSite","@id":"https:\/\/edu-carib.com\/#website","url":"https:\/\/edu-carib.com\/","name":"EduCarib.co","description":"Le Guide de l\u2019Orientation","potentialAction":[{"@type":"SearchAction","target":{"@type":"EntryPoint","urlTemplate":"https:\/\/edu-carib.com\/?s={search_term_string}"},"query-input":"required name=search_term_string"}],"inLanguage":"en-US"}]}},"_links":{"self":[{"href":"https:\/\/edu-carib.com\/en\/wp-json\/wp\/v2\/pages\/10754"}],"collection":[{"href":"https:\/\/edu-carib.com\/en\/wp-json\/wp\/v2\/pages"}],"about":[{"href":"https:\/\/edu-carib.com\/en\/wp-json\/wp\/v2\/types\/page"}],"author":[{"embeddable":true,"href":"https:\/\/edu-carib.com\/en\/wp-json\/wp\/v2\/users\/2"}],"replies":[{"embeddable":true,"href":"https:\/\/edu-carib.com\/en\/wp-json\/wp\/v2\/comments?post=10754"}],"version-history":[{"count":14,"href":"https:\/\/edu-carib.com\/en\/wp-json\/wp\/v2\/pages\/10754\/revisions"}],"predecessor-version":[{"id":14867,"href":"https:\/\/edu-carib.com\/en\/wp-json\/wp\/v2\/pages\/10754\/revisions\/14867"}],"wp:attachment":[{"href":"https:\/\/edu-carib.com\/en\/wp-json\/wp\/v2\/media?parent=10754"}],"curies":[{"name":"wp","href":"https:\/\/api.w.org\/{rel}","templated":true}]}}