{"id":13127,"date":"2021-01-08T03:01:10","date_gmt":"2021-01-08T02:01:10","guid":{"rendered":"https:\/\/edu-carib.com\/?page_id=13127"},"modified":"2021-02-25T23:25:52","modified_gmt":"2021-02-25T22:25:52","slug":"sinformer-vie-etudiante-2","status":"publish","type":"page","link":"https:\/\/edu-carib.com\/en\/sinformer-vie-etudiante-2\/","title":{"rendered":"S&#8217;informer &#8211; Bourses"},"content":{"rendered":"<div data-elementor-type=\"wp-page\" data-elementor-id=\"13127\" class=\"elementor elementor-13127\" data-elementor-post-type=\"page\">\n\t\t\t\t\t\t<section class=\"elementor-section elementor-top-section elementor-element elementor-element-6171ad4 elementor-section-stretched elementor-section-height-min-height elementor-section-boxed elementor-section-height-default elementor-section-items-middle\" data-id=\"6171ad4\" data-element_type=\"section\" data-settings=\"{&quot;stretch_section&quot;:&quot;section-stretched&quot;,&quot;background_background&quot;:&quot;classic&quot;}\">\n\t\t\t\t\t\t\t<div class=\"elementor-background-overlay\"><\/div>\n\t\t\t\t\t\t\t<div class=\"elementor-container elementor-column-gap-default\">\n\t\t\t\t\t<div class=\"elementor-column elementor-col-100 elementor-top-column elementor-element elementor-element-77b1b52\" data-id=\"77b1b52\" data-element_type=\"column\">\n\t\t\t<div class=\"elementor-widget-wrap elementor-element-populated\">\n\t\t\t\t\t\t<div class=\"elementor-element elementor-element-3f7ad6a elementor-widget elementor-widget-heading\" data-id=\"3f7ad6a\" data-element_type=\"widget\" data-widget_type=\"heading.default\">\n\t\t\t\t<div class=\"elementor-widget-container\">\n\t\t\t<h1 class=\"elementor-heading-title elementor-size-default\">Learn the Ropes<\/h1>\t\t<\/div>\n\t\t\t\t<\/div>\n\t\t\t\t<div class=\"elementor-element elementor-element-7fa87e0 elementor-widget elementor-widget-text-editor\" data-id=\"7fa87e0\" data-element_type=\"widget\" data-widget_type=\"text-editor.default\">\n\t\t\t\t<div class=\"elementor-widget-container\">\n\t\t\t\t\t\t\t<p>The schools, universities and careers we choose are the outcomes of the choices we make. Career choices, professional opportunities, values and future goals... nothing can be left to chance. <\/br>\nWe'll tell you everything you need to know so you can thrive in your chosen career path.<\/p>\t\t\t\t\t\t<\/div>\n\t\t\t\t<\/div>\n\t\t\t\t<div class=\"elementor-element elementor-element-613b4ce elementor-widget elementor-widget-menu-anchor\" data-id=\"613b4ce\" data-element_type=\"widget\" data-widget_type=\"menu-anchor.default\">\n\t\t\t\t<div class=\"elementor-widget-container\">\n\t\t\t\t\t<div class=\"elementor-menu-anchor\" id=\"sinformer-posts\"><\/div>\n\t\t\t\t<\/div>\n\t\t\t\t<\/div>\n\t\t\t\t\t<\/div>\n\t\t<\/div>\n\t\t\t\t\t<\/div>\n\t\t<\/section>\n\t\t\t\t<section class=\"elementor-section elementor-top-section elementor-element elementor-element-9cffe1a elementor-section-content-middle elementor-section-boxed elementor-section-height-default elementor-section-height-default\" data-id=\"9cffe1a\" data-element_type=\"section\" data-settings=\"{&quot;background_background&quot;:&quot;classic&quot;}\">\n\t\t\t\t\t\t<div class=\"elementor-container elementor-column-gap-no\">\n\t\t\t\t\t<div class=\"elementor-column elementor-col-12 elementor-top-column elementor-element elementor-element-3223ff0\" data-id=\"3223ff0\" data-element_type=\"column\">\n\t\t\t<div class=\"elementor-widget-wrap elementor-element-populated\">\n\t\t\t\t\t\t<div class=\"elementor-element elementor-element-bcf28a2 elementor-align-center elementor-widget elementor-widget-button\" data-id=\"bcf28a2\" data-element_type=\"widget\" data-widget_type=\"button.default\">\n\t\t\t\t<div class=\"elementor-widget-container\">\n\t\t\t\t\t<div class=\"elementor-button-wrapper\">\n\t\t\t<a class=\"elementor-button elementor-button-link elementor-size-sm\" href=\"https:\/\/educarib.co\/sinformer#sinformer-posts\">\n\t\t\t\t\t\t<span class=\"elementor-button-content-wrapper\">\n\t\t\t\t\t\t\t\t\t<span class=\"elementor-button-text\">Tout<\/span>\n\t\t\t\t\t<\/span>\n\t\t\t\t\t<\/a>\n\t\t<\/div>\n\t\t\t\t<\/div>\n\t\t\t\t<\/div>\n\t\t\t\t\t<\/div>\n\t\t<\/div>\n\t\t\t\t<div class=\"elementor-column elementor-col-12 elementor-top-column elementor-element elementor-element-fe5482e\" data-id=\"fe5482e\" data-element_type=\"column\">\n\t\t\t<div class=\"elementor-widget-wrap elementor-element-populated\">\n\t\t\t\t\t\t<div class=\"elementor-element elementor-element-34b6a0e elementor-align-center elementor-widget elementor-widget-button\" data-id=\"34b6a0e\" data-element_type=\"widget\" data-widget_type=\"button.default\">\n\t\t\t\t<div class=\"elementor-widget-container\">\n\t\t\t\t\t<div class=\"elementor-button-wrapper\">\n\t\t\t<a class=\"elementor-button elementor-button-link elementor-size-sm\" href=\"https:\/\/educarib.co\/sinformer-lycee#sinformer-posts\">\n\t\t\t\t\t\t<span class=\"elementor-button-content-wrapper\">\n\t\t\t\t\t\t\t\t\t<span class=\"elementor-button-text\">Lyc\u00e9e<\/span>\n\t\t\t\t\t<\/span>\n\t\t\t\t\t<\/a>\n\t\t<\/div>\n\t\t\t\t<\/div>\n\t\t\t\t<\/div>\n\t\t\t\t\t<\/div>\n\t\t<\/div>\n\t\t\t\t<div class=\"elementor-column elementor-col-12 elementor-top-column elementor-element elementor-element-bcacf6e\" data-id=\"bcacf6e\" data-element_type=\"column\">\n\t\t\t<div class=\"elementor-widget-wrap elementor-element-populated\">\n\t\t\t\t\t\t<div class=\"elementor-element elementor-element-c870fc8 elementor-align-center elementor-widget elementor-widget-button\" data-id=\"c870fc8\" data-element_type=\"widget\" data-widget_type=\"button.default\">\n\t\t\t\t<div class=\"elementor-widget-container\">\n\t\t\t\t\t<div class=\"elementor-button-wrapper\">\n\t\t\t<a class=\"elementor-button elementor-button-link elementor-size-sm\" href=\"https:\/\/educarib.co\/sinformer-vie-etudiante#sinformer-posts\">\n\t\t\t\t\t\t<span class=\"elementor-button-content-wrapper\">\n\t\t\t\t\t\t\t\t\t<span class=\"elementor-button-text\">Vie \u00e9tudiante<\/span>\n\t\t\t\t\t<\/span>\n\t\t\t\t\t<\/a>\n\t\t<\/div>\n\t\t\t\t<\/div>\n\t\t\t\t<\/div>\n\t\t\t\t\t<\/div>\n\t\t<\/div>\n\t\t\t\t<div class=\"elementor-column elementor-col-12 elementor-top-column elementor-element elementor-element-329d7c8\" data-id=\"329d7c8\" data-element_type=\"column\">\n\t\t\t<div class=\"elementor-widget-wrap elementor-element-populated\">\n\t\t\t\t\t\t<div class=\"elementor-element elementor-element-47b46d7 elementor-align-center elementor-widget elementor-widget-button\" data-id=\"47b46d7\" data-element_type=\"widget\" data-widget_type=\"button.default\">\n\t\t\t\t<div class=\"elementor-widget-container\">\n\t\t\t\t\t<div class=\"elementor-button-wrapper\">\n\t\t\t<a class=\"elementor-button elementor-button-link elementor-size-sm\" href=\"https:\/\/educarib.co\/sinformer-vie-etudiante-2#sinformer-posts\">\n\t\t\t\t\t\t<span class=\"elementor-button-content-wrapper\">\n\t\t\t\t\t\t\t\t\t<span class=\"elementor-button-text\">Bourses<\/span>\n\t\t\t\t\t<\/span>\n\t\t\t\t\t<\/a>\n\t\t<\/div>\n\t\t\t\t<\/div>\n\t\t\t\t<\/div>\n\t\t\t\t\t<\/div>\n\t\t<\/div>\n\t\t\t\t<div class=\"elementor-column elementor-col-12 elementor-top-column elementor-element elementor-element-2a3c26b\" data-id=\"2a3c26b\" data-element_type=\"column\">\n\t\t\t<div class=\"elementor-widget-wrap elementor-element-populated\">\n\t\t\t\t\t\t<div class=\"elementor-element elementor-element-2687269 elementor-align-center elementor-widget elementor-widget-button\" data-id=\"2687269\" data-element_type=\"widget\" data-widget_type=\"button.default\">\n\t\t\t\t<div class=\"elementor-widget-container\">\n\t\t\t\t\t<div class=\"elementor-button-wrapper\">\n\t\t\t<a class=\"elementor-button elementor-button-link elementor-size-sm\" href=\"https:\/\/educarib.co\/sinformer-conseils#sinformer-posts\">\n\t\t\t\t\t\t<span class=\"elementor-button-content-wrapper\">\n\t\t\t\t\t\t\t\t\t<span class=\"elementor-button-text\">Advice<\/span>\n\t\t\t\t\t<\/span>\n\t\t\t\t\t<\/a>\n\t\t<\/div>\n\t\t\t\t<\/div>\n\t\t\t\t<\/div>\n\t\t\t\t\t<\/div>\n\t\t<\/div>\n\t\t\t\t<div class=\"elementor-column elementor-col-12 elementor-top-column elementor-element elementor-element-f1b02bf\" data-id=\"f1b02bf\" data-element_type=\"column\">\n\t\t\t<div class=\"elementor-widget-wrap elementor-element-populated\">\n\t\t\t\t\t\t<div class=\"elementor-element elementor-element-7a96a75 elementor-align-center elementor-widget elementor-widget-button\" data-id=\"7a96a75\" data-element_type=\"widget\" data-widget_type=\"button.default\">\n\t\t\t\t<div class=\"elementor-widget-container\">\n\t\t\t\t\t<div class=\"elementor-button-wrapper\">\n\t\t\t<a class=\"elementor-button elementor-button-link elementor-size-sm\" href=\"https:\/\/educarib.co\/sinformer-etablissements#sinformer-posts\">\n\t\t\t\t\t\t<span class=\"elementor-button-content-wrapper\">\n\t\t\t\t\t\t\t\t\t<span class=\"elementor-button-text\">Destinations<\/span>\n\t\t\t\t\t<\/span>\n\t\t\t\t\t<\/a>\n\t\t<\/div>\n\t\t\t\t<\/div>\n\t\t\t\t<\/div>\n\t\t\t\t\t<\/div>\n\t\t<\/div>\n\t\t\t\t<div class=\"elementor-column elementor-col-12 elementor-top-column elementor-element elementor-element-f10e7af\" data-id=\"f10e7af\" data-element_type=\"column\">\n\t\t\t<div class=\"elementor-widget-wrap\">\n\t\t\t\t\t\t\t<\/div>\n\t\t<\/div>\n\t\t\t\t<div class=\"elementor-column elementor-col-12 elementor-top-column elementor-element elementor-element-ccd1728\" data-id=\"ccd1728\" data-element_type=\"column\">\n\t\t\t<div class=\"elementor-widget-wrap elementor-element-populated\">\n\t\t\t\t\t\t<div class=\"elementor-element elementor-element-0d1ac86 elementor-search-form--skin-minimal elementor-widget elementor-widget-search-form\" data-id=\"0d1ac86\" data-element_type=\"widget\" data-settings=\"{&quot;skin&quot;:&quot;minimal&quot;}\" data-widget_type=\"search-form.default\">\n\t\t\t\t<div class=\"elementor-widget-container\">\n\t\t\t\t\t<search role=\"search\">\n\t\t\t<form class=\"elementor-search-form\" action=\"https:\/\/edu-carib.com\/en\/\" method=\"get\" data-trp-original-action=\"https:\/\/edu-carib.com\/en\/\">\n\t\t\t\t\t\t\t\t\t\t\t\t<div class=\"elementor-search-form__container\">\n\t\t\t\t\t<label class=\"elementor-screen-only\" for=\"elementor-search-form-0d1ac86\">Search<\/label>\n\n\t\t\t\t\t\t\t\t\t\t\t<div class=\"elementor-search-form__icon\">\n\t\t\t\t\t\t\t<i aria-hidden=\"true\" class=\"fas fa-search\"><\/i>\t\t\t\t\t\t\t<span class=\"elementor-screen-only\">Search<\/span>\n\t\t\t\t\t\t<\/div>\n\t\t\t\t\t\n\t\t\t\t\t<input id=\"elementor-search-form-0d1ac86\" placeholder=\"Un sujet en t\u00eate ?\" class=\"elementor-search-form__input\" type=\"search\" name=\"s\" value=\"\">\n\t\t\t\t\t\n\t\t\t\t\t\n\t\t\t\t\t\t\t\t\t<\/div>\n\t\t\t<input type=\"hidden\" name=\"trp-form-language\" value=\"en\"\/><\/form>\n\t\t<\/search>\n\t\t\t\t<\/div>\n\t\t\t\t<\/div>\n\t\t\t\t\t<\/div>\n\t\t<\/div>\n\t\t\t\t\t<\/div>\n\t\t<\/section>\n\t\t\t\t<section class=\"elementor-section elementor-top-section elementor-element elementor-element-a94409a elementor-section-boxed elementor-section-height-default elementor-section-height-default\" data-id=\"a94409a\" data-element_type=\"section\">\n\t\t\t\t\t\t<div class=\"elementor-container elementor-column-gap-default\">\n\t\t\t\t\t<div class=\"elementor-column elementor-col-100 elementor-top-column elementor-element elementor-element-0999275\" data-id=\"0999275\" data-element_type=\"column\">\n\t\t\t<div class=\"elementor-widget-wrap elementor-element-populated\">\n\t\t\t\t\t\t<div class=\"elementor-element elementor-element-6aef5d9 elementor-widget elementor-widget-spacer\" data-id=\"6aef5d9\" data-element_type=\"widget\" data-widget_type=\"spacer.default\">\n\t\t\t\t<div class=\"elementor-widget-container\">\n\t\t\t\t\t<div class=\"elementor-spacer\">\n\t\t\t<div class=\"elementor-spacer-inner\"><\/div>\n\t\t<\/div>\n\t\t\t\t<\/div>\n\t\t\t\t<\/div>\n\t\t\t\t\t<\/div>\n\t\t<\/div>\n\t\t\t\t\t<\/div>\n\t\t<\/section>\n\t\t\t\t<section class=\"elementor-section elementor-top-section elementor-element elementor-element-9e952dd elementor-section-boxed elementor-section-height-default elementor-section-height-default\" data-id=\"9e952dd\" data-element_type=\"section\" data-settings=\"{&quot;background_background&quot;:&quot;classic&quot;}\">\n\t\t\t\t\t\t<div class=\"elementor-container elementor-column-gap-default\">\n\t\t\t\t\t<div class=\"elementor-column elementor-col-50 elementor-top-column elementor-element elementor-element-254688a\" data-id=\"254688a\" data-element_type=\"column\">\n\t\t\t<div class=\"elementor-widget-wrap\">\n\t\t\t\t\t\t\t<\/div>\n\t\t<\/div>\n\t\t\t\t<div class=\"elementor-column elementor-col-50 elementor-top-column elementor-element elementor-element-582967c\" data-id=\"582967c\" data-element_type=\"column\">\n\t\t\t<div class=\"elementor-widget-wrap elementor-element-populated\">\n\t\t\t\t\t\t<div class=\"elementor-element elementor-element-8f9a321 elementor-widget elementor-widget-heading\" data-id=\"8f9a321\" data-element_type=\"widget\" data-widget_type=\"heading.default\">\n\t\t\t\t<div class=\"elementor-widget-container\">\n\t\t\t<h3 class=\"elementor-heading-title elementor-size-default\">Les plus consult\u00e9s<\/h3>\t\t<\/div>\n\t\t\t\t<\/div>\n\t\t\t\t<div class=\"elementor-element elementor-element-4ef1e65 elementor-widget-divider--view-line elementor-widget elementor-widget-divider\" data-id=\"4ef1e65\" data-element_type=\"widget\" data-widget_type=\"divider.default\">\n\t\t\t\t<div class=\"elementor-widget-container\">\n\t\t\t\t\t<div class=\"elementor-divider\">\n\t\t\t<span class=\"elementor-divider-separator\">\n\t\t\t\t\t\t<\/span>\n\t\t<\/div>\n\t\t\t\t<\/div>\n\t\t\t\t<\/div>\n\t\t\t\t<div class=\"elementor-element elementor-element-4c98f51 elementor-widget elementor-widget-wp-widget-wpp\" data-id=\"4c98f51\" data-element_type=\"widget\" id=\"popular-posts-sinformer\" data-widget_type=\"wp-widget-wpp.default\">\n\t\t\t\t<div class=\"elementor-widget-container\">\n\t\t\t\n\n<!-- WordPress Popular Posts v6.4.2 - cached -->\n\n<ul class=\"wpp-list\">\n<li>\n<a href=\"https:\/\/edu-carib.com\/en\/bourse-ctg-les-aides-territoriales-aux-etudiants-ou-ate\/\" class=\"wpp-post-title\" target=\"_self\">Bourse CTG : les Aides Territoriales aux \u00c9tudiants ou ATE<\/a>\n <span class=\"wpp-meta post-stats\"><span class=\"wpp-date\">posted on 26 July 2021<\/span><\/span>\n<\/li>\n<li>\n<a href=\"https:\/\/edu-carib.com\/en\/laide-non-remboursable-pour-les-etudiants-en-martinique\/\" class=\"wpp-post-title\" target=\"_self\">L\u2019aide non remboursable pour les \u00e9tudiants en Martinique<\/a>\n <span class=\"wpp-meta post-stats\"><span class=\"wpp-date\">posted on 26 April 2021<\/span><\/span>\n<\/li>\n<li>\n<a href=\"https:\/\/edu-carib.com\/en\/la-bourse-de-florida-international-university\/\" class=\"wpp-post-title\" target=\"_self\">La bourse de Florida International University<\/a>\n <span class=\"wpp-meta post-stats\"><span class=\"wpp-date\">posted on 7 July 2020<\/span><\/span>\n<\/li>\n<li>\n<a href=\"https:\/\/edu-carib.com\/en\/les-bourses-detudes-sanitaires-et-sociales-dans-la-caraibe\/\" class=\"wpp-post-title\" target=\"_self\">Les bourses d\u2019\u00e9tudes sanitaires et sociales dans la Cara\u00efbe<\/a>\n <span class=\"wpp-meta post-stats\"><span class=\"wpp-date\">posted on 26 April 2021<\/span><\/span>\n<\/li>\n<li>\n<a href=\"https:\/\/edu-carib.com\/en\/les-bourses-de-formation-doctorale-dans-la-caraibe\/\" class=\"wpp-post-title\" target=\"_self\">Les bourses de formation doctorale dans la Cara\u00efbe<\/a>\n <span class=\"wpp-meta post-stats\"><span class=\"wpp-date\">posted on 8 March 2021<\/span><\/span>\n<\/li>\n<\/ul>\n\n\t\t<\/div>\n\t\t\t\t<\/div>\n\t\t\t\t<div class=\"elementor-element elementor-element-de6c284 elementor-widget elementor-widget-html\" data-id=\"de6c284\" data-element_type=\"widget\" data-widget_type=\"html.default\">\n\t\t\t\t<div class=\"elementor-widget-container\">\n\t\t\t<script>\n    \"use strict\";\n    for (let i = 0; i < document.getElementsByClassName('wpp-date').length ; i++) {\n    document.getElementsByClassName('wpp-date')[i].innerHTML = document.getElementsByClassName('wpp-date')[i].innerHTML.replace('posted on ', 'Post\u00e9 le ');\n\n}\n<\/script>\t\t<\/div>\n\t\t\t\t<\/div>\n\t\t\t\t\t<\/div>\n\t\t<\/div>\n\t\t\t\t\t<\/div>\n\t\t<\/section>\n\t\t\t\t<section class=\"elementor-section elementor-top-section elementor-element elementor-element-06e41ee elementor-section-boxed elementor-section-height-default elementor-section-height-default\" data-id=\"06e41ee\" data-element_type=\"section\">\n\t\t\t\t\t\t<div class=\"elementor-container elementor-column-gap-default\">\n\t\t\t\t\t<div class=\"elementor-column elementor-col-100 elementor-top-column elementor-element elementor-element-cb7851c\" data-id=\"cb7851c\" data-element_type=\"column\">\n\t\t\t<div class=\"elementor-widget-wrap elementor-element-populated\">\n\t\t\t\t\t\t<div class=\"elementor-element elementor-element-4ead5f0 elementor-widget elementor-widget-spacer\" data-id=\"4ead5f0\" data-element_type=\"widget\" data-widget_type=\"spacer.default\">\n\t\t\t\t<div class=\"elementor-widget-container\">\n\t\t\t\t\t<div class=\"elementor-spacer\">\n\t\t\t<div class=\"elementor-spacer-inner\"><\/div>\n\t\t<\/div>\n\t\t\t\t<\/div>\n\t\t\t\t<\/div>\n\t\t\t\t\t<\/div>\n\t\t<\/div>\n\t\t\t\t\t<\/div>\n\t\t<\/section>\n\t\t\t\t<\/div>","protected":false},"excerpt":{"rendered":"<p>Articles, Interviews, Ev\u00e8nements De l\u2019actualit\u00e9, des conseils, des informations pratiques afin de vous guider dans votre orientation. Tout Lyc\u00e9e Vie \u00e9tudiante Bourses Conseils Destinations Bourse ELAN\u00a0: une bourse d\u2019aide \u00e0 la mobilit\u00e9 r\u00e9gionale 4 f\u00e9vrier 2021 Poursuis ta formation sup\u00e9rieure ou ton stage \u00e0 l\u2019\u00e9tranger gr\u00e2ce \u00e0 la bourse d\u2019aide \u00e0 la mobilit\u00e9 dans la [&hellip;]<\/p>","protected":false},"author":20,"featured_media":0,"parent":0,"menu_order":0,"comment_status":"closed","ping_status":"closed","template":"","meta":{"_monsterinsights_skip_tracking":false,"_monsterinsights_sitenote_active":false,"_monsterinsights_sitenote_note":"","_monsterinsights_sitenote_category":0,"footnotes":"","_links_to":"","_links_to_target":""},"yoast_head":"<!-- This site is optimized with the Yoast SEO plugin v22.5 - https:\/\/yoast.com\/wordpress\/plugins\/seo\/ -->\n<title>S&#039;informer - Bourses - EduCarib.co<\/title>\n<meta name=\"robots\" content=\"index, follow, max-snippet:-1, max-image-preview:large, max-video-preview:-1\" \/>\n<link rel=\"canonical\" href=\"https:\/\/edu-carib.com\/en\/sinformer-vie-etudiante-2\/\" \/>\n<meta property=\"og:locale\" content=\"en_US\" \/>\n<meta property=\"og:type\" content=\"article\" \/>\n<meta property=\"og:title\" content=\"S&#039;informer - Bourses - EduCarib.co\" \/>\n<meta property=\"og:description\" content=\"Articles, Interviews, Ev\u00e8nements De l\u2019actualit\u00e9, des conseils, des informations pratiques afin de vous guider dans votre orientation. Tout Lyc\u00e9e Vie \u00e9tudiante Bourses Conseils Destinations Bourse ELAN\u00a0: une bourse d\u2019aide \u00e0 la mobilit\u00e9 r\u00e9gionale 4 f\u00e9vrier 2021 Poursuis ta formation sup\u00e9rieure ou ton stage \u00e0 l\u2019\u00e9tranger gr\u00e2ce \u00e0 la bourse d\u2019aide \u00e0 la mobilit\u00e9 dans la [&hellip;]\" \/>\n<meta property=\"og:url\" content=\"https:\/\/edu-carib.com\/en\/sinformer-vie-etudiante-2\/\" \/>\n<meta property=\"og:site_name\" content=\"EduCarib.co\" \/>\n<meta property=\"article:modified_time\" content=\"2021-02-25T22:25:52+00:00\" \/>\n<meta property=\"og:image\" content=\"https:\/\/educarib.co\/wp-content\/uploads\/2021\/02\/Bourse-ELAN-une-bourse-daide-a-la-mobilite-regionale-caraibe-educarib.jpg\" \/>\n<meta name=\"twitter:card\" content=\"summary_large_image\" \/>\n<meta name=\"twitter:label1\" content=\"Est. reading time\" \/>\n\t<meta name=\"twitter:data1\" content=\"1 minute\" \/>\n<script type=\"application\/ld+json\" class=\"yoast-schema-graph\">{\"@context\":\"https:\/\/schema.org\",\"@graph\":[{\"@type\":\"WebPage\",\"@id\":\"https:\/\/edu-carib.com\/sinformer-vie-etudiante-2\/\",\"url\":\"https:\/\/edu-carib.com\/sinformer-vie-etudiante-2\/\",\"name\":\"S'informer - Bourses - EduCarib.co\",\"isPartOf\":{\"@id\":\"https:\/\/edu-carib.com\/#website\"},\"primaryImageOfPage\":{\"@id\":\"https:\/\/edu-carib.com\/sinformer-vie-etudiante-2\/#primaryimage\"},\"image\":{\"@id\":\"https:\/\/edu-carib.com\/sinformer-vie-etudiante-2\/#primaryimage\"},\"thumbnailUrl\":\"https:\/\/educarib.co\/wp-content\/uploads\/2021\/02\/Bourse-ELAN-une-bourse-daide-a-la-mobilite-regionale-caraibe-educarib.jpg\",\"datePublished\":\"2021-01-08T02:01:10+00:00\",\"dateModified\":\"2021-02-25T22:25:52+00:00\",\"breadcrumb\":{\"@id\":\"https:\/\/edu-carib.com\/sinformer-vie-etudiante-2\/#breadcrumb\"},\"inLanguage\":\"en-US\",\"potentialAction\":[{\"@type\":\"ReadAction\",\"target\":[\"https:\/\/edu-carib.com\/sinformer-vie-etudiante-2\/\"]}]},{\"@type\":\"ImageObject\",\"inLanguage\":\"en-US\",\"@id\":\"https:\/\/edu-carib.com\/sinformer-vie-etudiante-2\/#primaryimage\",\"url\":\"https:\/\/educarib.co\/wp-content\/uploads\/2021\/02\/Bourse-ELAN-une-bourse-daide-a-la-mobilite-regionale-caraibe-educarib.jpg\",\"contentUrl\":\"https:\/\/educarib.co\/wp-content\/uploads\/2021\/02\/Bourse-ELAN-une-bourse-daide-a-la-mobilite-regionale-caraibe-educarib.jpg\"},{\"@type\":\"BreadcrumbList\",\"@id\":\"https:\/\/edu-carib.com\/sinformer-vie-etudiante-2\/#breadcrumb\",\"itemListElement\":[{\"@type\":\"ListItem\",\"position\":1,\"name\":\"Accueil\",\"item\":\"https:\/\/edu-carib.com\/\"},{\"@type\":\"ListItem\",\"position\":2,\"name\":\"S&#8217;informer &#8211; Bourses\"}]},{\"@type\":\"WebSite\",\"@id\":\"https:\/\/edu-carib.com\/#website\",\"url\":\"https:\/\/edu-carib.com\/\",\"name\":\"EduCarib.co\",\"description\":\"Le Guide de l\u2019Orientation\",\"potentialAction\":[{\"@type\":\"SearchAction\",\"target\":{\"@type\":\"EntryPoint\",\"urlTemplate\":\"https:\/\/edu-carib.com\/?s={search_term_string}\"},\"query-input\":\"required name=search_term_string\"}],\"inLanguage\":\"en-US\"}]}<\/script>\n<!-- \/ Yoast SEO plugin. -->","yoast_head_json":{"title":"S'informer - Bourses - EduCarib.co","robots":{"index":"index","follow":"follow","max-snippet":"max-snippet:-1","max-image-preview":"max-image-preview:large","max-video-preview":"max-video-preview:-1"},"canonical":"https:\/\/edu-carib.com\/en\/sinformer-vie-etudiante-2\/","og_locale":"en_US","og_type":"article","og_title":"S'informer - Bourses - EduCarib.co","og_description":"Articles, Interviews, Ev\u00e8nements De l\u2019actualit\u00e9, des conseils, des informations pratiques afin de vous guider dans votre orientation. Tout Lyc\u00e9e Vie \u00e9tudiante Bourses Conseils Destinations Bourse ELAN\u00a0: une bourse d\u2019aide \u00e0 la mobilit\u00e9 r\u00e9gionale 4 f\u00e9vrier 2021 Poursuis ta formation sup\u00e9rieure ou ton stage \u00e0 l\u2019\u00e9tranger gr\u00e2ce \u00e0 la bourse d\u2019aide \u00e0 la mobilit\u00e9 dans la [&hellip;]","og_url":"https:\/\/edu-carib.com\/en\/sinformer-vie-etudiante-2\/","og_site_name":"EduCarib.co","article_modified_time":"2021-02-25T22:25:52+00:00","og_image":[{"url":"https:\/\/educarib.co\/wp-content\/uploads\/2021\/02\/Bourse-ELAN-une-bourse-daide-a-la-mobilite-regionale-caraibe-educarib.jpg"}],"twitter_card":"summary_large_image","twitter_misc":{"Est. reading time":"1 minute"},"schema":{"@context":"https:\/\/schema.org","@graph":[{"@type":"WebPage","@id":"https:\/\/edu-carib.com\/sinformer-vie-etudiante-2\/","url":"https:\/\/edu-carib.com\/sinformer-vie-etudiante-2\/","name":"S'informer - Bourses - EduCarib.co","isPartOf":{"@id":"https:\/\/edu-carib.com\/#website"},"primaryImageOfPage":{"@id":"https:\/\/edu-carib.com\/sinformer-vie-etudiante-2\/#primaryimage"},"image":{"@id":"https:\/\/edu-carib.com\/sinformer-vie-etudiante-2\/#primaryimage"},"thumbnailUrl":"https:\/\/educarib.co\/wp-content\/uploads\/2021\/02\/Bourse-ELAN-une-bourse-daide-a-la-mobilite-regionale-caraibe-educarib.jpg","datePublished":"2021-01-08T02:01:10+00:00","dateModified":"2021-02-25T22:25:52+00:00","breadcrumb":{"@id":"https:\/\/edu-carib.com\/sinformer-vie-etudiante-2\/#breadcrumb"},"inLanguage":"en-US","potentialAction":[{"@type":"ReadAction","target":["https:\/\/edu-carib.com\/sinformer-vie-etudiante-2\/"]}]},{"@type":"ImageObject","inLanguage":"en-US","@id":"https:\/\/edu-carib.com\/sinformer-vie-etudiante-2\/#primaryimage","url":"https:\/\/educarib.co\/wp-content\/uploads\/2021\/02\/Bourse-ELAN-une-bourse-daide-a-la-mobilite-regionale-caraibe-educarib.jpg","contentUrl":"https:\/\/educarib.co\/wp-content\/uploads\/2021\/02\/Bourse-ELAN-une-bourse-daide-a-la-mobilite-regionale-caraibe-educarib.jpg"},{"@type":"BreadcrumbList","@id":"https:\/\/edu-carib.com\/sinformer-vie-etudiante-2\/#breadcrumb","itemListElement":[{"@type":"ListItem","position":1,"name":"Accueil","item":"https:\/\/edu-carib.com\/"},{"@type":"ListItem","position":2,"name":"S&#8217;informer &#8211; Bourses"}]},{"@type":"WebSite","@id":"https:\/\/edu-carib.com\/#website","url":"https:\/\/edu-carib.com\/","name":"EduCarib.co","description":"Le Guide de l\u2019Orientation","potentialAction":[{"@type":"SearchAction","target":{"@type":"EntryPoint","urlTemplate":"https:\/\/edu-carib.com\/?s={search_term_string}"},"query-input":"required name=search_term_string"}],"inLanguage":"en-US"}]}},"_links":{"self":[{"href":"https:\/\/edu-carib.com\/en\/wp-json\/wp\/v2\/pages\/13127"}],"collection":[{"href":"https:\/\/edu-carib.com\/en\/wp-json\/wp\/v2\/pages"}],"about":[{"href":"https:\/\/edu-carib.com\/en\/wp-json\/wp\/v2\/types\/page"}],"author":[{"embeddable":true,"href":"https:\/\/edu-carib.com\/en\/wp-json\/wp\/v2\/users\/20"}],"replies":[{"embeddable":true,"href":"https:\/\/edu-carib.com\/en\/wp-json\/wp\/v2\/comments?post=13127"}],"version-history":[{"count":71,"href":"https:\/\/edu-carib.com\/en\/wp-json\/wp\/v2\/pages\/13127\/revisions"}],"predecessor-version":[{"id":14942,"href":"https:\/\/edu-carib.com\/en\/wp-json\/wp\/v2\/pages\/13127\/revisions\/14942"}],"wp:attachment":[{"href":"https:\/\/edu-carib.com\/en\/wp-json\/wp\/v2\/media?parent=13127"}],"curies":[{"name":"wp","href":"https:\/\/api.w.org\/{rel}","templated":true}]}}