{"id":13131,"date":"2021-01-08T03:03:43","date_gmt":"2021-01-08T02:03:43","guid":{"rendered":"https:\/\/edu-carib.com\/?page_id=13131"},"modified":"2021-02-25T23:31:39","modified_gmt":"2021-02-25T22:31:39","slug":"sinformer-conseils","status":"publish","type":"page","link":"https:\/\/edu-carib.com\/en\/sinformer-conseils\/","title":{"rendered":"S&#8217;informer &#8211; Conseils"},"content":{"rendered":"<div data-elementor-type=\"wp-page\" data-elementor-id=\"13131\" class=\"elementor elementor-13131\" data-elementor-post-type=\"page\">\n\t\t\t\t\t\t<section class=\"elementor-section elementor-top-section elementor-element elementor-element-6171ad4 elementor-section-stretched elementor-section-height-min-height elementor-section-boxed elementor-section-height-default elementor-section-items-middle\" data-id=\"6171ad4\" data-element_type=\"section\" data-settings=\"{&quot;stretch_section&quot;:&quot;section-stretched&quot;,&quot;background_background&quot;:&quot;classic&quot;}\">\n\t\t\t\t\t\t\t<div class=\"elementor-background-overlay\"><\/div>\n\t\t\t\t\t\t\t<div class=\"elementor-container elementor-column-gap-default\">\n\t\t\t\t\t<div class=\"elementor-column elementor-col-100 elementor-top-column elementor-element elementor-element-77b1b52\" data-id=\"77b1b52\" data-element_type=\"column\">\n\t\t\t<div class=\"elementor-widget-wrap elementor-element-populated\">\n\t\t\t\t\t\t<div class=\"elementor-element elementor-element-3f7ad6a elementor-widget elementor-widget-heading\" data-id=\"3f7ad6a\" data-element_type=\"widget\" data-widget_type=\"heading.default\">\n\t\t\t\t<div class=\"elementor-widget-container\">\n\t\t\t<h1 class=\"elementor-heading-title elementor-size-default\">Learn the Ropes<\/h1>\t\t<\/div>\n\t\t\t\t<\/div>\n\t\t\t\t<div class=\"elementor-element elementor-element-7fa87e0 elementor-widget elementor-widget-text-editor\" data-id=\"7fa87e0\" data-element_type=\"widget\" data-widget_type=\"text-editor.default\">\n\t\t\t\t<div class=\"elementor-widget-container\">\n\t\t\t\t\t\t\t<p>De l\u2019actualit\u00e9, des conseils, des informations pratiques afin de te guider dans ton orientation.<\/p>\t\t\t\t\t\t<\/div>\n\t\t\t\t<\/div>\n\t\t\t\t<div class=\"elementor-element elementor-element-0fe2b79 elementor-widget elementor-widget-menu-anchor\" data-id=\"0fe2b79\" data-element_type=\"widget\" data-widget_type=\"menu-anchor.default\">\n\t\t\t\t<div class=\"elementor-widget-container\">\n\t\t\t\t\t<div class=\"elementor-menu-anchor\" id=\"sinformer-posts\"><\/div>\n\t\t\t\t<\/div>\n\t\t\t\t<\/div>\n\t\t\t\t\t<\/div>\n\t\t<\/div>\n\t\t\t\t\t<\/div>\n\t\t<\/section>\n\t\t\t\t<section class=\"elementor-section elementor-top-section elementor-element elementor-element-810cac7 elementor-section-content-middle elementor-section-boxed elementor-section-height-default elementor-section-height-default\" data-id=\"810cac7\" data-element_type=\"section\" data-settings=\"{&quot;background_background&quot;:&quot;classic&quot;}\">\n\t\t\t\t\t\t<div class=\"elementor-container elementor-column-gap-no\">\n\t\t\t\t\t<div class=\"elementor-column elementor-col-12 elementor-top-column elementor-element elementor-element-96140fd\" data-id=\"96140fd\" data-element_type=\"column\">\n\t\t\t<div class=\"elementor-widget-wrap elementor-element-populated\">\n\t\t\t\t\t\t<div class=\"elementor-element elementor-element-09d17c3 elementor-align-center elementor-widget elementor-widget-button\" data-id=\"09d17c3\" data-element_type=\"widget\" data-widget_type=\"button.default\">\n\t\t\t\t<div class=\"elementor-widget-container\">\n\t\t\t\t\t<div class=\"elementor-button-wrapper\">\n\t\t\t<a class=\"elementor-button elementor-button-link elementor-size-sm\" href=\"https:\/\/educarib.co\/sinformer#sinformer-posts\">\n\t\t\t\t\t\t<span class=\"elementor-button-content-wrapper\">\n\t\t\t\t\t\t\t\t\t<span class=\"elementor-button-text\">Tout<\/span>\n\t\t\t\t\t<\/span>\n\t\t\t\t\t<\/a>\n\t\t<\/div>\n\t\t\t\t<\/div>\n\t\t\t\t<\/div>\n\t\t\t\t\t<\/div>\n\t\t<\/div>\n\t\t\t\t<div class=\"elementor-column elementor-col-12 elementor-top-column elementor-element elementor-element-2681ff7\" data-id=\"2681ff7\" data-element_type=\"column\">\n\t\t\t<div class=\"elementor-widget-wrap elementor-element-populated\">\n\t\t\t\t\t\t<div class=\"elementor-element elementor-element-d12247f elementor-align-center elementor-widget elementor-widget-button\" data-id=\"d12247f\" data-element_type=\"widget\" data-widget_type=\"button.default\">\n\t\t\t\t<div class=\"elementor-widget-container\">\n\t\t\t\t\t<div class=\"elementor-button-wrapper\">\n\t\t\t<a class=\"elementor-button elementor-button-link elementor-size-sm\" href=\"https:\/\/educarib.co\/sinformer-lycee#sinformer-posts\">\n\t\t\t\t\t\t<span class=\"elementor-button-content-wrapper\">\n\t\t\t\t\t\t\t\t\t<span class=\"elementor-button-text\">Lyc\u00e9e<\/span>\n\t\t\t\t\t<\/span>\n\t\t\t\t\t<\/a>\n\t\t<\/div>\n\t\t\t\t<\/div>\n\t\t\t\t<\/div>\n\t\t\t\t\t<\/div>\n\t\t<\/div>\n\t\t\t\t<div class=\"elementor-column elementor-col-12 elementor-top-column elementor-element elementor-element-72d6810\" data-id=\"72d6810\" data-element_type=\"column\">\n\t\t\t<div class=\"elementor-widget-wrap elementor-element-populated\">\n\t\t\t\t\t\t<div class=\"elementor-element elementor-element-9c9ed27 elementor-align-center elementor-widget elementor-widget-button\" data-id=\"9c9ed27\" data-element_type=\"widget\" data-widget_type=\"button.default\">\n\t\t\t\t<div class=\"elementor-widget-container\">\n\t\t\t\t\t<div class=\"elementor-button-wrapper\">\n\t\t\t<a class=\"elementor-button elementor-button-link elementor-size-sm\" href=\"https:\/\/educarib.co\/sinformer-vie-etudiante#sinformer-posts\">\n\t\t\t\t\t\t<span class=\"elementor-button-content-wrapper\">\n\t\t\t\t\t\t\t\t\t<span class=\"elementor-button-text\">Vie \u00e9tudiante<\/span>\n\t\t\t\t\t<\/span>\n\t\t\t\t\t<\/a>\n\t\t<\/div>\n\t\t\t\t<\/div>\n\t\t\t\t<\/div>\n\t\t\t\t\t<\/div>\n\t\t<\/div>\n\t\t\t\t<div class=\"elementor-column elementor-col-12 elementor-top-column elementor-element elementor-element-94d5a4f\" data-id=\"94d5a4f\" data-element_type=\"column\">\n\t\t\t<div class=\"elementor-widget-wrap elementor-element-populated\">\n\t\t\t\t\t\t<div class=\"elementor-element elementor-element-98d7612 elementor-align-center elementor-widget elementor-widget-button\" data-id=\"98d7612\" data-element_type=\"widget\" data-widget_type=\"button.default\">\n\t\t\t\t<div class=\"elementor-widget-container\">\n\t\t\t\t\t<div class=\"elementor-button-wrapper\">\n\t\t\t<a class=\"elementor-button elementor-button-link elementor-size-sm\" href=\"https:\/\/educarib.co\/sinformer-vie-etudiante-2#sinformer-posts\">\n\t\t\t\t\t\t<span class=\"elementor-button-content-wrapper\">\n\t\t\t\t\t\t\t\t\t<span class=\"elementor-button-text\">Bourses<\/span>\n\t\t\t\t\t<\/span>\n\t\t\t\t\t<\/a>\n\t\t<\/div>\n\t\t\t\t<\/div>\n\t\t\t\t<\/div>\n\t\t\t\t\t<\/div>\n\t\t<\/div>\n\t\t\t\t<div class=\"elementor-column elementor-col-12 elementor-top-column elementor-element elementor-element-196f802\" data-id=\"196f802\" data-element_type=\"column\">\n\t\t\t<div class=\"elementor-widget-wrap elementor-element-populated\">\n\t\t\t\t\t\t<div class=\"elementor-element elementor-element-6f3ff5d elementor-align-center elementor-widget elementor-widget-button\" data-id=\"6f3ff5d\" data-element_type=\"widget\" data-widget_type=\"button.default\">\n\t\t\t\t<div class=\"elementor-widget-container\">\n\t\t\t\t\t<div class=\"elementor-button-wrapper\">\n\t\t\t<a class=\"elementor-button elementor-button-link elementor-size-sm\" href=\"https:\/\/educarib.co\/sinformer-conseils#sinformer-posts\">\n\t\t\t\t\t\t<span class=\"elementor-button-content-wrapper\">\n\t\t\t\t\t\t\t\t\t<span class=\"elementor-button-text\">Advice<\/span>\n\t\t\t\t\t<\/span>\n\t\t\t\t\t<\/a>\n\t\t<\/div>\n\t\t\t\t<\/div>\n\t\t\t\t<\/div>\n\t\t\t\t\t<\/div>\n\t\t<\/div>\n\t\t\t\t<div class=\"elementor-column elementor-col-12 elementor-top-column elementor-element elementor-element-24bd96a\" data-id=\"24bd96a\" data-element_type=\"column\">\n\t\t\t<div class=\"elementor-widget-wrap elementor-element-populated\">\n\t\t\t\t\t\t<div class=\"elementor-element elementor-element-5417d43 elementor-align-center elementor-widget elementor-widget-button\" data-id=\"5417d43\" data-element_type=\"widget\" data-widget_type=\"button.default\">\n\t\t\t\t<div class=\"elementor-widget-container\">\n\t\t\t\t\t<div class=\"elementor-button-wrapper\">\n\t\t\t<a class=\"elementor-button elementor-button-link elementor-size-sm\" href=\"https:\/\/educarib.co\/sinformer-etablissements#sinformer-posts\">\n\t\t\t\t\t\t<span class=\"elementor-button-content-wrapper\">\n\t\t\t\t\t\t\t\t\t<span class=\"elementor-button-text\">Destinations<\/span>\n\t\t\t\t\t<\/span>\n\t\t\t\t\t<\/a>\n\t\t<\/div>\n\t\t\t\t<\/div>\n\t\t\t\t<\/div>\n\t\t\t\t\t<\/div>\n\t\t<\/div>\n\t\t\t\t<div class=\"elementor-column elementor-col-12 elementor-top-column elementor-element elementor-element-7037fc0\" data-id=\"7037fc0\" data-element_type=\"column\">\n\t\t\t<div class=\"elementor-widget-wrap\">\n\t\t\t\t\t\t\t<\/div>\n\t\t<\/div>\n\t\t\t\t<div class=\"elementor-column elementor-col-12 elementor-top-column elementor-element elementor-element-972a9d6\" data-id=\"972a9d6\" data-element_type=\"column\">\n\t\t\t<div class=\"elementor-widget-wrap elementor-element-populated\">\n\t\t\t\t\t\t<div class=\"elementor-element elementor-element-1d0993f elementor-search-form--skin-minimal elementor-widget elementor-widget-search-form\" data-id=\"1d0993f\" data-element_type=\"widget\" data-settings=\"{&quot;skin&quot;:&quot;minimal&quot;}\" data-widget_type=\"search-form.default\">\n\t\t\t\t<div class=\"elementor-widget-container\">\n\t\t\t\t\t<search role=\"search\">\n\t\t\t<form class=\"elementor-search-form\" action=\"https:\/\/edu-carib.com\/en\/\" method=\"get\" data-trp-original-action=\"https:\/\/edu-carib.com\/en\/\">\n\t\t\t\t\t\t\t\t\t\t\t\t<div class=\"elementor-search-form__container\">\n\t\t\t\t\t<label class=\"elementor-screen-only\" for=\"elementor-search-form-1d0993f\">Search<\/label>\n\n\t\t\t\t\t\t\t\t\t\t\t<div class=\"elementor-search-form__icon\">\n\t\t\t\t\t\t\t<i aria-hidden=\"true\" class=\"fas fa-search\"><\/i>\t\t\t\t\t\t\t<span class=\"elementor-screen-only\">Search<\/span>\n\t\t\t\t\t\t<\/div>\n\t\t\t\t\t\n\t\t\t\t\t<input id=\"elementor-search-form-1d0993f\" placeholder=\"Un sujet en t\u00eate ?\" class=\"elementor-search-form__input\" type=\"search\" name=\"s\" value=\"\">\n\t\t\t\t\t\n\t\t\t\t\t\n\t\t\t\t\t\t\t\t\t<\/div>\n\t\t\t<input type=\"hidden\" name=\"trp-form-language\" value=\"en\"\/><\/form>\n\t\t<\/search>\n\t\t\t\t<\/div>\n\t\t\t\t<\/div>\n\t\t\t\t\t<\/div>\n\t\t<\/div>\n\t\t\t\t\t<\/div>\n\t\t<\/section>\n\t\t\t\t<section class=\"elementor-section elementor-top-section elementor-element elementor-element-a94409a elementor-section-boxed elementor-section-height-default elementor-section-height-default\" data-id=\"a94409a\" data-element_type=\"section\">\n\t\t\t\t\t\t<div class=\"elementor-container elementor-column-gap-default\">\n\t\t\t\t\t<div class=\"elementor-column elementor-col-100 elementor-top-column elementor-element elementor-element-0999275\" data-id=\"0999275\" data-element_type=\"column\">\n\t\t\t<div class=\"elementor-widget-wrap elementor-element-populated\">\n\t\t\t\t\t\t<div class=\"elementor-element elementor-element-6aef5d9 elementor-widget elementor-widget-spacer\" data-id=\"6aef5d9\" data-element_type=\"widget\" data-widget_type=\"spacer.default\">\n\t\t\t\t<div class=\"elementor-widget-container\">\n\t\t\t\t\t<div class=\"elementor-spacer\">\n\t\t\t<div class=\"elementor-spacer-inner\"><\/div>\n\t\t<\/div>\n\t\t\t\t<\/div>\n\t\t\t\t<\/div>\n\t\t\t\t\t<\/div>\n\t\t<\/div>\n\t\t\t\t\t<\/div>\n\t\t<\/section>\n\t\t\t\t<section class=\"elementor-section elementor-top-section elementor-element elementor-element-9e952dd elementor-section-boxed elementor-section-height-default elementor-section-height-default\" data-id=\"9e952dd\" data-element_type=\"section\" data-settings=\"{&quot;background_background&quot;:&quot;classic&quot;}\">\n\t\t\t\t\t\t<div class=\"elementor-container elementor-column-gap-default\">\n\t\t\t\t\t<div class=\"elementor-column elementor-col-50 elementor-top-column elementor-element elementor-element-254688a\" data-id=\"254688a\" data-element_type=\"column\">\n\t\t\t<div class=\"elementor-widget-wrap\">\n\t\t\t\t\t\t\t<\/div>\n\t\t<\/div>\n\t\t\t\t<div class=\"elementor-column elementor-col-50 elementor-top-column elementor-element elementor-element-582967c\" data-id=\"582967c\" data-element_type=\"column\">\n\t\t\t<div class=\"elementor-widget-wrap elementor-element-populated\">\n\t\t\t\t\t\t<div class=\"elementor-element elementor-element-8f9a321 elementor-widget elementor-widget-heading\" data-id=\"8f9a321\" data-element_type=\"widget\" data-widget_type=\"heading.default\">\n\t\t\t\t<div class=\"elementor-widget-container\">\n\t\t\t<h3 class=\"elementor-heading-title elementor-size-default\">Les plus consult\u00e9s<\/h3>\t\t<\/div>\n\t\t\t\t<\/div>\n\t\t\t\t<div class=\"elementor-element elementor-element-4ef1e65 elementor-widget-divider--view-line elementor-widget elementor-widget-divider\" data-id=\"4ef1e65\" data-element_type=\"widget\" data-widget_type=\"divider.default\">\n\t\t\t\t<div class=\"elementor-widget-container\">\n\t\t\t\t\t<div class=\"elementor-divider\">\n\t\t\t<span class=\"elementor-divider-separator\">\n\t\t\t\t\t\t<\/span>\n\t\t<\/div>\n\t\t\t\t<\/div>\n\t\t\t\t<\/div>\n\t\t\t\t<div class=\"elementor-element elementor-element-4c98f51 elementor-widget elementor-widget-wp-widget-wpp\" data-id=\"4c98f51\" data-element_type=\"widget\" id=\"popular-posts-sinformer\" data-widget_type=\"wp-widget-wpp.default\">\n\t\t\t\t<div class=\"elementor-widget-container\">\n\t\t\t\n\n<!-- WordPress Popular Posts v6.4.2 - cached -->\n\n<ul class=\"wpp-list\">\n<li>\n<a href=\"https:\/\/edu-carib.com\/en\/arreter-ses-etudes-pour-travailler-bonne-ou-mauvaise-idee\/\" class=\"wpp-post-title\" target=\"_self\">Arr\u00eater ses \u00e9tudes pour travailler : bonne ou mauvaise id\u00e9e ?<\/a>\n <span class=\"wpp-meta post-stats\"><span class=\"wpp-date\">posted on 26 August 2020<\/span><\/span>\n<\/li>\n<li>\n<a href=\"https:\/\/edu-carib.com\/en\/8-conseils-pour-faire-bonne-impression-a-la-rentree\/\" class=\"wpp-post-title\" target=\"_self\">8 conseils pour faire bonne impression \u00e0 la rentr\u00e9e<\/a>\n <span class=\"wpp-meta post-stats\"><span class=\"wpp-date\">posted on 24 October 2019<\/span><\/span>\n<\/li>\n<li>\n<a href=\"https:\/\/edu-carib.com\/en\/comment-se-preparer-avant-un-cours-en-ligne\/\" class=\"wpp-post-title\" target=\"_self\">Comment se pr\u00e9parer avant un cours en ligne ?<\/a>\n <span class=\"wpp-meta post-stats\"><span class=\"wpp-date\">posted on 23 September 2020<\/span><\/span>\n<\/li>\n<li>\n<a href=\"https:\/\/edu-carib.com\/en\/entre-examen-memoire-et-periode-de-stage-comment-bien-sorganiser\/\" class=\"wpp-post-title\" target=\"_self\">Entre examen, m\u00e9moire et p\u00e9riode de stage, comment bien s\u2019organiser ?<\/a>\n <span class=\"wpp-meta post-stats\"><span class=\"wpp-date\">posted on 24 October 2019<\/span><\/span>\n<\/li>\n<li>\n<a href=\"https:\/\/edu-carib.com\/en\/top-5-des-raisons-deffectuer-un-stage-dans-la-caraibe\/\" class=\"wpp-post-title\" target=\"_self\">Top 5 des raisons d\u2019effectuer un stage dans la Cara\u00efbe<\/a>\n <span class=\"wpp-meta post-stats\"><span class=\"wpp-date\">posted on 29 April 2020<\/span><\/span>\n<\/li>\n<\/ul>\n\n\t\t<\/div>\n\t\t\t\t<\/div>\n\t\t\t\t<div class=\"elementor-element elementor-element-6ebfd3b elementor-widget elementor-widget-html\" data-id=\"6ebfd3b\" data-element_type=\"widget\" data-widget_type=\"html.default\">\n\t\t\t\t<div class=\"elementor-widget-container\">\n\t\t\t<script>\n    \"use strict\";\n    for (let i = 0; i < document.getElementsByClassName('wpp-date').length ; i++) {\n    document.getElementsByClassName('wpp-date')[i].innerHTML = document.getElementsByClassName('wpp-date')[i].innerHTML.replace('posted on ', 'Post\u00e9 le ');\n\n}\n<\/script>\t\t<\/div>\n\t\t\t\t<\/div>\n\t\t\t\t\t<\/div>\n\t\t<\/div>\n\t\t\t\t\t<\/div>\n\t\t<\/section>\n\t\t\t\t<section class=\"elementor-section elementor-top-section elementor-element elementor-element-06e41ee elementor-section-boxed elementor-section-height-default elementor-section-height-default\" data-id=\"06e41ee\" data-element_type=\"section\">\n\t\t\t\t\t\t<div class=\"elementor-container elementor-column-gap-default\">\n\t\t\t\t\t<div class=\"elementor-column elementor-col-100 elementor-top-column elementor-element elementor-element-cb7851c\" data-id=\"cb7851c\" data-element_type=\"column\">\n\t\t\t<div class=\"elementor-widget-wrap elementor-element-populated\">\n\t\t\t\t\t\t<div class=\"elementor-element elementor-element-4ead5f0 elementor-widget elementor-widget-spacer\" data-id=\"4ead5f0\" data-element_type=\"widget\" data-widget_type=\"spacer.default\">\n\t\t\t\t<div class=\"elementor-widget-container\">\n\t\t\t\t\t<div class=\"elementor-spacer\">\n\t\t\t<div class=\"elementor-spacer-inner\"><\/div>\n\t\t<\/div>\n\t\t\t\t<\/div>\n\t\t\t\t<\/div>\n\t\t\t\t\t<\/div>\n\t\t<\/div>\n\t\t\t\t\t<\/div>\n\t\t<\/section>\n\t\t\t\t<\/div>","protected":false},"excerpt":{"rendered":"<p>Articles, Interviews, Ev\u00e8nements De l\u2019actualit\u00e9, des conseils, des informations pratiques afin de te guider dans ton orientation. Tout Lyc\u00e9e Vie \u00e9tudiante Bourses Conseils Destinations Comment se pr\u00e9parer avant un cours en ligne ? 23 septembre 2020 D\u00e9couvre d\u00e8s maintenant 5 astuces efficaces qui t\u2019aideront \u00e0 te pr\u00e9parer avant d\u2019assister \u00e0 un cours en ligne ! [&hellip;]<\/p>","protected":false},"author":20,"featured_media":0,"parent":0,"menu_order":0,"comment_status":"closed","ping_status":"closed","template":"","meta":{"_monsterinsights_skip_tracking":false,"_monsterinsights_sitenote_active":false,"_monsterinsights_sitenote_note":"","_monsterinsights_sitenote_category":0,"footnotes":"","_links_to":"","_links_to_target":""},"yoast_head":"<!-- This site is optimized with the Yoast SEO plugin v22.5 - https:\/\/yoast.com\/wordpress\/plugins\/seo\/ -->\n<title>S&#039;informer - Conseils - EduCarib.co<\/title>\n<meta name=\"robots\" content=\"index, follow, max-snippet:-1, max-image-preview:large, max-video-preview:-1\" \/>\n<link rel=\"canonical\" href=\"https:\/\/edu-carib.com\/en\/sinformer-conseils\/\" \/>\n<meta property=\"og:locale\" content=\"en_US\" \/>\n<meta property=\"og:type\" content=\"article\" \/>\n<meta property=\"og:title\" content=\"S&#039;informer - Conseils - EduCarib.co\" \/>\n<meta property=\"og:description\" content=\"Articles, Interviews, Ev\u00e8nements De l\u2019actualit\u00e9, des conseils, des informations pratiques afin de te guider dans ton orientation. Tout Lyc\u00e9e Vie \u00e9tudiante Bourses Conseils Destinations Comment se pr\u00e9parer avant un cours en ligne ? 23 septembre 2020 D\u00e9couvre d\u00e8s maintenant 5 astuces efficaces qui t\u2019aideront \u00e0 te pr\u00e9parer avant d\u2019assister \u00e0 un cours en ligne ! [&hellip;]\" \/>\n<meta property=\"og:url\" content=\"https:\/\/edu-carib.com\/en\/sinformer-conseils\/\" \/>\n<meta property=\"og:site_name\" content=\"EduCarib.co\" \/>\n<meta property=\"article:modified_time\" content=\"2021-02-25T22:31:39+00:00\" \/>\n<meta property=\"og:image\" content=\"https:\/\/educarib.co\/wp-content\/uploads\/2020\/09\/Comment-se-preparer-avant-un-cours-en-ligne-educarib-formation-caraibe-2.jpeg\" \/>\n<meta name=\"twitter:card\" content=\"summary_large_image\" \/>\n<meta name=\"twitter:label1\" content=\"Est. reading time\" \/>\n\t<meta name=\"twitter:data1\" content=\"1 minute\" \/>\n<script type=\"application\/ld+json\" class=\"yoast-schema-graph\">{\"@context\":\"https:\/\/schema.org\",\"@graph\":[{\"@type\":\"WebPage\",\"@id\":\"https:\/\/edu-carib.com\/sinformer-conseils\/\",\"url\":\"https:\/\/edu-carib.com\/sinformer-conseils\/\",\"name\":\"S'informer - Conseils - EduCarib.co\",\"isPartOf\":{\"@id\":\"https:\/\/edu-carib.com\/#website\"},\"primaryImageOfPage\":{\"@id\":\"https:\/\/edu-carib.com\/sinformer-conseils\/#primaryimage\"},\"image\":{\"@id\":\"https:\/\/edu-carib.com\/sinformer-conseils\/#primaryimage\"},\"thumbnailUrl\":\"https:\/\/educarib.co\/wp-content\/uploads\/2020\/09\/Comment-se-preparer-avant-un-cours-en-ligne-educarib-formation-caraibe-2.jpeg\",\"datePublished\":\"2021-01-08T02:03:43+00:00\",\"dateModified\":\"2021-02-25T22:31:39+00:00\",\"breadcrumb\":{\"@id\":\"https:\/\/edu-carib.com\/sinformer-conseils\/#breadcrumb\"},\"inLanguage\":\"en-US\",\"potentialAction\":[{\"@type\":\"ReadAction\",\"target\":[\"https:\/\/edu-carib.com\/sinformer-conseils\/\"]}]},{\"@type\":\"ImageObject\",\"inLanguage\":\"en-US\",\"@id\":\"https:\/\/edu-carib.com\/sinformer-conseils\/#primaryimage\",\"url\":\"https:\/\/educarib.co\/wp-content\/uploads\/2020\/09\/Comment-se-preparer-avant-un-cours-en-ligne-educarib-formation-caraibe-2.jpeg\",\"contentUrl\":\"https:\/\/educarib.co\/wp-content\/uploads\/2020\/09\/Comment-se-preparer-avant-un-cours-en-ligne-educarib-formation-caraibe-2.jpeg\"},{\"@type\":\"BreadcrumbList\",\"@id\":\"https:\/\/edu-carib.com\/sinformer-conseils\/#breadcrumb\",\"itemListElement\":[{\"@type\":\"ListItem\",\"position\":1,\"name\":\"Accueil\",\"item\":\"https:\/\/edu-carib.com\/\"},{\"@type\":\"ListItem\",\"position\":2,\"name\":\"S&#8217;informer &#8211; Conseils\"}]},{\"@type\":\"WebSite\",\"@id\":\"https:\/\/edu-carib.com\/#website\",\"url\":\"https:\/\/edu-carib.com\/\",\"name\":\"EduCarib.co\",\"description\":\"Le Guide de l\u2019Orientation\",\"potentialAction\":[{\"@type\":\"SearchAction\",\"target\":{\"@type\":\"EntryPoint\",\"urlTemplate\":\"https:\/\/edu-carib.com\/?s={search_term_string}\"},\"query-input\":\"required name=search_term_string\"}],\"inLanguage\":\"en-US\"}]}<\/script>\n<!-- \/ Yoast SEO plugin. -->","yoast_head_json":{"title":"S'informer - Conseils - EduCarib.co","robots":{"index":"index","follow":"follow","max-snippet":"max-snippet:-1","max-image-preview":"max-image-preview:large","max-video-preview":"max-video-preview:-1"},"canonical":"https:\/\/edu-carib.com\/en\/sinformer-conseils\/","og_locale":"en_US","og_type":"article","og_title":"S'informer - Conseils - EduCarib.co","og_description":"Articles, Interviews, Ev\u00e8nements De l\u2019actualit\u00e9, des conseils, des informations pratiques afin de te guider dans ton orientation. Tout Lyc\u00e9e Vie \u00e9tudiante Bourses Conseils Destinations Comment se pr\u00e9parer avant un cours en ligne ? 23 septembre 2020 D\u00e9couvre d\u00e8s maintenant 5 astuces efficaces qui t\u2019aideront \u00e0 te pr\u00e9parer avant d\u2019assister \u00e0 un cours en ligne ! [&hellip;]","og_url":"https:\/\/edu-carib.com\/en\/sinformer-conseils\/","og_site_name":"EduCarib.co","article_modified_time":"2021-02-25T22:31:39+00:00","og_image":[{"url":"https:\/\/educarib.co\/wp-content\/uploads\/2020\/09\/Comment-se-preparer-avant-un-cours-en-ligne-educarib-formation-caraibe-2.jpeg"}],"twitter_card":"summary_large_image","twitter_misc":{"Est. reading time":"1 minute"},"schema":{"@context":"https:\/\/schema.org","@graph":[{"@type":"WebPage","@id":"https:\/\/edu-carib.com\/sinformer-conseils\/","url":"https:\/\/edu-carib.com\/sinformer-conseils\/","name":"S'informer - Conseils - EduCarib.co","isPartOf":{"@id":"https:\/\/edu-carib.com\/#website"},"primaryImageOfPage":{"@id":"https:\/\/edu-carib.com\/sinformer-conseils\/#primaryimage"},"image":{"@id":"https:\/\/edu-carib.com\/sinformer-conseils\/#primaryimage"},"thumbnailUrl":"https:\/\/educarib.co\/wp-content\/uploads\/2020\/09\/Comment-se-preparer-avant-un-cours-en-ligne-educarib-formation-caraibe-2.jpeg","datePublished":"2021-01-08T02:03:43+00:00","dateModified":"2021-02-25T22:31:39+00:00","breadcrumb":{"@id":"https:\/\/edu-carib.com\/sinformer-conseils\/#breadcrumb"},"inLanguage":"en-US","potentialAction":[{"@type":"ReadAction","target":["https:\/\/edu-carib.com\/sinformer-conseils\/"]}]},{"@type":"ImageObject","inLanguage":"en-US","@id":"https:\/\/edu-carib.com\/sinformer-conseils\/#primaryimage","url":"https:\/\/educarib.co\/wp-content\/uploads\/2020\/09\/Comment-se-preparer-avant-un-cours-en-ligne-educarib-formation-caraibe-2.jpeg","contentUrl":"https:\/\/educarib.co\/wp-content\/uploads\/2020\/09\/Comment-se-preparer-avant-un-cours-en-ligne-educarib-formation-caraibe-2.jpeg"},{"@type":"BreadcrumbList","@id":"https:\/\/edu-carib.com\/sinformer-conseils\/#breadcrumb","itemListElement":[{"@type":"ListItem","position":1,"name":"Accueil","item":"https:\/\/edu-carib.com\/"},{"@type":"ListItem","position":2,"name":"S&#8217;informer &#8211; Conseils"}]},{"@type":"WebSite","@id":"https:\/\/edu-carib.com\/#website","url":"https:\/\/edu-carib.com\/","name":"EduCarib.co","description":"Le Guide de l\u2019Orientation","potentialAction":[{"@type":"SearchAction","target":{"@type":"EntryPoint","urlTemplate":"https:\/\/edu-carib.com\/?s={search_term_string}"},"query-input":"required name=search_term_string"}],"inLanguage":"en-US"}]}},"_links":{"self":[{"href":"https:\/\/edu-carib.com\/en\/wp-json\/wp\/v2\/pages\/13131"}],"collection":[{"href":"https:\/\/edu-carib.com\/en\/wp-json\/wp\/v2\/pages"}],"about":[{"href":"https:\/\/edu-carib.com\/en\/wp-json\/wp\/v2\/types\/page"}],"author":[{"embeddable":true,"href":"https:\/\/edu-carib.com\/en\/wp-json\/wp\/v2\/users\/20"}],"replies":[{"embeddable":true,"href":"https:\/\/edu-carib.com\/en\/wp-json\/wp\/v2\/comments?post=13131"}],"version-history":[{"count":65,"href":"https:\/\/edu-carib.com\/en\/wp-json\/wp\/v2\/pages\/13131\/revisions"}],"predecessor-version":[{"id":14945,"href":"https:\/\/edu-carib.com\/en\/wp-json\/wp\/v2\/pages\/13131\/revisions\/14945"}],"wp:attachment":[{"href":"https:\/\/edu-carib.com\/en\/wp-json\/wp\/v2\/media?parent=13131"}],"curies":[{"name":"wp","href":"https:\/\/api.w.org\/{rel}","templated":true}]}}