{"id":5758,"date":"2021-01-07T21:33:46","date_gmt":"2021-01-07T20:33:46","guid":{"rendered":"http:\/\/edu-carib.com\/?page_id=5758"},"modified":"2021-02-19T11:20:10","modified_gmt":"2021-02-19T10:20:10","slug":"sinformer","status":"publish","type":"page","link":"https:\/\/edu-carib.com\/en\/sinformer\/","title":{"rendered":"S&#8217;informer"},"content":{"rendered":"<div data-elementor-type=\"wp-page\" data-elementor-id=\"5758\" class=\"elementor elementor-5758\" data-elementor-post-type=\"page\">\n\t\t\t\t\t\t<section class=\"elementor-section elementor-top-section elementor-element elementor-element-6171ad4 elementor-section-stretched elementor-section-height-min-height elementor-section-boxed elementor-section-height-default elementor-section-items-middle\" data-id=\"6171ad4\" data-element_type=\"section\" data-settings=\"{&quot;stretch_section&quot;:&quot;section-stretched&quot;,&quot;background_background&quot;:&quot;classic&quot;}\">\n\t\t\t\t\t\t\t<div class=\"elementor-background-overlay\"><\/div>\n\t\t\t\t\t\t\t<div class=\"elementor-container elementor-column-gap-default\">\n\t\t\t\t\t<div class=\"elementor-column elementor-col-100 elementor-top-column elementor-element elementor-element-77b1b52\" data-id=\"77b1b52\" data-element_type=\"column\">\n\t\t\t<div class=\"elementor-widget-wrap elementor-element-populated\">\n\t\t\t\t\t\t<div class=\"elementor-element elementor-element-3f7ad6a elementor-widget elementor-widget-heading\" data-id=\"3f7ad6a\" data-element_type=\"widget\" data-widget_type=\"heading.default\">\n\t\t\t\t<div class=\"elementor-widget-container\">\n\t\t\t<h1 class=\"elementor-heading-title elementor-size-default\">Learn the Ropes<\/h1>\t\t<\/div>\n\t\t\t\t<\/div>\n\t\t\t\t<div class=\"elementor-element elementor-element-7fa87e0 elementor-widget elementor-widget-text-editor\" data-id=\"7fa87e0\" data-element_type=\"widget\" data-widget_type=\"text-editor.default\">\n\t\t\t\t<div class=\"elementor-widget-container\">\n\t\t\t\t\t\t\t<p>De l\u2019actualit\u00e9, des conseils, des informations pratiques afin de te guider dans ton orientation.<\/p>\t\t\t\t\t\t<\/div>\n\t\t\t\t<\/div>\n\t\t\t\t\t<\/div>\n\t\t<\/div>\n\t\t\t\t\t<\/div>\n\t\t<\/section>\n\t\t\t\t<section class=\"elementor-section elementor-top-section elementor-element elementor-element-787ac4f elementor-section-content-middle elementor-section-boxed elementor-section-height-default elementor-section-height-default\" data-id=\"787ac4f\" data-element_type=\"section\" data-settings=\"{&quot;background_background&quot;:&quot;classic&quot;}\">\n\t\t\t\t\t\t<div class=\"elementor-container elementor-column-gap-no\">\n\t\t\t\t\t<div class=\"elementor-column elementor-col-12 elementor-top-column elementor-element elementor-element-6748fec\" data-id=\"6748fec\" data-element_type=\"column\">\n\t\t\t<div class=\"elementor-widget-wrap elementor-element-populated\">\n\t\t\t\t\t\t<div class=\"elementor-element elementor-element-6d7416e elementor-align-center elementor-widget elementor-widget-button\" data-id=\"6d7416e\" data-element_type=\"widget\" data-widget_type=\"button.default\">\n\t\t\t\t<div class=\"elementor-widget-container\">\n\t\t\t\t\t<div class=\"elementor-button-wrapper\">\n\t\t\t<a class=\"elementor-button elementor-button-link elementor-size-sm\" href=\"https:\/\/educarib.co\/sinformer#sinformer-posts\">\n\t\t\t\t\t\t<span class=\"elementor-button-content-wrapper\">\n\t\t\t\t\t\t\t\t\t<span class=\"elementor-button-text\">Tout<\/span>\n\t\t\t\t\t<\/span>\n\t\t\t\t\t<\/a>\n\t\t<\/div>\n\t\t\t\t<\/div>\n\t\t\t\t<\/div>\n\t\t\t\t\t<\/div>\n\t\t<\/div>\n\t\t\t\t<div class=\"elementor-column elementor-col-12 elementor-top-column elementor-element elementor-element-d5e1fbb\" data-id=\"d5e1fbb\" data-element_type=\"column\">\n\t\t\t<div class=\"elementor-widget-wrap elementor-element-populated\">\n\t\t\t\t\t\t<div class=\"elementor-element elementor-element-e67fb2b elementor-align-center elementor-widget elementor-widget-button\" data-id=\"e67fb2b\" data-element_type=\"widget\" data-widget_type=\"button.default\">\n\t\t\t\t<div class=\"elementor-widget-container\">\n\t\t\t\t\t<div class=\"elementor-button-wrapper\">\n\t\t\t<a class=\"elementor-button elementor-button-link elementor-size-sm\" href=\"https:\/\/educarib.co\/sinformer-lycee#sinformer-posts\">\n\t\t\t\t\t\t<span class=\"elementor-button-content-wrapper\">\n\t\t\t\t\t\t\t\t\t<span class=\"elementor-button-text\">Lyc\u00e9e<\/span>\n\t\t\t\t\t<\/span>\n\t\t\t\t\t<\/a>\n\t\t<\/div>\n\t\t\t\t<\/div>\n\t\t\t\t<\/div>\n\t\t\t\t\t<\/div>\n\t\t<\/div>\n\t\t\t\t<div class=\"elementor-column elementor-col-12 elementor-top-column elementor-element elementor-element-785d4e9\" data-id=\"785d4e9\" data-element_type=\"column\">\n\t\t\t<div class=\"elementor-widget-wrap elementor-element-populated\">\n\t\t\t\t\t\t<div class=\"elementor-element elementor-element-bb454e4 elementor-align-center elementor-widget elementor-widget-button\" data-id=\"bb454e4\" data-element_type=\"widget\" data-widget_type=\"button.default\">\n\t\t\t\t<div class=\"elementor-widget-container\">\n\t\t\t\t\t<div class=\"elementor-button-wrapper\">\n\t\t\t<a class=\"elementor-button elementor-button-link elementor-size-sm\" href=\"https:\/\/educarib.co\/sinformer-vie-etudiante#sinformer-posts\">\n\t\t\t\t\t\t<span class=\"elementor-button-content-wrapper\">\n\t\t\t\t\t\t\t\t\t<span class=\"elementor-button-text\">Vie \u00e9tudiante<\/span>\n\t\t\t\t\t<\/span>\n\t\t\t\t\t<\/a>\n\t\t<\/div>\n\t\t\t\t<\/div>\n\t\t\t\t<\/div>\n\t\t\t\t\t<\/div>\n\t\t<\/div>\n\t\t\t\t<div class=\"elementor-column elementor-col-12 elementor-top-column elementor-element elementor-element-eb23b45\" data-id=\"eb23b45\" data-element_type=\"column\">\n\t\t\t<div class=\"elementor-widget-wrap elementor-element-populated\">\n\t\t\t\t\t\t<div class=\"elementor-element elementor-element-5fdd881 elementor-align-center elementor-widget elementor-widget-button\" data-id=\"5fdd881\" data-element_type=\"widget\" data-widget_type=\"button.default\">\n\t\t\t\t<div class=\"elementor-widget-container\">\n\t\t\t\t\t<div class=\"elementor-button-wrapper\">\n\t\t\t<a class=\"elementor-button elementor-button-link elementor-size-sm\" href=\"https:\/\/educarib.co\/sinformer-vie-etudiante-2#sinformer-posts\">\n\t\t\t\t\t\t<span class=\"elementor-button-content-wrapper\">\n\t\t\t\t\t\t\t\t\t<span class=\"elementor-button-text\">Bourses<\/span>\n\t\t\t\t\t<\/span>\n\t\t\t\t\t<\/a>\n\t\t<\/div>\n\t\t\t\t<\/div>\n\t\t\t\t<\/div>\n\t\t\t\t\t<\/div>\n\t\t<\/div>\n\t\t\t\t<div class=\"elementor-column elementor-col-12 elementor-top-column elementor-element elementor-element-4f9e11f\" data-id=\"4f9e11f\" data-element_type=\"column\">\n\t\t\t<div class=\"elementor-widget-wrap elementor-element-populated\">\n\t\t\t\t\t\t<div class=\"elementor-element elementor-element-7f7008d elementor-align-center elementor-widget elementor-widget-button\" data-id=\"7f7008d\" data-element_type=\"widget\" data-widget_type=\"button.default\">\n\t\t\t\t<div class=\"elementor-widget-container\">\n\t\t\t\t\t<div class=\"elementor-button-wrapper\">\n\t\t\t<a class=\"elementor-button elementor-button-link elementor-size-sm\" href=\"https:\/\/educarib.co\/sinformer-conseils#sinformer-posts\">\n\t\t\t\t\t\t<span class=\"elementor-button-content-wrapper\">\n\t\t\t\t\t\t\t\t\t<span class=\"elementor-button-text\">Advice<\/span>\n\t\t\t\t\t<\/span>\n\t\t\t\t\t<\/a>\n\t\t<\/div>\n\t\t\t\t<\/div>\n\t\t\t\t<\/div>\n\t\t\t\t\t<\/div>\n\t\t<\/div>\n\t\t\t\t<div class=\"elementor-column elementor-col-12 elementor-top-column elementor-element elementor-element-7827fe9\" data-id=\"7827fe9\" data-element_type=\"column\">\n\t\t\t<div class=\"elementor-widget-wrap elementor-element-populated\">\n\t\t\t\t\t\t<div class=\"elementor-element elementor-element-39bf927 elementor-align-center elementor-widget elementor-widget-button\" data-id=\"39bf927\" data-element_type=\"widget\" data-widget_type=\"button.default\">\n\t\t\t\t<div class=\"elementor-widget-container\">\n\t\t\t\t\t<div class=\"elementor-button-wrapper\">\n\t\t\t<a class=\"elementor-button elementor-button-link elementor-size-sm\" href=\"https:\/\/educarib.co\/sinformer-etablissements#sinformer-posts\">\n\t\t\t\t\t\t<span class=\"elementor-button-content-wrapper\">\n\t\t\t\t\t\t\t\t\t<span class=\"elementor-button-text\">Destinations<\/span>\n\t\t\t\t\t<\/span>\n\t\t\t\t\t<\/a>\n\t\t<\/div>\n\t\t\t\t<\/div>\n\t\t\t\t<\/div>\n\t\t\t\t\t<\/div>\n\t\t<\/div>\n\t\t\t\t<div class=\"elementor-column elementor-col-12 elementor-top-column elementor-element elementor-element-9b07adb\" data-id=\"9b07adb\" data-element_type=\"column\">\n\t\t\t<div class=\"elementor-widget-wrap\">\n\t\t\t\t\t\t\t<\/div>\n\t\t<\/div>\n\t\t\t\t<div class=\"elementor-column elementor-col-12 elementor-top-column elementor-element elementor-element-6da1b19\" data-id=\"6da1b19\" data-element_type=\"column\">\n\t\t\t<div class=\"elementor-widget-wrap elementor-element-populated\">\n\t\t\t\t\t\t<div class=\"elementor-element elementor-element-6f95373 elementor-search-form--skin-minimal elementor-widget elementor-widget-search-form\" data-id=\"6f95373\" data-element_type=\"widget\" data-settings=\"{&quot;skin&quot;:&quot;minimal&quot;}\" data-widget_type=\"search-form.default\">\n\t\t\t\t<div class=\"elementor-widget-container\">\n\t\t\t\t\t<search role=\"search\">\n\t\t\t<form class=\"elementor-search-form\" action=\"https:\/\/edu-carib.com\/en\/\" method=\"get\" data-trp-original-action=\"https:\/\/edu-carib.com\/en\/\">\n\t\t\t\t\t\t\t\t\t\t\t\t<div class=\"elementor-search-form__container\">\n\t\t\t\t\t<label class=\"elementor-screen-only\" for=\"elementor-search-form-6f95373\">Search<\/label>\n\n\t\t\t\t\t\t\t\t\t\t\t<div class=\"elementor-search-form__icon\">\n\t\t\t\t\t\t\t<i aria-hidden=\"true\" class=\"fas fa-search\"><\/i>\t\t\t\t\t\t\t<span class=\"elementor-screen-only\">Search<\/span>\n\t\t\t\t\t\t<\/div>\n\t\t\t\t\t\n\t\t\t\t\t<input id=\"elementor-search-form-6f95373\" placeholder=\"Un sujet en t\u00eate ?\" class=\"elementor-search-form__input\" type=\"search\" name=\"s\" value=\"\">\n\t\t\t\t\t\n\t\t\t\t\t\n\t\t\t\t\t\t\t\t\t<\/div>\n\t\t\t<input type=\"hidden\" name=\"trp-form-language\" value=\"en\"\/><\/form>\n\t\t<\/search>\n\t\t\t\t<\/div>\n\t\t\t\t<\/div>\n\t\t\t\t\t<\/div>\n\t\t<\/div>\n\t\t\t\t\t<\/div>\n\t\t<\/section>\n\t\t\t\t<section class=\"elementor-section elementor-top-section elementor-element elementor-element-a94409a elementor-section-boxed elementor-section-height-default elementor-section-height-default\" data-id=\"a94409a\" data-element_type=\"section\">\n\t\t\t\t\t\t<div class=\"elementor-container elementor-column-gap-default\">\n\t\t\t\t\t<div class=\"elementor-column elementor-col-100 elementor-top-column elementor-element elementor-element-0999275\" data-id=\"0999275\" data-element_type=\"column\">\n\t\t\t<div class=\"elementor-widget-wrap elementor-element-populated\">\n\t\t\t\t\t\t<div class=\"elementor-element elementor-element-6aef5d9 elementor-widget elementor-widget-spacer\" data-id=\"6aef5d9\" data-element_type=\"widget\" data-widget_type=\"spacer.default\">\n\t\t\t\t<div class=\"elementor-widget-container\">\n\t\t\t\t\t<div class=\"elementor-spacer\">\n\t\t\t<div class=\"elementor-spacer-inner\"><\/div>\n\t\t<\/div>\n\t\t\t\t<\/div>\n\t\t\t\t<\/div>\n\t\t\t\t\t<\/div>\n\t\t<\/div>\n\t\t\t\t\t<\/div>\n\t\t<\/section>\n\t\t\t\t<section class=\"elementor-section elementor-top-section elementor-element elementor-element-9e952dd elementor-section-boxed elementor-section-height-default elementor-section-height-default\" data-id=\"9e952dd\" data-element_type=\"section\" data-settings=\"{&quot;background_background&quot;:&quot;classic&quot;}\">\n\t\t\t\t\t\t<div class=\"elementor-container elementor-column-gap-default\">\n\t\t\t\t\t<div class=\"elementor-column elementor-col-50 elementor-top-column elementor-element elementor-element-254688a\" data-id=\"254688a\" data-element_type=\"column\">\n\t\t\t<div class=\"elementor-widget-wrap\">\n\t\t\t\t\t\t\t<\/div>\n\t\t<\/div>\n\t\t\t\t<div class=\"elementor-column elementor-col-50 elementor-top-column elementor-element elementor-element-582967c\" data-id=\"582967c\" data-element_type=\"column\">\n\t\t\t<div class=\"elementor-widget-wrap elementor-element-populated\">\n\t\t\t\t\t\t<div class=\"elementor-element elementor-element-8f9a321 elementor-widget elementor-widget-heading\" data-id=\"8f9a321\" data-element_type=\"widget\" data-widget_type=\"heading.default\">\n\t\t\t\t<div class=\"elementor-widget-container\">\n\t\t\t<h3 class=\"elementor-heading-title elementor-size-default\">Les plus consult\u00e9s<\/h3>\t\t<\/div>\n\t\t\t\t<\/div>\n\t\t\t\t<div class=\"elementor-element elementor-element-4ef1e65 elementor-widget-divider--view-line elementor-widget elementor-widget-divider\" data-id=\"4ef1e65\" data-element_type=\"widget\" data-widget_type=\"divider.default\">\n\t\t\t\t<div class=\"elementor-widget-container\">\n\t\t\t\t\t<div class=\"elementor-divider\">\n\t\t\t<span class=\"elementor-divider-separator\">\n\t\t\t\t\t\t<\/span>\n\t\t<\/div>\n\t\t\t\t<\/div>\n\t\t\t\t<\/div>\n\t\t\t\t<div class=\"elementor-element elementor-element-4c98f51 elementor-widget elementor-widget-wp-widget-wpp\" data-id=\"4c98f51\" data-element_type=\"widget\" id=\"popular-posts-sinformer\" data-widget_type=\"wp-widget-wpp.default\">\n\t\t\t\t<div class=\"elementor-widget-container\">\n\t\t\t\n\n<!-- WordPress Popular Posts v6.4.2 - cached -->\n\n<ul class=\"wpp-list\">\n<li>\n<a href=\"https:\/\/edu-carib.com\/en\/bourse-ctg-les-aides-territoriales-aux-etudiants-ou-ate\/\" class=\"wpp-post-title\" target=\"_self\">Bourse CTG : les Aides Territoriales aux \u00c9tudiants ou ATE<\/a>\n <span class=\"wpp-meta post-stats\"><span class=\"wpp-date\">posted on 26 July 2021<\/span><\/span>\n<\/li>\n<li>\n<a href=\"https:\/\/edu-carib.com\/en\/3-possibilites-pour-realiser-tes-etudes-de-medecine-dans-la-caraibe%ef%bf%bc\/\" class=\"wpp-post-title\" target=\"_self\">3 possibilit\u00e9s pour r\u00e9aliser tes \u00e9tudes\u00a0 de m\u00e9decine dans la Cara\u00efbe\ufffc<\/a>\n <span class=\"wpp-meta post-stats\"><span class=\"wpp-date\">posted on 3 November 2022<\/span><\/span>\n<\/li>\n<li>\n<a href=\"https:\/\/edu-carib.com\/en\/arreter-ses-etudes-pour-travailler-bonne-ou-mauvaise-idee\/\" class=\"wpp-post-title\" target=\"_self\">Arr\u00eater ses \u00e9tudes pour travailler : bonne ou mauvaise id\u00e9e ?<\/a>\n <span class=\"wpp-meta post-stats\"><span class=\"wpp-date\">posted on 26 August 2020<\/span><\/span>\n<\/li>\n<li>\n<a href=\"https:\/\/edu-carib.com\/en\/etudier-a-letranger-pensez-a-la-caraibe\/\" class=\"wpp-post-title\" target=\"_self\">\u00c9tudier \u00e0 l\u2019\u00e9tranger : pensez \u00e0 la Cara\u00efbe !<\/a>\n <span class=\"wpp-meta post-stats\"><span class=\"wpp-date\">posted on 2 November 2023<\/span><\/span>\n<\/li>\n<li>\n<a href=\"https:\/\/edu-carib.com\/en\/tout-ce-que-vous-devez-savoir-sur-le-pass-aux-antilles-guyane\/\" class=\"wpp-post-title\" target=\"_self\">Tout ce que vous devez savoir sur le PASS aux Antilles-Guyane<\/a>\n <span class=\"wpp-meta post-stats\"><span class=\"wpp-date\">posted on 27 October 2022<\/span><\/span>\n<\/li>\n<\/ul>\n\n\t\t<\/div>\n\t\t\t\t<\/div>\n\t\t\t\t<div class=\"elementor-element elementor-element-a874cf2 elementor-widget elementor-widget-html\" data-id=\"a874cf2\" data-element_type=\"widget\" data-widget_type=\"html.default\">\n\t\t\t\t<div class=\"elementor-widget-container\">\n\t\t\t<script>\n    \"use strict\";\n    for (let i = 0; i < document.getElementsByClassName('wpp-date').length ; i++) {\n    document.getElementsByClassName('wpp-date')[i].innerHTML = document.getElementsByClassName('wpp-date')[i].innerHTML.replace('posted on ', 'Post\u00e9 le ');\n\n}\n<\/script>\t\t<\/div>\n\t\t\t\t<\/div>\n\t\t\t\t\t<\/div>\n\t\t<\/div>\n\t\t\t\t\t<\/div>\n\t\t<\/section>\n\t\t\t\t<section class=\"elementor-section elementor-top-section elementor-element elementor-element-06e41ee elementor-section-boxed elementor-section-height-default elementor-section-height-default\" data-id=\"06e41ee\" data-element_type=\"section\">\n\t\t\t\t\t\t<div class=\"elementor-container elementor-column-gap-default\">\n\t\t\t\t\t<div class=\"elementor-column elementor-col-100 elementor-top-column elementor-element elementor-element-cb7851c\" data-id=\"cb7851c\" data-element_type=\"column\">\n\t\t\t<div class=\"elementor-widget-wrap elementor-element-populated\">\n\t\t\t\t\t\t<div class=\"elementor-element elementor-element-4ead5f0 elementor-widget elementor-widget-spacer\" data-id=\"4ead5f0\" data-element_type=\"widget\" data-widget_type=\"spacer.default\">\n\t\t\t\t<div class=\"elementor-widget-container\">\n\t\t\t\t\t<div class=\"elementor-spacer\">\n\t\t\t<div class=\"elementor-spacer-inner\"><\/div>\n\t\t<\/div>\n\t\t\t\t<\/div>\n\t\t\t\t<\/div>\n\t\t\t\t\t<\/div>\n\t\t<\/div>\n\t\t\t\t\t<\/div>\n\t\t<\/section>\n\t\t\t\t<\/div>","protected":false},"excerpt":{"rendered":"<p>Articles, Interviews, Ev\u00e8nements De l\u2019actualit\u00e9, des conseils, des informations pratiques afin de te guider dans ton orientation. Tout Lyc\u00e9e Vie \u00e9tudiante Bourses Conseils Destinations Comment booster ton dossier scolaire et anticiper l\u2019apr\u00e8s-bac ? 5 astuces 4 janvier 2021 \u00ab&nbsp;Les \u00e9tudes sup\u00e9rieures, \u00e7a se pr\u00e9pare d\u00e8s le lyc\u00e9e&nbsp;!&nbsp;\u00bb. \u00ab Faites en sorte d\u2019avoir un bon dossier&nbsp;!&nbsp;\u00bb. [&hellip;]<\/p>","protected":false},"author":2,"featured_media":0,"parent":0,"menu_order":0,"comment_status":"closed","ping_status":"closed","template":"","meta":{"_monsterinsights_skip_tracking":false,"_monsterinsights_sitenote_active":false,"_monsterinsights_sitenote_note":"","_monsterinsights_sitenote_category":0,"footnotes":"","_links_to":"","_links_to_target":""},"yoast_head":"<!-- This site is optimized with the Yoast SEO plugin v22.5 - https:\/\/yoast.com\/wordpress\/plugins\/seo\/ -->\n<title>S&#039;informer - EduCarib.co<\/title>\n<meta name=\"robots\" content=\"index, follow, max-snippet:-1, max-image-preview:large, max-video-preview:-1\" \/>\n<link rel=\"canonical\" href=\"https:\/\/edu-carib.com\/en\/sinformer\/\" \/>\n<meta property=\"og:locale\" content=\"en_US\" \/>\n<meta property=\"og:type\" content=\"article\" \/>\n<meta property=\"og:title\" content=\"S&#039;informer - EduCarib.co\" \/>\n<meta property=\"og:description\" content=\"Articles, Interviews, Ev\u00e8nements De l\u2019actualit\u00e9, des conseils, des informations pratiques afin de te guider dans ton orientation. Tout Lyc\u00e9e Vie \u00e9tudiante Bourses Conseils Destinations Comment booster ton dossier scolaire et anticiper l\u2019apr\u00e8s-bac ? 5 astuces 4 janvier 2021 \u00ab&nbsp;Les \u00e9tudes sup\u00e9rieures, \u00e7a se pr\u00e9pare d\u00e8s le lyc\u00e9e&nbsp;!&nbsp;\u00bb. \u00ab Faites en sorte d\u2019avoir un bon dossier&nbsp;!&nbsp;\u00bb. [&hellip;]\" \/>\n<meta property=\"og:url\" content=\"https:\/\/edu-carib.com\/en\/sinformer\/\" \/>\n<meta property=\"og:site_name\" content=\"EduCarib.co\" \/>\n<meta property=\"article:modified_time\" content=\"2021-02-19T10:20:10+00:00\" \/>\n<meta property=\"og:image\" content=\"https:\/\/educarib.co\/wp-content\/uploads\/2020\/12\/pexels-cottonbro-6209369-scaled.jpg\" \/>\n<meta name=\"twitter:card\" content=\"summary_large_image\" \/>\n<meta name=\"twitter:label1\" content=\"Est. reading time\" \/>\n\t<meta name=\"twitter:data1\" content=\"2 minutes\" \/>\n<script type=\"application\/ld+json\" class=\"yoast-schema-graph\">{\"@context\":\"https:\/\/schema.org\",\"@graph\":[{\"@type\":\"WebPage\",\"@id\":\"https:\/\/edu-carib.com\/sinformer\/\",\"url\":\"https:\/\/edu-carib.com\/sinformer\/\",\"name\":\"S'informer - EduCarib.co\",\"isPartOf\":{\"@id\":\"https:\/\/edu-carib.com\/#website\"},\"primaryImageOfPage\":{\"@id\":\"https:\/\/edu-carib.com\/sinformer\/#primaryimage\"},\"image\":{\"@id\":\"https:\/\/edu-carib.com\/sinformer\/#primaryimage\"},\"thumbnailUrl\":\"https:\/\/educarib.co\/wp-content\/uploads\/2020\/12\/pexels-cottonbro-6209369-scaled.jpg\",\"datePublished\":\"2021-01-07T20:33:46+00:00\",\"dateModified\":\"2021-02-19T10:20:10+00:00\",\"breadcrumb\":{\"@id\":\"https:\/\/edu-carib.com\/sinformer\/#breadcrumb\"},\"inLanguage\":\"en-US\",\"potentialAction\":[{\"@type\":\"ReadAction\",\"target\":[\"https:\/\/edu-carib.com\/sinformer\/\"]}]},{\"@type\":\"ImageObject\",\"inLanguage\":\"en-US\",\"@id\":\"https:\/\/edu-carib.com\/sinformer\/#primaryimage\",\"url\":\"https:\/\/educarib.co\/wp-content\/uploads\/2020\/12\/pexels-cottonbro-6209369-scaled.jpg\",\"contentUrl\":\"https:\/\/educarib.co\/wp-content\/uploads\/2020\/12\/pexels-cottonbro-6209369-scaled.jpg\"},{\"@type\":\"BreadcrumbList\",\"@id\":\"https:\/\/edu-carib.com\/sinformer\/#breadcrumb\",\"itemListElement\":[{\"@type\":\"ListItem\",\"position\":1,\"name\":\"Accueil\",\"item\":\"https:\/\/edu-carib.com\/\"},{\"@type\":\"ListItem\",\"position\":2,\"name\":\"S&#8217;informer\"}]},{\"@type\":\"WebSite\",\"@id\":\"https:\/\/edu-carib.com\/#website\",\"url\":\"https:\/\/edu-carib.com\/\",\"name\":\"EduCarib.co\",\"description\":\"Le Guide de l\u2019Orientation\",\"potentialAction\":[{\"@type\":\"SearchAction\",\"target\":{\"@type\":\"EntryPoint\",\"urlTemplate\":\"https:\/\/edu-carib.com\/?s={search_term_string}\"},\"query-input\":\"required name=search_term_string\"}],\"inLanguage\":\"en-US\"}]}<\/script>\n<!-- \/ Yoast SEO plugin. -->","yoast_head_json":{"title":"S'informer - EduCarib.co","robots":{"index":"index","follow":"follow","max-snippet":"max-snippet:-1","max-image-preview":"max-image-preview:large","max-video-preview":"max-video-preview:-1"},"canonical":"https:\/\/edu-carib.com\/en\/sinformer\/","og_locale":"en_US","og_type":"article","og_title":"S'informer - EduCarib.co","og_description":"Articles, Interviews, Ev\u00e8nements De l\u2019actualit\u00e9, des conseils, des informations pratiques afin de te guider dans ton orientation. Tout Lyc\u00e9e Vie \u00e9tudiante Bourses Conseils Destinations Comment booster ton dossier scolaire et anticiper l\u2019apr\u00e8s-bac ? 5 astuces 4 janvier 2021 \u00ab&nbsp;Les \u00e9tudes sup\u00e9rieures, \u00e7a se pr\u00e9pare d\u00e8s le lyc\u00e9e&nbsp;!&nbsp;\u00bb. \u00ab Faites en sorte d\u2019avoir un bon dossier&nbsp;!&nbsp;\u00bb. [&hellip;]","og_url":"https:\/\/edu-carib.com\/en\/sinformer\/","og_site_name":"EduCarib.co","article_modified_time":"2021-02-19T10:20:10+00:00","og_image":[{"url":"https:\/\/educarib.co\/wp-content\/uploads\/2020\/12\/pexels-cottonbro-6209369-scaled.jpg"}],"twitter_card":"summary_large_image","twitter_misc":{"Est. reading time":"2 minutes"},"schema":{"@context":"https:\/\/schema.org","@graph":[{"@type":"WebPage","@id":"https:\/\/edu-carib.com\/sinformer\/","url":"https:\/\/edu-carib.com\/sinformer\/","name":"S'informer - EduCarib.co","isPartOf":{"@id":"https:\/\/edu-carib.com\/#website"},"primaryImageOfPage":{"@id":"https:\/\/edu-carib.com\/sinformer\/#primaryimage"},"image":{"@id":"https:\/\/edu-carib.com\/sinformer\/#primaryimage"},"thumbnailUrl":"https:\/\/educarib.co\/wp-content\/uploads\/2020\/12\/pexels-cottonbro-6209369-scaled.jpg","datePublished":"2021-01-07T20:33:46+00:00","dateModified":"2021-02-19T10:20:10+00:00","breadcrumb":{"@id":"https:\/\/edu-carib.com\/sinformer\/#breadcrumb"},"inLanguage":"en-US","potentialAction":[{"@type":"ReadAction","target":["https:\/\/edu-carib.com\/sinformer\/"]}]},{"@type":"ImageObject","inLanguage":"en-US","@id":"https:\/\/edu-carib.com\/sinformer\/#primaryimage","url":"https:\/\/educarib.co\/wp-content\/uploads\/2020\/12\/pexels-cottonbro-6209369-scaled.jpg","contentUrl":"https:\/\/educarib.co\/wp-content\/uploads\/2020\/12\/pexels-cottonbro-6209369-scaled.jpg"},{"@type":"BreadcrumbList","@id":"https:\/\/edu-carib.com\/sinformer\/#breadcrumb","itemListElement":[{"@type":"ListItem","position":1,"name":"Accueil","item":"https:\/\/edu-carib.com\/"},{"@type":"ListItem","position":2,"name":"S&#8217;informer"}]},{"@type":"WebSite","@id":"https:\/\/edu-carib.com\/#website","url":"https:\/\/edu-carib.com\/","name":"EduCarib.co","description":"Le Guide de l\u2019Orientation","potentialAction":[{"@type":"SearchAction","target":{"@type":"EntryPoint","urlTemplate":"https:\/\/edu-carib.com\/?s={search_term_string}"},"query-input":"required name=search_term_string"}],"inLanguage":"en-US"}]}},"_links":{"self":[{"href":"https:\/\/edu-carib.com\/en\/wp-json\/wp\/v2\/pages\/5758"}],"collection":[{"href":"https:\/\/edu-carib.com\/en\/wp-json\/wp\/v2\/pages"}],"about":[{"href":"https:\/\/edu-carib.com\/en\/wp-json\/wp\/v2\/types\/page"}],"author":[{"embeddable":true,"href":"https:\/\/edu-carib.com\/en\/wp-json\/wp\/v2\/users\/2"}],"replies":[{"embeddable":true,"href":"https:\/\/edu-carib.com\/en\/wp-json\/wp\/v2\/comments?post=5758"}],"version-history":[{"count":133,"href":"https:\/\/edu-carib.com\/en\/wp-json\/wp\/v2\/pages\/5758\/revisions"}],"predecessor-version":[{"id":14895,"href":"https:\/\/edu-carib.com\/en\/wp-json\/wp\/v2\/pages\/5758\/revisions\/14895"}],"wp:attachment":[{"href":"https:\/\/edu-carib.com\/en\/wp-json\/wp\/v2\/media?parent=5758"}],"curies":[{"name":"wp","href":"https:\/\/api.w.org\/{rel}","templated":true}]}}