{"id":5759,"date":"2020-07-13T01:26:23","date_gmt":"2020-07-12T23:26:23","guid":{"rendered":"http:\/\/edu-carib.com\/?page_id=5759"},"modified":"2022-08-13T03:04:38","modified_gmt":"2022-08-13T01:04:38","slug":"metier","status":"publish","type":"page","link":"https:\/\/edu-carib.com\/en\/metier\/","title":{"rendered":"M\u00e9tier"},"content":{"rendered":"<div data-elementor-type=\"wp-post\" data-elementor-id=\"5759\" class=\"elementor elementor-5759\" data-elementor-post-type=\"page\">\n\t\t\t\t\t\t<section class=\"elementor-section elementor-top-section elementor-element elementor-element-90f4d4a elementor-section-stretched elementor-section-height-min-height elementor-section-boxed elementor-section-height-default elementor-section-items-middle\" data-id=\"90f4d4a\" data-element_type=\"section\" data-settings=\"{&quot;stretch_section&quot;:&quot;section-stretched&quot;,&quot;background_background&quot;:&quot;classic&quot;}\">\n\t\t\t\t\t\t\t<div class=\"elementor-background-overlay\"><\/div>\n\t\t\t\t\t\t\t<div class=\"elementor-container elementor-column-gap-default\">\n\t\t\t\t\t<div class=\"elementor-column elementor-col-100 elementor-top-column elementor-element elementor-element-169cc3a\" data-id=\"169cc3a\" data-element_type=\"column\">\n\t\t\t<div class=\"elementor-widget-wrap elementor-element-populated\">\n\t\t\t\t\t\t<div class=\"elementor-element elementor-element-73565d7 elementor-widget elementor-widget-heading\" data-id=\"73565d7\" data-element_type=\"widget\" data-widget_type=\"heading.default\">\n\t\t\t\t<div class=\"elementor-widget-container\">\n\t\t\t<h1 class=\"elementor-heading-title elementor-size-default\">Les M\u00e9tiers et Fili\u00e8res d'Avenir<\/h1>\t\t<\/div>\n\t\t\t\t<\/div>\n\t\t\t\t<div class=\"elementor-element elementor-element-0dff31a elementor-widget elementor-widget-heading\" data-id=\"0dff31a\" data-element_type=\"widget\" data-widget_type=\"heading.default\">\n\t\t\t\t<div class=\"elementor-widget-container\">\n\t\t\t<p class=\"elementor-heading-title elementor-size-default\">Des id\u00e9es et comment y acc\u00e9der<\/p>\t\t<\/div>\n\t\t\t\t<\/div>\n\t\t\t\t\t<\/div>\n\t\t<\/div>\n\t\t\t\t\t<\/div>\n\t\t<\/section>\n\t\t\t\t<section class=\"elementor-section elementor-top-section elementor-element elementor-element-31d3a0a elementor-section-boxed elementor-section-height-default elementor-section-height-default\" data-id=\"31d3a0a\" data-element_type=\"section\">\n\t\t\t\t\t\t<div class=\"elementor-container elementor-column-gap-default\">\n\t\t\t\t\t<div class=\"elementor-column elementor-col-100 elementor-top-column elementor-element elementor-element-c29cc52\" data-id=\"c29cc52\" data-element_type=\"column\">\n\t\t\t<div class=\"elementor-widget-wrap\">\n\t\t\t\t\t\t\t<\/div>\n\t\t<\/div>\n\t\t\t\t\t<\/div>\n\t\t<\/section>\n\t\t\t\t<\/div>","protected":false},"excerpt":{"rendered":"<p>Les M\u00e9tiers et Fili\u00e8res d&#8217;Avenir Des id\u00e9es et comment y acc\u00e9der Tous Admin, RH &amp; Juridique Arts, Culture &amp; Patrimoine Beaut\u00e9 Business &amp; Management Finance IT &amp; Digital Sciences, Ing\u00e9nierie &amp; R&amp;D Sant\u00e9\/M\u00e9dical Tourisme Edit Ing\u00e9nieure Chimiste Product Manager Experte SEO Avocate en droit des affaires Chef de projet digital Coach en marketing digital 1 [&hellip;]<\/p>","protected":false},"author":2,"featured_media":0,"parent":0,"menu_order":0,"comment_status":"closed","ping_status":"closed","template":"elementor_header_footer","meta":{"_monsterinsights_skip_tracking":false,"_monsterinsights_sitenote_active":false,"_monsterinsights_sitenote_note":"","_monsterinsights_sitenote_category":0,"footnotes":"","_links_to":"","_links_to_target":""},"yoast_head":"<!-- This site is optimized with the Yoast SEO plugin v22.5 - https:\/\/yoast.com\/wordpress\/plugins\/seo\/ -->\n<title>M\u00e9tier - EduCarib.co<\/title>\n<meta name=\"robots\" content=\"index, follow, max-snippet:-1, max-image-preview:large, max-video-preview:-1\" \/>\n<link rel=\"canonical\" href=\"https:\/\/edu-carib.com\/en\/metier\/\" \/>\n<meta property=\"og:locale\" content=\"en_US\" \/>\n<meta property=\"og:type\" content=\"article\" \/>\n<meta property=\"og:title\" content=\"M\u00e9tier - EduCarib.co\" \/>\n<meta property=\"og:description\" content=\"Les M\u00e9tiers et Fili\u00e8res d&#8217;Avenir Des id\u00e9es et comment y acc\u00e9der Tous Admin, RH &amp; Juridique Arts, Culture &amp; Patrimoine Beaut\u00e9 Business &amp; Management Finance IT &amp; Digital Sciences, Ing\u00e9nierie &amp; R&amp;D Sant\u00e9\/M\u00e9dical Tourisme Edit Ing\u00e9nieure Chimiste Product Manager Experte SEO Avocate en droit des affaires Chef de projet digital Coach en marketing digital 1 [&hellip;]\" \/>\n<meta property=\"og:url\" content=\"https:\/\/edu-carib.com\/en\/metier\/\" \/>\n<meta property=\"og:site_name\" content=\"EduCarib.co\" \/>\n<meta property=\"article:modified_time\" content=\"2022-08-13T01:04:38+00:00\" \/>\n<meta property=\"og:image\" content=\"https:\/\/educarib.co\/wp-content\/uploads\/2022\/08\/emynjohellong-educarib-emy-njoh-ellong-metier-ingenieur-chimiste-dorcteur-biochimie-pharmacologie.png\" \/>\n<meta name=\"twitter:card\" content=\"summary_large_image\" \/>\n<meta name=\"twitter:label1\" content=\"Est. reading time\" \/>\n\t<meta name=\"twitter:data1\" content=\"1 minute\" \/>\n<script type=\"application\/ld+json\" class=\"yoast-schema-graph\">{\"@context\":\"https:\/\/schema.org\",\"@graph\":[{\"@type\":\"WebPage\",\"@id\":\"https:\/\/edu-carib.com\/metier\/\",\"url\":\"https:\/\/edu-carib.com\/metier\/\",\"name\":\"M\u00e9tier - EduCarib.co\",\"isPartOf\":{\"@id\":\"https:\/\/edu-carib.com\/#website\"},\"primaryImageOfPage\":{\"@id\":\"https:\/\/edu-carib.com\/metier\/#primaryimage\"},\"image\":{\"@id\":\"https:\/\/edu-carib.com\/metier\/#primaryimage\"},\"thumbnailUrl\":\"https:\/\/educarib.co\/wp-content\/uploads\/2022\/08\/emynjohellong-educarib-emy-njoh-ellong-metier-ingenieur-chimiste-dorcteur-biochimie-pharmacologie.png\",\"datePublished\":\"2020-07-12T23:26:23+00:00\",\"dateModified\":\"2022-08-13T01:04:38+00:00\",\"breadcrumb\":{\"@id\":\"https:\/\/edu-carib.com\/metier\/#breadcrumb\"},\"inLanguage\":\"en-US\",\"potentialAction\":[{\"@type\":\"ReadAction\",\"target\":[\"https:\/\/edu-carib.com\/metier\/\"]}]},{\"@type\":\"ImageObject\",\"inLanguage\":\"en-US\",\"@id\":\"https:\/\/edu-carib.com\/metier\/#primaryimage\",\"url\":\"https:\/\/educarib.co\/wp-content\/uploads\/2022\/08\/emynjohellong-educarib-emy-njoh-ellong-metier-ingenieur-chimiste-dorcteur-biochimie-pharmacologie.png\",\"contentUrl\":\"https:\/\/educarib.co\/wp-content\/uploads\/2022\/08\/emynjohellong-educarib-emy-njoh-ellong-metier-ingenieur-chimiste-dorcteur-biochimie-pharmacologie.png\"},{\"@type\":\"BreadcrumbList\",\"@id\":\"https:\/\/edu-carib.com\/metier\/#breadcrumb\",\"itemListElement\":[{\"@type\":\"ListItem\",\"position\":1,\"name\":\"Accueil\",\"item\":\"https:\/\/edu-carib.com\/\"},{\"@type\":\"ListItem\",\"position\":2,\"name\":\"M\u00e9tier\"}]},{\"@type\":\"WebSite\",\"@id\":\"https:\/\/edu-carib.com\/#website\",\"url\":\"https:\/\/edu-carib.com\/\",\"name\":\"EduCarib.co\",\"description\":\"Le Guide de l\u2019Orientation\",\"potentialAction\":[{\"@type\":\"SearchAction\",\"target\":{\"@type\":\"EntryPoint\",\"urlTemplate\":\"https:\/\/edu-carib.com\/?s={search_term_string}\"},\"query-input\":\"required name=search_term_string\"}],\"inLanguage\":\"en-US\"}]}<\/script>\n<!-- \/ Yoast SEO plugin. -->","yoast_head_json":{"title":"M\u00e9tier - EduCarib.co","robots":{"index":"index","follow":"follow","max-snippet":"max-snippet:-1","max-image-preview":"max-image-preview:large","max-video-preview":"max-video-preview:-1"},"canonical":"https:\/\/edu-carib.com\/en\/metier\/","og_locale":"en_US","og_type":"article","og_title":"M\u00e9tier - EduCarib.co","og_description":"Les M\u00e9tiers et Fili\u00e8res d&#8217;Avenir Des id\u00e9es et comment y acc\u00e9der Tous Admin, RH &amp; Juridique Arts, Culture &amp; Patrimoine Beaut\u00e9 Business &amp; Management Finance IT &amp; Digital Sciences, Ing\u00e9nierie &amp; R&amp;D Sant\u00e9\/M\u00e9dical Tourisme Edit Ing\u00e9nieure Chimiste Product Manager Experte SEO Avocate en droit des affaires Chef de projet digital Coach en marketing digital 1 [&hellip;]","og_url":"https:\/\/edu-carib.com\/en\/metier\/","og_site_name":"EduCarib.co","article_modified_time":"2022-08-13T01:04:38+00:00","og_image":[{"url":"https:\/\/educarib.co\/wp-content\/uploads\/2022\/08\/emynjohellong-educarib-emy-njoh-ellong-metier-ingenieur-chimiste-dorcteur-biochimie-pharmacologie.png"}],"twitter_card":"summary_large_image","twitter_misc":{"Est. reading time":"1 minute"},"schema":{"@context":"https:\/\/schema.org","@graph":[{"@type":"WebPage","@id":"https:\/\/edu-carib.com\/metier\/","url":"https:\/\/edu-carib.com\/metier\/","name":"M\u00e9tier - EduCarib.co","isPartOf":{"@id":"https:\/\/edu-carib.com\/#website"},"primaryImageOfPage":{"@id":"https:\/\/edu-carib.com\/metier\/#primaryimage"},"image":{"@id":"https:\/\/edu-carib.com\/metier\/#primaryimage"},"thumbnailUrl":"https:\/\/educarib.co\/wp-content\/uploads\/2022\/08\/emynjohellong-educarib-emy-njoh-ellong-metier-ingenieur-chimiste-dorcteur-biochimie-pharmacologie.png","datePublished":"2020-07-12T23:26:23+00:00","dateModified":"2022-08-13T01:04:38+00:00","breadcrumb":{"@id":"https:\/\/edu-carib.com\/metier\/#breadcrumb"},"inLanguage":"en-US","potentialAction":[{"@type":"ReadAction","target":["https:\/\/edu-carib.com\/metier\/"]}]},{"@type":"ImageObject","inLanguage":"en-US","@id":"https:\/\/edu-carib.com\/metier\/#primaryimage","url":"https:\/\/educarib.co\/wp-content\/uploads\/2022\/08\/emynjohellong-educarib-emy-njoh-ellong-metier-ingenieur-chimiste-dorcteur-biochimie-pharmacologie.png","contentUrl":"https:\/\/educarib.co\/wp-content\/uploads\/2022\/08\/emynjohellong-educarib-emy-njoh-ellong-metier-ingenieur-chimiste-dorcteur-biochimie-pharmacologie.png"},{"@type":"BreadcrumbList","@id":"https:\/\/edu-carib.com\/metier\/#breadcrumb","itemListElement":[{"@type":"ListItem","position":1,"name":"Accueil","item":"https:\/\/edu-carib.com\/"},{"@type":"ListItem","position":2,"name":"M\u00e9tier"}]},{"@type":"WebSite","@id":"https:\/\/edu-carib.com\/#website","url":"https:\/\/edu-carib.com\/","name":"EduCarib.co","description":"Le Guide de l\u2019Orientation","potentialAction":[{"@type":"SearchAction","target":{"@type":"EntryPoint","urlTemplate":"https:\/\/edu-carib.com\/?s={search_term_string}"},"query-input":"required name=search_term_string"}],"inLanguage":"en-US"}]}},"_links":{"self":[{"href":"https:\/\/edu-carib.com\/en\/wp-json\/wp\/v2\/pages\/5759"}],"collection":[{"href":"https:\/\/edu-carib.com\/en\/wp-json\/wp\/v2\/pages"}],"about":[{"href":"https:\/\/edu-carib.com\/en\/wp-json\/wp\/v2\/types\/page"}],"author":[{"embeddable":true,"href":"https:\/\/edu-carib.com\/en\/wp-json\/wp\/v2\/users\/2"}],"replies":[{"embeddable":true,"href":"https:\/\/edu-carib.com\/en\/wp-json\/wp\/v2\/comments?post=5759"}],"version-history":[{"count":73,"href":"https:\/\/edu-carib.com\/en\/wp-json\/wp\/v2\/pages\/5759\/revisions"}],"predecessor-version":[{"id":16867,"href":"https:\/\/edu-carib.com\/en\/wp-json\/wp\/v2\/pages\/5759\/revisions\/16867"}],"wp:attachment":[{"href":"https:\/\/edu-carib.com\/en\/wp-json\/wp\/v2\/media?parent=5759"}],"curies":[{"name":"wp","href":"https:\/\/api.w.org\/{rel}","templated":true}]}}