{"id":5807,"date":"2020-07-13T02:09:41","date_gmt":"2020-07-13T00:09:41","guid":{"rendered":"http:\/\/edu-carib.com\/?page_id=5807"},"modified":"2021-02-25T23:04:51","modified_gmt":"2021-02-25T22:04:51","slug":"articles","status":"publish","type":"page","link":"https:\/\/edu-carib.com\/en\/articles\/","title":{"rendered":"Articles"},"content":{"rendered":"<div data-elementor-type=\"wp-post\" data-elementor-id=\"5807\" class=\"elementor elementor-5807\" data-elementor-post-type=\"page\">\n\t\t\t\t\t\t<section class=\"elementor-section elementor-top-section elementor-element elementor-element-d8690c0 elementor-section-stretched elementor-section-height-min-height elementor-section-items-bottom elementor-section-boxed elementor-section-height-default\" data-id=\"d8690c0\" data-element_type=\"section\" data-settings=\"{&quot;stretch_section&quot;:&quot;section-stretched&quot;,&quot;background_background&quot;:&quot;classic&quot;}\">\n\t\t\t\t\t\t\t<div class=\"elementor-background-overlay\"><\/div>\n\t\t\t\t\t\t\t<div class=\"elementor-container elementor-column-gap-default\">\n\t\t\t\t\t<div class=\"elementor-column elementor-col-100 elementor-top-column elementor-element elementor-element-8440747\" data-id=\"8440747\" data-element_type=\"column\">\n\t\t\t<div class=\"elementor-widget-wrap\">\n\t\t\t\t\t\t\t<\/div>\n\t\t<\/div>\n\t\t\t\t\t<\/div>\n\t\t<\/section>\n\t\t\t\t<section class=\"elementor-section elementor-top-section elementor-element elementor-element-78a3381 elementor-section-boxed elementor-section-height-default elementor-section-height-default\" data-id=\"78a3381\" data-element_type=\"section\">\n\t\t\t\t\t\t<div class=\"elementor-container elementor-column-gap-default\">\n\t\t\t\t\t<div class=\"elementor-column elementor-col-100 elementor-top-column elementor-element elementor-element-c96cb4d\" data-id=\"c96cb4d\" data-element_type=\"column\">\n\t\t\t<div class=\"elementor-widget-wrap elementor-element-populated\">\n\t\t\t\t\t\t<div class=\"elementor-element elementor-element-f0df41c elementor-widget elementor-widget-heading\" data-id=\"f0df41c\" data-element_type=\"widget\" data-widget_type=\"heading.default\">\n\t\t\t\t<div class=\"elementor-widget-container\">\n\t\t\t<h1 class=\"elementor-heading-title elementor-size-default\">Articles<\/h1>\t\t<\/div>\n\t\t\t\t<\/div>\n\t\t\t\t<div class=\"elementor-element elementor-element-d7c2af7 elementor-widget elementor-widget-text-editor\" data-id=\"d7c2af7\" data-element_type=\"widget\" data-widget_type=\"text-editor.default\">\n\t\t\t\t<div class=\"elementor-widget-container\">\n\t\t\t\t\t\t\t<p>News, Advice, Practical Career Guide<\/p>\t\t\t\t\t\t<\/div>\n\t\t\t\t<\/div>\n\t\t\t\t\t<\/div>\n\t\t<\/div>\n\t\t\t\t\t<\/div>\n\t\t<\/section>\n\t\t\t\t<section class=\"elementor-section elementor-top-section elementor-element elementor-element-b147a6f elementor-section-boxed elementor-section-height-default elementor-section-height-default\" data-id=\"b147a6f\" data-element_type=\"section\">\n\t\t\t\t\t\t<div class=\"elementor-container elementor-column-gap-narrow\">\n\t\t\t\t\t<div class=\"elementor-column elementor-col-20 elementor-top-column elementor-element elementor-element-6fad5ff\" data-id=\"6fad5ff\" data-element_type=\"column\">\n\t\t\t<div class=\"elementor-widget-wrap elementor-element-populated\">\n\t\t\t\t\t\t<div class=\"elementor-element elementor-element-87c05eb elementor-align-center elementor-widget elementor-widget-button\" data-id=\"87c05eb\" data-element_type=\"widget\" data-widget_type=\"button.default\">\n\t\t\t\t<div class=\"elementor-widget-container\">\n\t\t\t\t\t<div class=\"elementor-button-wrapper\">\n\t\t\t<a class=\"elementor-button elementor-button-link elementor-size-md\" href=\"https:\/\/edu-carib.com\/en\/sinformer\/#menu-info\">\n\t\t\t\t\t\t<span class=\"elementor-button-content-wrapper\">\n\t\t\t\t\t\t\t\t\t<span class=\"elementor-button-text\">ALL<\/span>\n\t\t\t\t\t<\/span>\n\t\t\t\t\t<\/a>\n\t\t<\/div>\n\t\t\t\t<\/div>\n\t\t\t\t<\/div>\n\t\t\t\t\t<\/div>\n\t\t<\/div>\n\t\t\t\t<div class=\"elementor-column elementor-col-20 elementor-top-column elementor-element elementor-element-8ff094c\" data-id=\"8ff094c\" data-element_type=\"column\">\n\t\t\t<div class=\"elementor-widget-wrap elementor-element-populated\">\n\t\t\t\t\t\t<div class=\"elementor-element elementor-element-1bc7642 elementor-align-center elementor-widget elementor-widget-button\" data-id=\"1bc7642\" data-element_type=\"widget\" data-widget_type=\"button.default\">\n\t\t\t\t<div class=\"elementor-widget-container\">\n\t\t\t\t\t<div class=\"elementor-button-wrapper\">\n\t\t\t<a class=\"elementor-button elementor-button-link elementor-size-md\" href=\"https:\/\/edu-carib.com\/en\/articles\/#menu-info\">\n\t\t\t\t\t\t<span class=\"elementor-button-content-wrapper\">\n\t\t\t\t\t\t\t\t\t<span class=\"elementor-button-text\">ARTICLES<\/span>\n\t\t\t\t\t<\/span>\n\t\t\t\t\t<\/a>\n\t\t<\/div>\n\t\t\t\t<\/div>\n\t\t\t\t<\/div>\n\t\t\t\t\t<\/div>\n\t\t<\/div>\n\t\t\t\t<div class=\"elementor-column elementor-col-20 elementor-top-column elementor-element elementor-element-ea8560f\" data-id=\"ea8560f\" data-element_type=\"column\">\n\t\t\t<div class=\"elementor-widget-wrap elementor-element-populated\">\n\t\t\t\t\t\t<div class=\"elementor-element elementor-element-c86e307 elementor-align-center elementor-widget elementor-widget-button\" data-id=\"c86e307\" data-element_type=\"widget\" data-widget_type=\"button.default\">\n\t\t\t\t<div class=\"elementor-widget-container\">\n\t\t\t\t\t<div class=\"elementor-button-wrapper\">\n\t\t\t<a class=\"elementor-button elementor-button-link elementor-size-md\" href=\"https:\/\/edu-carib.com\/en\/portraits\/#menu-info\">\n\t\t\t\t\t\t<span class=\"elementor-button-content-wrapper\">\n\t\t\t\t\t\t\t\t\t<span class=\"elementor-button-text\">STORIES<\/span>\n\t\t\t\t\t<\/span>\n\t\t\t\t\t<\/a>\n\t\t<\/div>\n\t\t\t\t<\/div>\n\t\t\t\t<\/div>\n\t\t\t\t\t<\/div>\n\t\t<\/div>\n\t\t\t\t<div class=\"elementor-column elementor-col-20 elementor-top-column elementor-element elementor-element-ccad23d\" data-id=\"ccad23d\" data-element_type=\"column\">\n\t\t\t<div class=\"elementor-widget-wrap elementor-element-populated\">\n\t\t\t\t\t\t<div class=\"elementor-element elementor-element-5a6ea4b elementor-align-center elementor-widget elementor-widget-button\" data-id=\"5a6ea4b\" data-element_type=\"widget\" data-widget_type=\"button.default\">\n\t\t\t\t<div class=\"elementor-widget-container\">\n\t\t\t\t\t<div class=\"elementor-button-wrapper\">\n\t\t\t<a class=\"elementor-button elementor-button-link elementor-size-md\" href=\"https:\/\/edu-carib.com\/en\/evenements\/#menu-info\">\n\t\t\t\t\t\t<span class=\"elementor-button-content-wrapper\">\n\t\t\t\t\t\t\t\t\t<span class=\"elementor-button-text\">EVENTS<\/span>\n\t\t\t\t\t<\/span>\n\t\t\t\t\t<\/a>\n\t\t<\/div>\n\t\t\t\t<\/div>\n\t\t\t\t<\/div>\n\t\t\t\t\t<\/div>\n\t\t<\/div>\n\t\t\t\t<div class=\"elementor-column elementor-col-20 elementor-top-column elementor-element elementor-element-a991ca7\" data-id=\"a991ca7\" data-element_type=\"column\">\n\t\t\t<div class=\"elementor-widget-wrap elementor-element-populated\">\n\t\t\t\t\t\t<div class=\"elementor-element elementor-element-899f98f elementor-align-center elementor-widget elementor-widget-button\" data-id=\"899f98f\" data-element_type=\"widget\" data-widget_type=\"button.default\">\n\t\t\t\t<div class=\"elementor-widget-container\">\n\t\t\t\t\t<div class=\"elementor-button-wrapper\">\n\t\t\t<a class=\"elementor-button elementor-button-link elementor-size-md\" href=\"https:\/\/edu-carib.com\/en\/conseils\/#menu-info\">\n\t\t\t\t\t\t<span class=\"elementor-button-content-wrapper\">\n\t\t\t\t\t\t\t\t\t<span class=\"elementor-button-text\">ADVICE<\/span>\n\t\t\t\t\t<\/span>\n\t\t\t\t\t<\/a>\n\t\t<\/div>\n\t\t\t\t<\/div>\n\t\t\t\t<\/div>\n\t\t\t\t\t<\/div>\n\t\t<\/div>\n\t\t\t\t\t<\/div>\n\t\t<\/section>\n\t\t\t\t<section class=\"elementor-section elementor-top-section elementor-element elementor-element-9882519 elementor-section-boxed elementor-section-height-default elementor-section-height-default\" data-id=\"9882519\" data-element_type=\"section\">\n\t\t\t\t\t\t<div class=\"elementor-container elementor-column-gap-default\">\n\t\t\t\t\t<div class=\"elementor-column elementor-col-100 elementor-top-column elementor-element elementor-element-152f3d5\" data-id=\"152f3d5\" data-element_type=\"column\">\n\t\t\t<div class=\"elementor-widget-wrap\">\n\t\t\t\t\t\t\t<\/div>\n\t\t<\/div>\n\t\t\t\t\t<\/div>\n\t\t<\/section>\n\t\t\t\t<\/div>","protected":false},"excerpt":{"rendered":"<p>Articles On vous dit tout ici, pour que vous puissiez vous \u00e9panouir \u00e0 coup s\u00fbr dans la voie que vous aurez choisie. TOUS ARTICLES PORTRAITS EVENEMENTS CONSEILS Bourse ELAN\u00a0: une bourse d\u2019aide \u00e0 la mobilit\u00e9 r\u00e9gionale Pr\u00e9pa EduCarib : \u00e0 la rencontre de Matthieu, Allan, Sarah et Steeven, tes futurs coachs 5 raisons de rejoindre [&hellip;]<\/p>","protected":false},"author":2,"featured_media":0,"parent":0,"menu_order":0,"comment_status":"closed","ping_status":"closed","template":"elementor_header_footer","meta":{"_monsterinsights_skip_tracking":false,"_monsterinsights_sitenote_active":false,"_monsterinsights_sitenote_note":"","_monsterinsights_sitenote_category":0,"footnotes":"","_links_to":"","_links_to_target":""},"yoast_head":"<!-- This site is optimized with the Yoast SEO plugin v22.5 - https:\/\/yoast.com\/wordpress\/plugins\/seo\/ -->\n<title>Articles - EduCarib.co<\/title>\n<meta name=\"robots\" content=\"index, follow, max-snippet:-1, max-image-preview:large, max-video-preview:-1\" \/>\n<link rel=\"canonical\" href=\"https:\/\/edu-carib.com\/en\/articles\/\" \/>\n<meta property=\"og:locale\" content=\"en_US\" \/>\n<meta property=\"og:type\" content=\"article\" \/>\n<meta property=\"og:title\" content=\"Articles - EduCarib.co\" \/>\n<meta property=\"og:description\" content=\"Articles On vous dit tout ici, pour que vous puissiez vous \u00e9panouir \u00e0 coup s\u00fbr dans la voie que vous aurez choisie. TOUS ARTICLES PORTRAITS EVENEMENTS CONSEILS Bourse ELAN\u00a0: une bourse d\u2019aide \u00e0 la mobilit\u00e9 r\u00e9gionale Pr\u00e9pa EduCarib : \u00e0 la rencontre de Matthieu, Allan, Sarah et Steeven, tes futurs coachs 5 raisons de rejoindre [&hellip;]\" \/>\n<meta property=\"og:url\" content=\"https:\/\/edu-carib.com\/en\/articles\/\" \/>\n<meta property=\"og:site_name\" content=\"EduCarib.co\" \/>\n<meta property=\"article:modified_time\" content=\"2021-02-25T22:04:51+00:00\" \/>\n<meta property=\"og:image\" content=\"https:\/\/educarib.co\/wp-content\/uploads\/2021\/02\/Bourse-ELAN-une-bourse-daide-a-la-mobilite-regionale-caraibe-educarib.jpg\" \/>\n<meta name=\"twitter:card\" content=\"summary_large_image\" \/>\n<meta name=\"twitter:label1\" content=\"Est. reading time\" \/>\n\t<meta name=\"twitter:data1\" content=\"1 minute\" \/>\n<script type=\"application\/ld+json\" class=\"yoast-schema-graph\">{\"@context\":\"https:\/\/schema.org\",\"@graph\":[{\"@type\":\"WebPage\",\"@id\":\"https:\/\/edu-carib.com\/articles\/\",\"url\":\"https:\/\/edu-carib.com\/articles\/\",\"name\":\"Articles - EduCarib.co\",\"isPartOf\":{\"@id\":\"https:\/\/edu-carib.com\/#website\"},\"primaryImageOfPage\":{\"@id\":\"https:\/\/edu-carib.com\/articles\/#primaryimage\"},\"image\":{\"@id\":\"https:\/\/edu-carib.com\/articles\/#primaryimage\"},\"thumbnailUrl\":\"https:\/\/educarib.co\/wp-content\/uploads\/2021\/02\/Bourse-ELAN-une-bourse-daide-a-la-mobilite-regionale-caraibe-educarib.jpg\",\"datePublished\":\"2020-07-13T00:09:41+00:00\",\"dateModified\":\"2021-02-25T22:04:51+00:00\",\"breadcrumb\":{\"@id\":\"https:\/\/edu-carib.com\/articles\/#breadcrumb\"},\"inLanguage\":\"en-US\",\"potentialAction\":[{\"@type\":\"ReadAction\",\"target\":[\"https:\/\/edu-carib.com\/articles\/\"]}]},{\"@type\":\"ImageObject\",\"inLanguage\":\"en-US\",\"@id\":\"https:\/\/edu-carib.com\/articles\/#primaryimage\",\"url\":\"https:\/\/educarib.co\/wp-content\/uploads\/2021\/02\/Bourse-ELAN-une-bourse-daide-a-la-mobilite-regionale-caraibe-educarib.jpg\",\"contentUrl\":\"https:\/\/educarib.co\/wp-content\/uploads\/2021\/02\/Bourse-ELAN-une-bourse-daide-a-la-mobilite-regionale-caraibe-educarib.jpg\"},{\"@type\":\"BreadcrumbList\",\"@id\":\"https:\/\/edu-carib.com\/articles\/#breadcrumb\",\"itemListElement\":[{\"@type\":\"ListItem\",\"position\":1,\"name\":\"Accueil\",\"item\":\"https:\/\/edu-carib.com\/\"},{\"@type\":\"ListItem\",\"position\":2,\"name\":\"Articles\"}]},{\"@type\":\"WebSite\",\"@id\":\"https:\/\/edu-carib.com\/#website\",\"url\":\"https:\/\/edu-carib.com\/\",\"name\":\"EduCarib.co\",\"description\":\"Le Guide de l\u2019Orientation\",\"potentialAction\":[{\"@type\":\"SearchAction\",\"target\":{\"@type\":\"EntryPoint\",\"urlTemplate\":\"https:\/\/edu-carib.com\/?s={search_term_string}\"},\"query-input\":\"required name=search_term_string\"}],\"inLanguage\":\"en-US\"}]}<\/script>\n<!-- \/ Yoast SEO plugin. -->","yoast_head_json":{"title":"Articles - EduCarib.co","robots":{"index":"index","follow":"follow","max-snippet":"max-snippet:-1","max-image-preview":"max-image-preview:large","max-video-preview":"max-video-preview:-1"},"canonical":"https:\/\/edu-carib.com\/en\/articles\/","og_locale":"en_US","og_type":"article","og_title":"Articles - EduCarib.co","og_description":"Articles On vous dit tout ici, pour que vous puissiez vous \u00e9panouir \u00e0 coup s\u00fbr dans la voie que vous aurez choisie. TOUS ARTICLES PORTRAITS EVENEMENTS CONSEILS Bourse ELAN\u00a0: une bourse d\u2019aide \u00e0 la mobilit\u00e9 r\u00e9gionale Pr\u00e9pa EduCarib : \u00e0 la rencontre de Matthieu, Allan, Sarah et Steeven, tes futurs coachs 5 raisons de rejoindre [&hellip;]","og_url":"https:\/\/edu-carib.com\/en\/articles\/","og_site_name":"EduCarib.co","article_modified_time":"2021-02-25T22:04:51+00:00","og_image":[{"url":"https:\/\/educarib.co\/wp-content\/uploads\/2021\/02\/Bourse-ELAN-une-bourse-daide-a-la-mobilite-regionale-caraibe-educarib.jpg"}],"twitter_card":"summary_large_image","twitter_misc":{"Est. reading time":"1 minute"},"schema":{"@context":"https:\/\/schema.org","@graph":[{"@type":"WebPage","@id":"https:\/\/edu-carib.com\/articles\/","url":"https:\/\/edu-carib.com\/articles\/","name":"Articles - EduCarib.co","isPartOf":{"@id":"https:\/\/edu-carib.com\/#website"},"primaryImageOfPage":{"@id":"https:\/\/edu-carib.com\/articles\/#primaryimage"},"image":{"@id":"https:\/\/edu-carib.com\/articles\/#primaryimage"},"thumbnailUrl":"https:\/\/educarib.co\/wp-content\/uploads\/2021\/02\/Bourse-ELAN-une-bourse-daide-a-la-mobilite-regionale-caraibe-educarib.jpg","datePublished":"2020-07-13T00:09:41+00:00","dateModified":"2021-02-25T22:04:51+00:00","breadcrumb":{"@id":"https:\/\/edu-carib.com\/articles\/#breadcrumb"},"inLanguage":"en-US","potentialAction":[{"@type":"ReadAction","target":["https:\/\/edu-carib.com\/articles\/"]}]},{"@type":"ImageObject","inLanguage":"en-US","@id":"https:\/\/edu-carib.com\/articles\/#primaryimage","url":"https:\/\/educarib.co\/wp-content\/uploads\/2021\/02\/Bourse-ELAN-une-bourse-daide-a-la-mobilite-regionale-caraibe-educarib.jpg","contentUrl":"https:\/\/educarib.co\/wp-content\/uploads\/2021\/02\/Bourse-ELAN-une-bourse-daide-a-la-mobilite-regionale-caraibe-educarib.jpg"},{"@type":"BreadcrumbList","@id":"https:\/\/edu-carib.com\/articles\/#breadcrumb","itemListElement":[{"@type":"ListItem","position":1,"name":"Accueil","item":"https:\/\/edu-carib.com\/"},{"@type":"ListItem","position":2,"name":"Articles"}]},{"@type":"WebSite","@id":"https:\/\/edu-carib.com\/#website","url":"https:\/\/edu-carib.com\/","name":"EduCarib.co","description":"Le Guide de l\u2019Orientation","potentialAction":[{"@type":"SearchAction","target":{"@type":"EntryPoint","urlTemplate":"https:\/\/edu-carib.com\/?s={search_term_string}"},"query-input":"required name=search_term_string"}],"inLanguage":"en-US"}]}},"_links":{"self":[{"href":"https:\/\/edu-carib.com\/en\/wp-json\/wp\/v2\/pages\/5807"}],"collection":[{"href":"https:\/\/edu-carib.com\/en\/wp-json\/wp\/v2\/pages"}],"about":[{"href":"https:\/\/edu-carib.com\/en\/wp-json\/wp\/v2\/types\/page"}],"author":[{"embeddable":true,"href":"https:\/\/edu-carib.com\/en\/wp-json\/wp\/v2\/users\/2"}],"replies":[{"embeddable":true,"href":"https:\/\/edu-carib.com\/en\/wp-json\/wp\/v2\/comments?post=5807"}],"version-history":[{"count":13,"href":"https:\/\/edu-carib.com\/en\/wp-json\/wp\/v2\/pages\/5807\/revisions"}],"predecessor-version":[{"id":14930,"href":"https:\/\/edu-carib.com\/en\/wp-json\/wp\/v2\/pages\/5807\/revisions\/14930"}],"wp:attachment":[{"href":"https:\/\/edu-carib.com\/en\/wp-json\/wp\/v2\/media?parent=5807"}],"curies":[{"name":"wp","href":"https:\/\/api.w.org\/{rel}","templated":true}]}}