{"id":5862,"date":"2019-09-03T20:10:57","date_gmt":"2019-09-03T18:10:57","guid":{"rendered":"http:\/\/edu-carib.com\/?page_id=5862"},"modified":"2022-08-13T04:20:56","modified_gmt":"2022-08-13T02:20:56","slug":"etablissements","status":"publish","type":"page","link":"https:\/\/edu-carib.com\/en\/etablissements\/","title":{"rendered":"D\u00e9couvrir les \u00e9tablissements"},"content":{"rendered":"<div data-elementor-type=\"wp-post\" data-elementor-id=\"5862\" class=\"elementor elementor-5862\" data-elementor-post-type=\"page\">\n\t\t\t\t\t\t<section class=\"elementor-section elementor-top-section elementor-element elementor-element-47f026b elementor-section-height-min-height elementor-section-boxed elementor-section-height-default elementor-section-items-middle\" data-id=\"47f026b\" data-element_type=\"section\" data-settings=\"{&quot;background_background&quot;:&quot;classic&quot;}\">\n\t\t\t\t\t\t\t<div class=\"elementor-background-overlay\"><\/div>\n\t\t\t\t\t\t\t<div class=\"elementor-container elementor-column-gap-default\">\n\t\t\t\t\t<div class=\"elementor-column elementor-col-100 elementor-top-column elementor-element elementor-element-a2cbe9d\" data-id=\"a2cbe9d\" data-element_type=\"column\">\n\t\t\t<div class=\"elementor-widget-wrap elementor-element-populated\">\n\t\t\t\t\t\t<div class=\"elementor-element elementor-element-96121e2 elementor-widget elementor-widget-heading\" data-id=\"96121e2\" data-element_type=\"widget\" data-widget_type=\"heading.default\">\n\t\t\t\t<div class=\"elementor-widget-container\">\n\t\t\t<h1 class=\"elementor-heading-title elementor-size-default\">Visite un \u00e9tablissement<\/h1>\t\t<\/div>\n\t\t\t\t<\/div>\n\t\t\t\t<div class=\"elementor-element elementor-element-4ec60e0 elementor-widget elementor-widget-text-editor\" data-id=\"4ec60e0\" data-element_type=\"widget\" data-widget_type=\"text-editor.default\">\n\t\t\t\t<div class=\"elementor-widget-container\">\n\t\t\t\t\t\t\t<p>D\u00e9couvre les \u00e9coles et universit\u00e9s de ta r\u00e9gion.<\/p>\t\t\t\t\t\t<\/div>\n\t\t\t\t<\/div>\n\t\t\t\t\t<\/div>\n\t\t<\/div>\n\t\t\t\t\t<\/div>\n\t\t<\/section>\n\t\t\t\t<section class=\"elementor-section elementor-top-section elementor-element elementor-element-e594433 elementor-section-boxed elementor-section-height-default elementor-section-height-default\" data-id=\"e594433\" data-element_type=\"section\" id=\"ecoles-search\">\n\t\t\t\t\t\t<div class=\"elementor-container elementor-column-gap-default\">\n\t\t\t\t\t<div class=\"elementor-column elementor-col-100 elementor-top-column elementor-element elementor-element-f327859\" data-id=\"f327859\" data-element_type=\"column\">\n\t\t\t<div class=\"elementor-widget-wrap elementor-element-populated\">\n\t\t\t\t\t\t<div class=\"elementor-element elementor-element-66eac4f elementor-widget elementor-widget-shortcode\" data-id=\"66eac4f\" data-element_type=\"widget\" id=\"school-form\" data-widget_type=\"shortcode.default\">\n\t\t\t\t<div class=\"elementor-widget-container\">\n\t\t\t\t\t<div class=\"elementor-shortcode\">[27-search-form listing_types=\"place\" tabs_mode=\"light\" box_shadow=\"no\"]<\/div>\n\t\t\t\t<\/div>\n\t\t\t\t<\/div>\n\t\t\t\t\t<\/div>\n\t\t<\/div>\n\t\t\t\t\t<\/div>\n\t\t<\/section>\n\t\t\t\t<section class=\"elementor-section elementor-top-section elementor-element elementor-element-f3aaf5c univ-preview elementor-section-boxed elementor-section-height-default elementor-section-height-default\" data-id=\"f3aaf5c\" data-element_type=\"section\">\n\t\t\t\t\t\t<div class=\"elementor-container elementor-column-gap-default\">\n\t\t\t\t\t<div class=\"elementor-column elementor-col-100 elementor-top-column elementor-element elementor-element-5d97d1a\" data-id=\"5d97d1a\" data-element_type=\"column\">\n\t\t\t<div class=\"elementor-widget-wrap\">\n\t\t\t\t\t\t\t<\/div>\n\t\t<\/div>\n\t\t\t\t\t<\/div>\n\t\t<\/section>\n\t\t\t\t<\/div>","protected":false},"excerpt":{"rendered":"<p>Visite un \u00e9tablissement D\u00e9couvre les \u00e9coles et universit\u00e9s de ta r\u00e9gion. [27-search-form listing_types=&#8221;place&#8221; tabs_mode=&#8221;light&#8221; box_shadow=&#8221;no&#8221;]<\/p>","protected":false},"author":2,"featured_media":0,"parent":0,"menu_order":0,"comment_status":"closed","ping_status":"closed","template":"elementor_header_footer","meta":{"_monsterinsights_skip_tracking":false,"_monsterinsights_sitenote_active":false,"_monsterinsights_sitenote_note":"","_monsterinsights_sitenote_category":0,"footnotes":"","_links_to":"","_links_to_target":""},"yoast_head":"<!-- This site is optimized with the Yoast SEO plugin v22.5 - https:\/\/yoast.com\/wordpress\/plugins\/seo\/ -->\n<title>D\u00e9couvrir les \u00e9tablissements - EduCarib.co<\/title>\n<meta name=\"robots\" content=\"index, follow, max-snippet:-1, max-image-preview:large, max-video-preview:-1\" \/>\n<link rel=\"canonical\" href=\"https:\/\/edu-carib.com\/en\/etablissements\/\" \/>\n<meta property=\"og:locale\" content=\"en_US\" \/>\n<meta property=\"og:type\" content=\"article\" \/>\n<meta property=\"og:title\" content=\"D\u00e9couvrir les \u00e9tablissements - EduCarib.co\" \/>\n<meta property=\"og:description\" content=\"Visite un \u00e9tablissement D\u00e9couvre les \u00e9coles et universit\u00e9s de ta r\u00e9gion. [27-search-form listing_types=&#8221;place&#8221; tabs_mode=&#8221;light&#8221; box_shadow=&#8221;no&#8221;]\" \/>\n<meta property=\"og:url\" content=\"https:\/\/edu-carib.com\/en\/etablissements\/\" \/>\n<meta property=\"og:site_name\" content=\"EduCarib.co\" \/>\n<meta property=\"article:modified_time\" content=\"2022-08-13T02:20:56+00:00\" \/>\n<meta name=\"twitter:card\" content=\"summary_large_image\" \/>\n<script type=\"application\/ld+json\" class=\"yoast-schema-graph\">{\"@context\":\"https:\/\/schema.org\",\"@graph\":[{\"@type\":\"WebPage\",\"@id\":\"https:\/\/edu-carib.com\/en\/etablissements\/\",\"url\":\"https:\/\/edu-carib.com\/en\/etablissements\/\",\"name\":\"D\u00e9couvrir les \u00e9tablissements - EduCarib.co\",\"isPartOf\":{\"@id\":\"https:\/\/edu-carib.com\/#website\"},\"datePublished\":\"2019-09-03T18:10:57+00:00\",\"dateModified\":\"2022-08-13T02:20:56+00:00\",\"breadcrumb\":{\"@id\":\"https:\/\/edu-carib.com\/en\/etablissements\/#breadcrumb\"},\"inLanguage\":\"en-US\",\"potentialAction\":[{\"@type\":\"ReadAction\",\"target\":[\"https:\/\/edu-carib.com\/en\/etablissements\/\"]}]},{\"@type\":\"BreadcrumbList\",\"@id\":\"https:\/\/edu-carib.com\/en\/etablissements\/#breadcrumb\",\"itemListElement\":[{\"@type\":\"ListItem\",\"position\":1,\"name\":\"Accueil\",\"item\":\"https:\/\/edu-carib.com\/\"},{\"@type\":\"ListItem\",\"position\":2,\"name\":\"D\u00e9couvrir les \u00e9tablissements\"}]},{\"@type\":\"WebSite\",\"@id\":\"https:\/\/edu-carib.com\/#website\",\"url\":\"https:\/\/edu-carib.com\/\",\"name\":\"EduCarib.co\",\"description\":\"Le Guide de l\u2019Orientation\",\"potentialAction\":[{\"@type\":\"SearchAction\",\"target\":{\"@type\":\"EntryPoint\",\"urlTemplate\":\"https:\/\/edu-carib.com\/?s={search_term_string}\"},\"query-input\":\"required name=search_term_string\"}],\"inLanguage\":\"en-US\"}]}<\/script>\n<!-- \/ Yoast SEO plugin. -->","yoast_head_json":{"title":"D\u00e9couvrir les \u00e9tablissements - EduCarib.co","robots":{"index":"index","follow":"follow","max-snippet":"max-snippet:-1","max-image-preview":"max-image-preview:large","max-video-preview":"max-video-preview:-1"},"canonical":"https:\/\/edu-carib.com\/en\/etablissements\/","og_locale":"en_US","og_type":"article","og_title":"D\u00e9couvrir les \u00e9tablissements - EduCarib.co","og_description":"Visite un \u00e9tablissement D\u00e9couvre les \u00e9coles et universit\u00e9s de ta r\u00e9gion. [27-search-form listing_types=&#8221;place&#8221; tabs_mode=&#8221;light&#8221; box_shadow=&#8221;no&#8221;]","og_url":"https:\/\/edu-carib.com\/en\/etablissements\/","og_site_name":"EduCarib.co","article_modified_time":"2022-08-13T02:20:56+00:00","twitter_card":"summary_large_image","schema":{"@context":"https:\/\/schema.org","@graph":[{"@type":"WebPage","@id":"https:\/\/edu-carib.com\/en\/etablissements\/","url":"https:\/\/edu-carib.com\/en\/etablissements\/","name":"D\u00e9couvrir les \u00e9tablissements - EduCarib.co","isPartOf":{"@id":"https:\/\/edu-carib.com\/#website"},"datePublished":"2019-09-03T18:10:57+00:00","dateModified":"2022-08-13T02:20:56+00:00","breadcrumb":{"@id":"https:\/\/edu-carib.com\/en\/etablissements\/#breadcrumb"},"inLanguage":"en-US","potentialAction":[{"@type":"ReadAction","target":["https:\/\/edu-carib.com\/en\/etablissements\/"]}]},{"@type":"BreadcrumbList","@id":"https:\/\/edu-carib.com\/en\/etablissements\/#breadcrumb","itemListElement":[{"@type":"ListItem","position":1,"name":"Accueil","item":"https:\/\/edu-carib.com\/"},{"@type":"ListItem","position":2,"name":"D\u00e9couvrir les \u00e9tablissements"}]},{"@type":"WebSite","@id":"https:\/\/edu-carib.com\/#website","url":"https:\/\/edu-carib.com\/","name":"EduCarib.co","description":"Le Guide de l\u2019Orientation","potentialAction":[{"@type":"SearchAction","target":{"@type":"EntryPoint","urlTemplate":"https:\/\/edu-carib.com\/?s={search_term_string}"},"query-input":"required name=search_term_string"}],"inLanguage":"en-US"}]}},"_links":{"self":[{"href":"https:\/\/edu-carib.com\/en\/wp-json\/wp\/v2\/pages\/5862"}],"collection":[{"href":"https:\/\/edu-carib.com\/en\/wp-json\/wp\/v2\/pages"}],"about":[{"href":"https:\/\/edu-carib.com\/en\/wp-json\/wp\/v2\/types\/page"}],"author":[{"embeddable":true,"href":"https:\/\/edu-carib.com\/en\/wp-json\/wp\/v2\/users\/2"}],"replies":[{"embeddable":true,"href":"https:\/\/edu-carib.com\/en\/wp-json\/wp\/v2\/comments?post=5862"}],"version-history":[{"count":49,"href":"https:\/\/edu-carib.com\/en\/wp-json\/wp\/v2\/pages\/5862\/revisions"}],"predecessor-version":[{"id":16883,"href":"https:\/\/edu-carib.com\/en\/wp-json\/wp\/v2\/pages\/5862\/revisions\/16883"}],"wp:attachment":[{"href":"https:\/\/edu-carib.com\/en\/wp-json\/wp\/v2\/media?parent=5862"}],"curies":[{"name":"wp","href":"https:\/\/api.w.org\/{rel}","templated":true}]}}