{"id":6153,"date":"2019-09-08T01:07:19","date_gmt":"2019-09-07T23:07:19","guid":{"rendered":"http:\/\/edu-carib.com\/?page_id=6153"},"modified":"2021-02-25T23:00:17","modified_gmt":"2021-02-25T22:00:17","slug":"conseils","status":"publish","type":"page","link":"https:\/\/edu-carib.com\/en\/conseils\/","title":{"rendered":"Advice"},"content":{"rendered":"<div data-elementor-type=\"wp-post\" data-elementor-id=\"6153\" class=\"elementor elementor-6153\" data-elementor-post-type=\"page\">\n\t\t\t\t\t\t<section class=\"elementor-section elementor-top-section elementor-element elementor-element-d144cec elementor-section-stretched elementor-section-height-min-height elementor-section-items-bottom elementor-section-boxed elementor-section-height-default\" data-id=\"d144cec\" data-element_type=\"section\" data-settings=\"{&quot;stretch_section&quot;:&quot;section-stretched&quot;,&quot;background_background&quot;:&quot;classic&quot;}\">\n\t\t\t\t\t\t\t<div class=\"elementor-background-overlay\"><\/div>\n\t\t\t\t\t\t\t<div class=\"elementor-container elementor-column-gap-default\">\n\t\t\t\t\t<div class=\"elementor-column elementor-col-100 elementor-top-column elementor-element elementor-element-bc14c2a\" data-id=\"bc14c2a\" data-element_type=\"column\">\n\t\t\t<div class=\"elementor-widget-wrap\">\n\t\t\t\t\t\t\t<\/div>\n\t\t<\/div>\n\t\t\t\t\t<\/div>\n\t\t<\/section>\n\t\t\t\t<section class=\"elementor-section elementor-top-section elementor-element elementor-element-1fcfb1f elementor-section-boxed elementor-section-height-default elementor-section-height-default\" data-id=\"1fcfb1f\" data-element_type=\"section\">\n\t\t\t\t\t\t<div class=\"elementor-container elementor-column-gap-default\">\n\t\t\t\t\t<div class=\"elementor-column elementor-col-100 elementor-top-column elementor-element elementor-element-f16235b\" data-id=\"f16235b\" data-element_type=\"column\">\n\t\t\t<div class=\"elementor-widget-wrap elementor-element-populated\">\n\t\t\t\t\t\t<div class=\"elementor-element elementor-element-6c7f34e elementor-widget elementor-widget-heading\" data-id=\"6c7f34e\" data-element_type=\"widget\" data-widget_type=\"heading.default\">\n\t\t\t\t<div class=\"elementor-widget-container\">\n\t\t\t<h1 class=\"elementor-heading-title elementor-size-default\">Advice<\/h1>\t\t<\/div>\n\t\t\t\t<\/div>\n\t\t\t\t<div class=\"elementor-element elementor-element-45fb561 elementor-widget elementor-widget-text-editor\" data-id=\"45fb561\" data-element_type=\"widget\" data-widget_type=\"text-editor.default\">\n\t\t\t\t<div class=\"elementor-widget-container\">\n\t\t\t\t\t\t\t<p>News, Advice, Practical Career Guide<\/p>\t\t\t\t\t\t<\/div>\n\t\t\t\t<\/div>\n\t\t\t\t\t<\/div>\n\t\t<\/div>\n\t\t\t\t\t<\/div>\n\t\t<\/section>\n\t\t\t\t<section class=\"elementor-section elementor-top-section elementor-element elementor-element-5a027a1 elementor-section-boxed elementor-section-height-default elementor-section-height-default\" data-id=\"5a027a1\" data-element_type=\"section\">\n\t\t\t\t\t\t<div class=\"elementor-container elementor-column-gap-narrow\">\n\t\t\t\t\t<div class=\"elementor-column elementor-col-20 elementor-top-column elementor-element elementor-element-8e8db65\" data-id=\"8e8db65\" data-element_type=\"column\">\n\t\t\t<div class=\"elementor-widget-wrap elementor-element-populated\">\n\t\t\t\t\t\t<div class=\"elementor-element elementor-element-7946d75 elementor-align-center elementor-widget elementor-widget-button\" data-id=\"7946d75\" data-element_type=\"widget\" data-widget_type=\"button.default\">\n\t\t\t\t<div class=\"elementor-widget-container\">\n\t\t\t\t\t<div class=\"elementor-button-wrapper\">\n\t\t\t<a class=\"elementor-button elementor-button-link elementor-size-md\" href=\"https:\/\/edu-carib.com\/en\/sinformer\/#menu-info\">\n\t\t\t\t\t\t<span class=\"elementor-button-content-wrapper\">\n\t\t\t\t\t\t\t\t\t<span class=\"elementor-button-text\">ALL<\/span>\n\t\t\t\t\t<\/span>\n\t\t\t\t\t<\/a>\n\t\t<\/div>\n\t\t\t\t<\/div>\n\t\t\t\t<\/div>\n\t\t\t\t\t<\/div>\n\t\t<\/div>\n\t\t\t\t<div class=\"elementor-column elementor-col-20 elementor-top-column elementor-element elementor-element-cf4de07\" data-id=\"cf4de07\" data-element_type=\"column\">\n\t\t\t<div class=\"elementor-widget-wrap elementor-element-populated\">\n\t\t\t\t\t\t<div class=\"elementor-element elementor-element-d9335cd elementor-align-center elementor-widget elementor-widget-button\" data-id=\"d9335cd\" data-element_type=\"widget\" data-widget_type=\"button.default\">\n\t\t\t\t<div class=\"elementor-widget-container\">\n\t\t\t\t\t<div class=\"elementor-button-wrapper\">\n\t\t\t<a class=\"elementor-button elementor-button-link elementor-size-md\" href=\"https:\/\/edu-carib.com\/en\/articles\/#menu-info\">\n\t\t\t\t\t\t<span class=\"elementor-button-content-wrapper\">\n\t\t\t\t\t\t\t\t\t<span class=\"elementor-button-text\">ARTICLES<\/span>\n\t\t\t\t\t<\/span>\n\t\t\t\t\t<\/a>\n\t\t<\/div>\n\t\t\t\t<\/div>\n\t\t\t\t<\/div>\n\t\t\t\t\t<\/div>\n\t\t<\/div>\n\t\t\t\t<div class=\"elementor-column elementor-col-20 elementor-top-column elementor-element elementor-element-e453ffe\" data-id=\"e453ffe\" data-element_type=\"column\">\n\t\t\t<div class=\"elementor-widget-wrap elementor-element-populated\">\n\t\t\t\t\t\t<div class=\"elementor-element elementor-element-36d2961 elementor-align-center elementor-widget elementor-widget-button\" data-id=\"36d2961\" data-element_type=\"widget\" data-widget_type=\"button.default\">\n\t\t\t\t<div class=\"elementor-widget-container\">\n\t\t\t\t\t<div class=\"elementor-button-wrapper\">\n\t\t\t<a class=\"elementor-button elementor-button-link elementor-size-md\" href=\"https:\/\/edu-carib.com\/en\/portraits\/#menu-info\">\n\t\t\t\t\t\t<span class=\"elementor-button-content-wrapper\">\n\t\t\t\t\t\t\t\t\t<span class=\"elementor-button-text\">STORIES<\/span>\n\t\t\t\t\t<\/span>\n\t\t\t\t\t<\/a>\n\t\t<\/div>\n\t\t\t\t<\/div>\n\t\t\t\t<\/div>\n\t\t\t\t\t<\/div>\n\t\t<\/div>\n\t\t\t\t<div class=\"elementor-column elementor-col-20 elementor-top-column elementor-element elementor-element-deaf9e1\" data-id=\"deaf9e1\" data-element_type=\"column\">\n\t\t\t<div class=\"elementor-widget-wrap elementor-element-populated\">\n\t\t\t\t\t\t<div class=\"elementor-element elementor-element-4e56fb4 elementor-align-center elementor-widget elementor-widget-button\" data-id=\"4e56fb4\" data-element_type=\"widget\" data-widget_type=\"button.default\">\n\t\t\t\t<div class=\"elementor-widget-container\">\n\t\t\t\t\t<div class=\"elementor-button-wrapper\">\n\t\t\t<a class=\"elementor-button elementor-button-link elementor-size-md\" href=\"https:\/\/edu-carib.com\/en\/evenements\/#menu-info\">\n\t\t\t\t\t\t<span class=\"elementor-button-content-wrapper\">\n\t\t\t\t\t\t\t\t\t<span class=\"elementor-button-text\">EVENTS<\/span>\n\t\t\t\t\t<\/span>\n\t\t\t\t\t<\/a>\n\t\t<\/div>\n\t\t\t\t<\/div>\n\t\t\t\t<\/div>\n\t\t\t\t\t<\/div>\n\t\t<\/div>\n\t\t\t\t<div class=\"elementor-column elementor-col-20 elementor-top-column elementor-element elementor-element-2e8ca57\" data-id=\"2e8ca57\" data-element_type=\"column\">\n\t\t\t<div class=\"elementor-widget-wrap elementor-element-populated\">\n\t\t\t\t\t\t<div class=\"elementor-element elementor-element-5fcfa07 elementor-align-center elementor-widget elementor-widget-button\" data-id=\"5fcfa07\" data-element_type=\"widget\" data-widget_type=\"button.default\">\n\t\t\t\t<div class=\"elementor-widget-container\">\n\t\t\t\t\t<div class=\"elementor-button-wrapper\">\n\t\t\t<a class=\"elementor-button elementor-button-link elementor-size-md\" href=\"https:\/\/edu-carib.com\/en\/conseils\/#menu-info\">\n\t\t\t\t\t\t<span class=\"elementor-button-content-wrapper\">\n\t\t\t\t\t\t\t\t\t<span class=\"elementor-button-text\">ADVICE<\/span>\n\t\t\t\t\t<\/span>\n\t\t\t\t\t<\/a>\n\t\t<\/div>\n\t\t\t\t<\/div>\n\t\t\t\t<\/div>\n\t\t\t\t\t<\/div>\n\t\t<\/div>\n\t\t\t\t\t<\/div>\n\t\t<\/section>\n\t\t\t\t<section class=\"elementor-section elementor-top-section elementor-element elementor-element-15faaa4 elementor-section-boxed elementor-section-height-default elementor-section-height-default\" data-id=\"15faaa4\" data-element_type=\"section\">\n\t\t\t\t\t\t<div class=\"elementor-container elementor-column-gap-default\">\n\t\t\t\t\t<div class=\"elementor-column elementor-col-100 elementor-top-column elementor-element elementor-element-5ce81db\" data-id=\"5ce81db\" data-element_type=\"column\">\n\t\t\t<div class=\"elementor-widget-wrap\">\n\t\t\t\t\t\t\t<\/div>\n\t\t<\/div>\n\t\t\t\t\t<\/div>\n\t\t<\/section>\n\t\t\t\t<\/div>","protected":false},"excerpt":{"rendered":"<p>Conseils On vous dit tout ici, pour que vous puissiez vous \u00e9panouir \u00e0 coup s\u00fbr dans la voie que vous aurez choisie. TOUS ARTICLES PORTRAITS EVENEMENTS CONSEILS Comment se pr\u00e9parer avant un cours en ligne ? De la Pr\u00e9pa \u00e0 l\u2019\u00c9cole : comment g\u00e9rer la transition ? Faut-il avoir une passion pour trouver sa voie [&hellip;]<\/p>","protected":false},"author":2,"featured_media":0,"parent":0,"menu_order":0,"comment_status":"closed","ping_status":"closed","template":"","meta":{"_monsterinsights_skip_tracking":false,"_monsterinsights_sitenote_active":false,"_monsterinsights_sitenote_note":"","_monsterinsights_sitenote_category":0,"footnotes":"","_links_to":"","_links_to_target":""},"yoast_head":"<!-- This site is optimized with the Yoast SEO plugin v22.5 - https:\/\/yoast.com\/wordpress\/plugins\/seo\/ -->\n<title>Conseils - EduCarib.co<\/title>\n<meta name=\"robots\" content=\"index, follow, max-snippet:-1, max-image-preview:large, max-video-preview:-1\" \/>\n<link rel=\"canonical\" href=\"https:\/\/edu-carib.com\/en\/conseils\/\" \/>\n<meta property=\"og:locale\" content=\"en_US\" \/>\n<meta property=\"og:type\" content=\"article\" \/>\n<meta property=\"og:title\" content=\"Conseils - EduCarib.co\" \/>\n<meta property=\"og:description\" content=\"Conseils On vous dit tout ici, pour que vous puissiez vous \u00e9panouir \u00e0 coup s\u00fbr dans la voie que vous aurez choisie. TOUS ARTICLES PORTRAITS EVENEMENTS CONSEILS Comment se pr\u00e9parer avant un cours en ligne ? De la Pr\u00e9pa \u00e0 l\u2019\u00c9cole : comment g\u00e9rer la transition ? Faut-il avoir une passion pour trouver sa voie [&hellip;]\" \/>\n<meta property=\"og:url\" content=\"https:\/\/edu-carib.com\/en\/conseils\/\" \/>\n<meta property=\"og:site_name\" content=\"EduCarib.co\" \/>\n<meta property=\"article:modified_time\" content=\"2021-02-25T22:00:17+00:00\" \/>\n<meta property=\"og:image\" content=\"https:\/\/educarib.co\/wp-content\/uploads\/2020\/09\/Comment-se-preparer-avant-un-cours-en-ligne-educarib-formation-caraibe-2.jpeg\" \/>\n<meta name=\"twitter:card\" content=\"summary_large_image\" \/>\n<meta name=\"twitter:label1\" content=\"Est. reading time\" \/>\n\t<meta name=\"twitter:data1\" content=\"1 minute\" \/>\n<script type=\"application\/ld+json\" class=\"yoast-schema-graph\">{\"@context\":\"https:\/\/schema.org\",\"@graph\":[{\"@type\":\"WebPage\",\"@id\":\"https:\/\/edu-carib.com\/conseils\/\",\"url\":\"https:\/\/edu-carib.com\/conseils\/\",\"name\":\"Conseils - EduCarib.co\",\"isPartOf\":{\"@id\":\"https:\/\/edu-carib.com\/#website\"},\"primaryImageOfPage\":{\"@id\":\"https:\/\/edu-carib.com\/conseils\/#primaryimage\"},\"image\":{\"@id\":\"https:\/\/edu-carib.com\/conseils\/#primaryimage\"},\"thumbnailUrl\":\"https:\/\/educarib.co\/wp-content\/uploads\/2020\/09\/Comment-se-preparer-avant-un-cours-en-ligne-educarib-formation-caraibe-2.jpeg\",\"datePublished\":\"2019-09-07T23:07:19+00:00\",\"dateModified\":\"2021-02-25T22:00:17+00:00\",\"breadcrumb\":{\"@id\":\"https:\/\/edu-carib.com\/conseils\/#breadcrumb\"},\"inLanguage\":\"en-US\",\"potentialAction\":[{\"@type\":\"ReadAction\",\"target\":[\"https:\/\/edu-carib.com\/conseils\/\"]}]},{\"@type\":\"ImageObject\",\"inLanguage\":\"en-US\",\"@id\":\"https:\/\/edu-carib.com\/conseils\/#primaryimage\",\"url\":\"https:\/\/educarib.co\/wp-content\/uploads\/2020\/09\/Comment-se-preparer-avant-un-cours-en-ligne-educarib-formation-caraibe-2.jpeg\",\"contentUrl\":\"https:\/\/educarib.co\/wp-content\/uploads\/2020\/09\/Comment-se-preparer-avant-un-cours-en-ligne-educarib-formation-caraibe-2.jpeg\"},{\"@type\":\"BreadcrumbList\",\"@id\":\"https:\/\/edu-carib.com\/conseils\/#breadcrumb\",\"itemListElement\":[{\"@type\":\"ListItem\",\"position\":1,\"name\":\"Accueil\",\"item\":\"https:\/\/edu-carib.com\/\"},{\"@type\":\"ListItem\",\"position\":2,\"name\":\"Conseils\"}]},{\"@type\":\"WebSite\",\"@id\":\"https:\/\/edu-carib.com\/#website\",\"url\":\"https:\/\/edu-carib.com\/\",\"name\":\"EduCarib.co\",\"description\":\"Le Guide de l\u2019Orientation\",\"potentialAction\":[{\"@type\":\"SearchAction\",\"target\":{\"@type\":\"EntryPoint\",\"urlTemplate\":\"https:\/\/edu-carib.com\/?s={search_term_string}\"},\"query-input\":\"required name=search_term_string\"}],\"inLanguage\":\"en-US\"}]}<\/script>\n<!-- \/ Yoast SEO plugin. -->","yoast_head_json":{"title":"Conseils - EduCarib.co","robots":{"index":"index","follow":"follow","max-snippet":"max-snippet:-1","max-image-preview":"max-image-preview:large","max-video-preview":"max-video-preview:-1"},"canonical":"https:\/\/edu-carib.com\/en\/conseils\/","og_locale":"en_US","og_type":"article","og_title":"Conseils - EduCarib.co","og_description":"Conseils On vous dit tout ici, pour que vous puissiez vous \u00e9panouir \u00e0 coup s\u00fbr dans la voie que vous aurez choisie. TOUS ARTICLES PORTRAITS EVENEMENTS CONSEILS Comment se pr\u00e9parer avant un cours en ligne ? De la Pr\u00e9pa \u00e0 l\u2019\u00c9cole : comment g\u00e9rer la transition ? Faut-il avoir une passion pour trouver sa voie [&hellip;]","og_url":"https:\/\/edu-carib.com\/en\/conseils\/","og_site_name":"EduCarib.co","article_modified_time":"2021-02-25T22:00:17+00:00","og_image":[{"url":"https:\/\/educarib.co\/wp-content\/uploads\/2020\/09\/Comment-se-preparer-avant-un-cours-en-ligne-educarib-formation-caraibe-2.jpeg"}],"twitter_card":"summary_large_image","twitter_misc":{"Est. reading time":"1 minute"},"schema":{"@context":"https:\/\/schema.org","@graph":[{"@type":"WebPage","@id":"https:\/\/edu-carib.com\/conseils\/","url":"https:\/\/edu-carib.com\/conseils\/","name":"Conseils - EduCarib.co","isPartOf":{"@id":"https:\/\/edu-carib.com\/#website"},"primaryImageOfPage":{"@id":"https:\/\/edu-carib.com\/conseils\/#primaryimage"},"image":{"@id":"https:\/\/edu-carib.com\/conseils\/#primaryimage"},"thumbnailUrl":"https:\/\/educarib.co\/wp-content\/uploads\/2020\/09\/Comment-se-preparer-avant-un-cours-en-ligne-educarib-formation-caraibe-2.jpeg","datePublished":"2019-09-07T23:07:19+00:00","dateModified":"2021-02-25T22:00:17+00:00","breadcrumb":{"@id":"https:\/\/edu-carib.com\/conseils\/#breadcrumb"},"inLanguage":"en-US","potentialAction":[{"@type":"ReadAction","target":["https:\/\/edu-carib.com\/conseils\/"]}]},{"@type":"ImageObject","inLanguage":"en-US","@id":"https:\/\/edu-carib.com\/conseils\/#primaryimage","url":"https:\/\/educarib.co\/wp-content\/uploads\/2020\/09\/Comment-se-preparer-avant-un-cours-en-ligne-educarib-formation-caraibe-2.jpeg","contentUrl":"https:\/\/educarib.co\/wp-content\/uploads\/2020\/09\/Comment-se-preparer-avant-un-cours-en-ligne-educarib-formation-caraibe-2.jpeg"},{"@type":"BreadcrumbList","@id":"https:\/\/edu-carib.com\/conseils\/#breadcrumb","itemListElement":[{"@type":"ListItem","position":1,"name":"Accueil","item":"https:\/\/edu-carib.com\/"},{"@type":"ListItem","position":2,"name":"Conseils"}]},{"@type":"WebSite","@id":"https:\/\/edu-carib.com\/#website","url":"https:\/\/edu-carib.com\/","name":"EduCarib.co","description":"Le Guide de l\u2019Orientation","potentialAction":[{"@type":"SearchAction","target":{"@type":"EntryPoint","urlTemplate":"https:\/\/edu-carib.com\/?s={search_term_string}"},"query-input":"required name=search_term_string"}],"inLanguage":"en-US"}]}},"_links":{"self":[{"href":"https:\/\/edu-carib.com\/en\/wp-json\/wp\/v2\/pages\/6153"}],"collection":[{"href":"https:\/\/edu-carib.com\/en\/wp-json\/wp\/v2\/pages"}],"about":[{"href":"https:\/\/edu-carib.com\/en\/wp-json\/wp\/v2\/types\/page"}],"author":[{"embeddable":true,"href":"https:\/\/edu-carib.com\/en\/wp-json\/wp\/v2\/users\/2"}],"replies":[{"embeddable":true,"href":"https:\/\/edu-carib.com\/en\/wp-json\/wp\/v2\/comments?post=6153"}],"version-history":[{"count":11,"href":"https:\/\/edu-carib.com\/en\/wp-json\/wp\/v2\/pages\/6153\/revisions"}],"predecessor-version":[{"id":14927,"href":"https:\/\/edu-carib.com\/en\/wp-json\/wp\/v2\/pages\/6153\/revisions\/14927"}],"wp:attachment":[{"href":"https:\/\/edu-carib.com\/en\/wp-json\/wp\/v2\/media?parent=6153"}],"curies":[{"name":"wp","href":"https:\/\/api.w.org\/{rel}","templated":true}]}}