{"id":6462,"date":"2019-09-14T18:38:34","date_gmt":"2019-09-14T16:38:34","guid":{"rendered":"http:\/\/edu-carib.com\/?page_id=6462"},"modified":"2021-02-19T11:18:39","modified_gmt":"2021-02-19T10:18:39","slug":"publier-offre","status":"publish","type":"page","link":"https:\/\/edu-carib.com\/en\/publier-offre\/","title":{"rendered":"Publier une offre"},"content":{"rendered":"<div data-elementor-type=\"wp-page\" data-elementor-id=\"6462\" class=\"elementor elementor-6462\" data-elementor-post-type=\"page\">\n\t\t\t\t\t\t<section class=\"elementor-section elementor-top-section elementor-element elementor-element-b491c82 elementor-section-stretched elementor-section-height-min-height elementor-section-items-bottom elementor-section-boxed elementor-section-height-default\" data-id=\"b491c82\" data-element_type=\"section\" data-settings=\"{&quot;stretch_section&quot;:&quot;section-stretched&quot;,&quot;background_background&quot;:&quot;classic&quot;}\">\n\t\t\t\t\t\t\t<div class=\"elementor-background-overlay\"><\/div>\n\t\t\t\t\t\t\t<div class=\"elementor-container elementor-column-gap-default\">\n\t\t\t\t\t<div class=\"elementor-column elementor-col-100 elementor-top-column elementor-element elementor-element-6ac1a61\" data-id=\"6ac1a61\" data-element_type=\"column\">\n\t\t\t<div class=\"elementor-widget-wrap elementor-element-populated\">\n\t\t\t\t\t\t<div class=\"elementor-element elementor-element-c553c8f elementor-widget elementor-widget-heading\" data-id=\"c553c8f\" data-element_type=\"widget\" data-widget_type=\"heading.default\">\n\t\t\t\t<div class=\"elementor-widget-container\">\n\t\t\t<h2 class=\"elementor-heading-title elementor-size-default\">D\u00e9cuplez l'impact de vos actions\naupr\u00e8s des futurs \u00e9tudiants<\/h2>\t\t<\/div>\n\t\t\t\t<\/div>\n\t\t\t\t<div class=\"elementor-element elementor-element-0e0201b elementor-widget elementor-widget-text-editor\" data-id=\"0e0201b\" data-element_type=\"widget\" data-widget_type=\"text-editor.default\">\n\t\t\t\t<div class=\"elementor-widget-container\">\n\t\t\t\t\t\t\t<p class=\"p2\">Rejoignez notre \u00e9cosyst\u00e8me carib\u00e9en d&#8217;\u00e9tablissements d&#8217;enseignement sup\u00e9rieur.<\/p>\t\t\t\t\t\t<\/div>\n\t\t\t\t<\/div>\n\t\t\t\t<div class=\"elementor-element elementor-element-fd8bea5 elementor-align-left elementor-widget elementor-widget-button\" data-id=\"fd8bea5\" data-element_type=\"widget\" data-widget_type=\"button.default\">\n\t\t\t\t<div class=\"elementor-widget-container\">\n\t\t\t\t\t<div class=\"elementor-button-wrapper\">\n\t\t\t<a class=\"elementor-button elementor-button-link elementor-size-md elementor-animation-grow\" href=\"#\">\n\t\t\t\t\t\t<span class=\"elementor-button-content-wrapper\">\n\t\t\t\t\t\t\t\t\t<span class=\"elementor-button-text\">Contact<\/span>\n\t\t\t\t\t<\/span>\n\t\t\t\t\t<\/a>\n\t\t<\/div>\n\t\t\t\t<\/div>\n\t\t\t\t<\/div>\n\t\t\t\t\t<\/div>\n\t\t<\/div>\n\t\t\t\t\t<\/div>\n\t\t<\/section>\n\t\t\t\t<section class=\"elementor-section elementor-top-section elementor-element elementor-element-e337cd4 elementor-section-boxed elementor-section-height-default elementor-section-height-default\" data-id=\"e337cd4\" data-element_type=\"section\">\n\t\t\t\t\t\t<div class=\"elementor-container elementor-column-gap-default\">\n\t\t\t\t\t<div class=\"elementor-column elementor-col-100 elementor-top-column elementor-element elementor-element-c2a74e4\" data-id=\"c2a74e4\" data-element_type=\"column\">\n\t\t\t<div class=\"elementor-widget-wrap elementor-element-populated\">\n\t\t\t\t\t\t<div class=\"elementor-element elementor-element-5480d4e elementor-widget elementor-widget-heading\" data-id=\"5480d4e\" data-element_type=\"widget\" data-widget_type=\"heading.default\">\n\t\t\t\t<div class=\"elementor-widget-container\">\n\t\t\t<h4 class=\"elementor-heading-title elementor-size-default\">Comment attirer les meilleurs profils de futurs \u00e9tudiants vers votre \u00e9tablissement? Nous avons la conviction que la r\u00e9ponse passe par le branding. Le branding, c\u2019est promouvoir une expertise, un projet, des valeurs plut\u00f4t qu\u2019une simple offre de formation.<\/h4>\t\t<\/div>\n\t\t\t\t<\/div>\n\t\t\t\t\t<\/div>\n\t\t<\/div>\n\t\t\t\t\t<\/div>\n\t\t<\/section>\n\t\t\t\t<section class=\"elementor-section elementor-top-section elementor-element elementor-element-1246750 elementor-section-boxed elementor-section-height-default elementor-section-height-default\" data-id=\"1246750\" data-element_type=\"section\">\n\t\t\t\t\t\t<div class=\"elementor-container elementor-column-gap-wide\">\n\t\t\t\t\t<div class=\"elementor-column elementor-col-33 elementor-top-column elementor-element elementor-element-eed9c07\" data-id=\"eed9c07\" data-element_type=\"column\">\n\t\t\t<div class=\"elementor-widget-wrap elementor-element-populated\">\n\t\t\t\t\t\t<div class=\"elementor-element elementor-element-812744f elementor-align-center elementor-widget elementor-widget-button\" data-id=\"812744f\" data-element_type=\"widget\" data-widget_type=\"button.default\">\n\t\t\t\t<div class=\"elementor-widget-container\">\n\t\t\t\t\t<div class=\"elementor-button-wrapper\">\n\t\t\t<a class=\"elementor-button elementor-button-link elementor-size-md elementor-animation-grow\" href=\"http:\/\/edu-carib.com\/en\/formation\/\">\n\t\t\t\t\t\t<span class=\"elementor-button-content-wrapper\">\n\t\t\t\t\t\t\t\t\t<span class=\"elementor-button-text\">Transmettre une demande<\/span>\n\t\t\t\t\t<\/span>\n\t\t\t\t\t<\/a>\n\t\t<\/div>\n\t\t\t\t<\/div>\n\t\t\t\t<\/div>\n\t\t\t\t<div class=\"elementor-element elementor-element-95bb123 elementor-widget elementor-widget-text-editor\" data-id=\"95bb123\" data-element_type=\"widget\" data-widget_type=\"text-editor.default\">\n\t\t\t\t<div class=\"elementor-widget-container\">\n\t\t\t\t\t\t\t<p><span style=\"font-weight: 400;\">Cliquez sur <\/span><span style=\"font-weight: 400;\">\u00ab XX \u00bb<\/span><span style=\"font-weight: 400;\"> et transmettez-nous une demande d\u2019int\u00e9gration.<\/span><\/p>\t\t\t\t\t\t<\/div>\n\t\t\t\t<\/div>\n\t\t\t\t\t<\/div>\n\t\t<\/div>\n\t\t\t\t<div class=\"elementor-column elementor-col-33 elementor-top-column elementor-element elementor-element-b731f52\" data-id=\"b731f52\" data-element_type=\"column\">\n\t\t\t<div class=\"elementor-widget-wrap elementor-element-populated\">\n\t\t\t\t\t\t<div class=\"elementor-element elementor-element-4778eca elementor-align-center elementor-widget elementor-widget-button\" data-id=\"4778eca\" data-element_type=\"widget\" data-widget_type=\"button.default\">\n\t\t\t\t<div class=\"elementor-widget-container\">\n\t\t\t\t\t<div class=\"elementor-button-wrapper\">\n\t\t\t<a class=\"elementor-button elementor-button-link elementor-size-md elementor-animation-grow\" href=\"#\">\n\t\t\t\t\t\t<span class=\"elementor-button-content-wrapper\">\n\t\t\t\t\t\t\t\t\t<span class=\"elementor-button-text\">Remplissez le formulaire<\/span>\n\t\t\t\t\t<\/span>\n\t\t\t\t\t<\/a>\n\t\t<\/div>\n\t\t\t\t<\/div>\n\t\t\t\t<\/div>\n\t\t\t\t<div class=\"elementor-element elementor-element-a744179 elementor-widget elementor-widget-text-editor\" data-id=\"a744179\" data-element_type=\"widget\" data-widget_type=\"text-editor.default\">\n\t\t\t\t<div class=\"elementor-widget-container\">\n\t\t\t\t\t\t\t<p><span style=\"font-weight: 400;\">Remplissez\/Compl\u00e9tez le formulaire et r\u00e9pondez aux 5 questions clefs, en y int\u00e9grant votre logo et une photo de couverture (ent\u00eate).<\/span><\/p>\t\t\t\t\t\t<\/div>\n\t\t\t\t<\/div>\n\t\t\t\t\t<\/div>\n\t\t<\/div>\n\t\t\t\t<div class=\"elementor-column elementor-col-33 elementor-top-column elementor-element elementor-element-b7cecb0\" data-id=\"b7cecb0\" data-element_type=\"column\">\n\t\t\t<div class=\"elementor-widget-wrap elementor-element-populated\">\n\t\t\t\t\t\t<div class=\"elementor-element elementor-element-382c53f elementor-align-center elementor-widget elementor-widget-button\" data-id=\"382c53f\" data-element_type=\"widget\" data-widget_type=\"button.default\">\n\t\t\t\t<div class=\"elementor-widget-container\">\n\t\t\t\t\t<div class=\"elementor-button-wrapper\">\n\t\t\t<a class=\"elementor-button elementor-button-link elementor-size-md elementor-animation-grow\" href=\"#\">\n\t\t\t\t\t\t<span class=\"elementor-button-content-wrapper\">\n\t\t\t\t\t\t\t\t\t<span class=\"elementor-button-text\">Votre offre est publi\u00e9e<\/span>\n\t\t\t\t\t<\/span>\n\t\t\t\t\t<\/a>\n\t\t<\/div>\n\t\t\t\t<\/div>\n\t\t\t\t<\/div>\n\t\t\t\t<div class=\"elementor-element elementor-element-7161a10 elementor-widget elementor-widget-text-editor\" data-id=\"7161a10\" data-element_type=\"widget\" data-widget_type=\"text-editor.default\">\n\t\t\t\t<div class=\"elementor-widget-container\">\n\t\t\t\t\t\t\t<p><span style=\"font-weight: 400;\">D\u00e8s que nous validons votre offre, celle-ci sera en ligne.<\/span><\/p>\t\t\t\t\t\t<\/div>\n\t\t\t\t<\/div>\n\t\t\t\t\t<\/div>\n\t\t<\/div>\n\t\t\t\t\t<\/div>\n\t\t<\/section>\n\t\t\t\t<section class=\"elementor-section elementor-top-section elementor-element elementor-element-86259ea elementor-section-stretched elementor-section-full_width elementor-section-height-default elementor-section-height-default\" data-id=\"86259ea\" data-element_type=\"section\" data-settings=\"{&quot;stretch_section&quot;:&quot;section-stretched&quot;}\">\n\t\t\t\t\t\t<div class=\"elementor-container elementor-column-gap-default\">\n\t\t\t\t\t<div class=\"elementor-column elementor-col-100 elementor-top-column elementor-element elementor-element-dbdcf3b\" data-id=\"dbdcf3b\" data-element_type=\"column\">\n\t\t\t<div class=\"elementor-widget-wrap elementor-element-populated\">\n\t\t\t\t\t\t<div class=\"elementor-element elementor-element-0ef1be1 elementor-align-center elementor-widget elementor-widget-button\" data-id=\"0ef1be1\" data-element_type=\"widget\" data-widget_type=\"button.default\">\n\t\t\t\t<div class=\"elementor-widget-container\">\n\t\t\t\t\t<div class=\"elementor-button-wrapper\">\n\t\t\t<a class=\"elementor-button elementor-button-link elementor-size-md elementor-animation-grow\" href=\"#\">\n\t\t\t\t\t\t<span class=\"elementor-button-content-wrapper\">\n\t\t\t\t\t\t\t\t\t<span class=\"elementor-button-text\">Publier une offre<\/span>\n\t\t\t\t\t<\/span>\n\t\t\t\t\t<\/a>\n\t\t<\/div>\n\t\t\t\t<\/div>\n\t\t\t\t<\/div>\n\t\t\t\t\t<\/div>\n\t\t<\/div>\n\t\t\t\t\t<\/div>\n\t\t<\/section>\n\t\t\t\t<section class=\"elementor-section elementor-top-section elementor-element elementor-element-f291f65 elementor-section-stretched elementor-section-height-min-height elementor-section-boxed elementor-section-height-default elementor-section-items-middle\" data-id=\"f291f65\" data-element_type=\"section\" data-settings=\"{&quot;stretch_section&quot;:&quot;section-stretched&quot;,&quot;background_background&quot;:&quot;classic&quot;}\">\n\t\t\t\t\t\t<div class=\"elementor-container elementor-column-gap-default\">\n\t\t\t\t\t<div class=\"elementor-column elementor-col-100 elementor-top-column elementor-element elementor-element-d87172b\" data-id=\"d87172b\" data-element_type=\"column\">\n\t\t\t<div class=\"elementor-widget-wrap elementor-element-populated\">\n\t\t\t\t\t\t<div class=\"elementor-element elementor-element-162f287 elementor-widget elementor-widget-text-editor\" data-id=\"162f287\" data-element_type=\"widget\" data-widget_type=\"text-editor.default\">\n\t\t\t\t<div class=\"elementor-widget-container\">\n\t\t\t\t\t\t\t<p style=\"text-align: center;\"><span style=\"font-weight: 400;\">Vous souhaitez publier une offre de formation mais vous avez besoin de conseils ?<\/span><\/p>\t\t\t\t\t\t<\/div>\n\t\t\t\t<\/div>\n\t\t\t\t<div class=\"elementor-element elementor-element-e6901a5 elementor-align-center elementor-widget elementor-widget-button\" data-id=\"e6901a5\" data-element_type=\"widget\" data-widget_type=\"button.default\">\n\t\t\t\t<div class=\"elementor-widget-container\">\n\t\t\t\t\t<div class=\"elementor-button-wrapper\">\n\t\t\t<a class=\"elementor-button elementor-button-link elementor-size-md elementor-animation-grow\" href=\"#\">\n\t\t\t\t\t\t<span class=\"elementor-button-content-wrapper\">\n\t\t\t\t\t\t\t\t\t<span class=\"elementor-button-text\">Contactez-nous<\/span>\n\t\t\t\t\t<\/span>\n\t\t\t\t\t<\/a>\n\t\t<\/div>\n\t\t\t\t<\/div>\n\t\t\t\t<\/div>\n\t\t\t\t\t<\/div>\n\t\t<\/div>\n\t\t\t\t\t<\/div>\n\t\t<\/section>\n\t\t\t\t<section class=\"elementor-section elementor-top-section elementor-element elementor-element-f4b215a elementor-section-boxed elementor-section-height-default elementor-section-height-default\" data-id=\"f4b215a\" data-element_type=\"section\">\n\t\t\t\t\t\t<div class=\"elementor-container elementor-column-gap-default\">\n\t\t\t\t\t<div class=\"elementor-column elementor-col-100 elementor-top-column elementor-element elementor-element-d5ce475\" data-id=\"d5ce475\" data-element_type=\"column\">\n\t\t\t<div class=\"elementor-widget-wrap elementor-element-populated\">\n\t\t\t\t\t\t<div class=\"elementor-element elementor-element-da09c3f elementor-widget elementor-widget-heading\" data-id=\"da09c3f\" data-element_type=\"widget\" data-widget_type=\"heading.default\">\n\t\t\t\t<div class=\"elementor-widget-container\">\n\t\t\t<h4 class=\"elementor-heading-title elementor-size-default\">Pourquoi rejoindre le programme Edu-Carib et avoir votre page premium \u00e9tablissement ? \n<\/h4>\t\t<\/div>\n\t\t\t\t<\/div>\n\t\t\t\t\t<\/div>\n\t\t<\/div>\n\t\t\t\t\t<\/div>\n\t\t<\/section>\n\t\t\t\t<section class=\"elementor-section elementor-top-section elementor-element elementor-element-da6195a elementor-section-boxed elementor-section-height-default elementor-section-height-default\" data-id=\"da6195a\" data-element_type=\"section\">\n\t\t\t\t\t\t<div class=\"elementor-container elementor-column-gap-default\">\n\t\t\t\t\t<div class=\"elementor-column elementor-col-100 elementor-top-column elementor-element elementor-element-3bf0247\" data-id=\"3bf0247\" data-element_type=\"column\">\n\t\t\t<div class=\"elementor-widget-wrap elementor-element-populated\">\n\t\t\t\t\t\t<div class=\"elementor-element elementor-element-5d8c174 elementor-widget elementor-widget-heading\" data-id=\"5d8c174\" data-element_type=\"widget\" data-widget_type=\"heading.default\">\n\t\t\t\t<div class=\"elementor-widget-container\">\n\t\t\t<h4 class=\"elementor-heading-title elementor-size-default\">D\u00e9cuplez votre visibilit\u00e9 et cr\u00e9ez de l'engagement aupr\u00e8s des jeunes<\/h4>\t\t<\/div>\n\t\t\t\t<\/div>\n\t\t\t\t<div class=\"elementor-element elementor-element-1c3467f elementor-widget elementor-widget-text-editor\" data-id=\"1c3467f\" data-element_type=\"widget\" data-widget_type=\"text-editor.default\">\n\t\t\t\t<div class=\"elementor-widget-container\">\n\t\t\t\t\t\t\t<ul><li style=\"font-weight: 400;\"><span style=\"font-weight: 400;\">Augmentez votre visibilit\u00e9, renforcez votre branding, votre e-r\u00e9putation aupr\u00e8s de la communaut\u00e9 Edu-carib;<\/span><\/li><li style=\"font-weight: 400;\"><span style=\"font-weight: 400;\">Communiquez sur les programmes, formations et activit\u00e9s de votre \u00e9tablissement gr\u00e2ce \u00e0 nos outils digitaux;<\/span><\/li><li style=\"font-weight: 400;\"><span style=\"font-weight: 400;\">Valorisez votre \u00e9tablissement avec un espace sur Edu-carib, centralisez toutes vos infos sur une page \u00e9tablissement premium;<\/span><\/li><li style=\"font-weight: 400;\"><span style=\"font-weight: 400;\">Renforcez votre visibilit\u00e9 et engagement aupr\u00e8s des jeunes et pr\u00e9sentez vos projets et vos \u00e9quipes gr\u00e2ce \u00e0 notre \u00e9quipe vid\u00e9o d\u00e9di\u00e9e;<\/span><\/li><li style=\"font-weight: 400;\"><span style=\"font-weight: 400;\">Dialoguez avec les futurs \u00e9tudiants gr\u00e2ce aux Lives;<\/span><\/li><li style=\"font-weight: 400;\"><span style=\"font-weight: 400;\">Contribuez et participez au d\u00e9veloppement du projet r\u00e9gional Edu-carib: une plateforme faite par les jeunes pour les jeunes.<\/span><\/li><\/ul>\t\t\t\t\t\t<\/div>\n\t\t\t\t<\/div>\n\t\t\t\t<div class=\"elementor-element elementor-element-3dd4a65 elementor-widget elementor-widget-heading\" data-id=\"3dd4a65\" data-element_type=\"widget\" data-widget_type=\"heading.default\">\n\t\t\t\t<div class=\"elementor-widget-container\">\n\t\t\t<h4 class=\"elementor-heading-title elementor-size-default\">B\u00e9n\u00e9ficiez des services premium gr\u00e2ce \u00e0 un abonnement annuel<\/h4>\t\t<\/div>\n\t\t\t\t<\/div>\n\t\t\t\t<div class=\"elementor-element elementor-element-b4e8fb7 elementor-widget elementor-widget-text-editor\" data-id=\"b4e8fb7\" data-element_type=\"widget\" data-widget_type=\"text-editor.default\">\n\t\t\t\t<div class=\"elementor-widget-container\">\n\t\t\t\t\t\t\t<ul><li>Disposez d\u2019une \u00e9quipe exp\u00e9riment\u00e9e, comp\u00e9tente, et pluridisciplinaire capable de s\u2019adapter \u00e0 votre environnement;<\/li><li>Int\u00e9grez le r\u00e9seau \u00e9ducatif r\u00e9gional Edu-carib et participez aux \u00e9changes et rencontres en mati\u00e8re de coop\u00e9ration r\u00e9gionale : \u00e9ducation, jeunesse\u2026<\/li><li>D\u00e9veloppez un partenariat avec une structure au mod\u00e8le \u00e9conomique \u00e9co-responsable, agissant pour l\u2019Orientation et la Formation des Jeunes;<\/li><li>Tirez profit de nos capacit\u00e9s d\u2019intervention: dans la Grande Cara\u00efbe, partout en Outre-Mer et m\u00eame \u00e0 l\u2019international<\/li><\/ul>\t\t\t\t\t\t<\/div>\n\t\t\t\t<\/div>\n\t\t\t\t\t<\/div>\n\t\t<\/div>\n\t\t\t\t\t<\/div>\n\t\t<\/section>\n\t\t\t\t<section class=\"elementor-section elementor-top-section elementor-element elementor-element-336e2ce elementor-section-stretched elementor-section-height-min-height elementor-section-boxed elementor-section-height-default elementor-section-items-middle\" data-id=\"336e2ce\" data-element_type=\"section\" data-settings=\"{&quot;stretch_section&quot;:&quot;section-stretched&quot;,&quot;background_background&quot;:&quot;classic&quot;}\">\n\t\t\t\t\t\t<div class=\"elementor-container elementor-column-gap-default\">\n\t\t\t\t\t<div class=\"elementor-column elementor-col-100 elementor-top-column elementor-element elementor-element-e7ad039\" data-id=\"e7ad039\" data-element_type=\"column\">\n\t\t\t<div class=\"elementor-widget-wrap elementor-element-populated\">\n\t\t\t\t\t\t<div class=\"elementor-element elementor-element-cd17ac3 elementor-widget elementor-widget-text-editor\" data-id=\"cd17ac3\" data-element_type=\"widget\" data-widget_type=\"text-editor.default\">\n\t\t\t\t<div class=\"elementor-widget-container\">\n\t\t\t\t\t\t\t<p style=\"text-align: center;\"><b>Vous souhaitez int\u00e9grer notre programme et augmenter votre visibilit\u00e9 aupr\u00e8s des jeunes ? Contactez-nous afin d\u2019en savoir plus sur les offres et services propos\u00e9s par l\u2019\u00e9quipe Edu-carib.<\/b><\/p>\t\t\t\t\t\t<\/div>\n\t\t\t\t<\/div>\n\t\t\t\t<div class=\"elementor-element elementor-element-9d62c56 elementor-align-center elementor-widget elementor-widget-button\" data-id=\"9d62c56\" data-element_type=\"widget\" data-widget_type=\"button.default\">\n\t\t\t\t<div class=\"elementor-widget-container\">\n\t\t\t\t\t<div class=\"elementor-button-wrapper\">\n\t\t\t<a class=\"elementor-button elementor-button-link elementor-size-md elementor-animation-grow\" href=\"#\">\n\t\t\t\t\t\t<span class=\"elementor-button-content-wrapper\">\n\t\t\t\t\t\t\t\t\t<span class=\"elementor-button-text\">Contactez-nous<\/span>\n\t\t\t\t\t<\/span>\n\t\t\t\t\t<\/a>\n\t\t<\/div>\n\t\t\t\t<\/div>\n\t\t\t\t<\/div>\n\t\t\t\t\t<\/div>\n\t\t<\/div>\n\t\t\t\t\t<\/div>\n\t\t<\/section>\n\t\t\t\t<\/div>","protected":false},"excerpt":{"rendered":"<p>D\u00e9cuplez l&#8217;impact de vos actions aupr\u00e8s des futurs \u00e9tudiants Rejoignez notre \u00e9cosyst\u00e8me carib\u00e9en d&#8217;\u00e9tablissements d&#8217;enseignement sup\u00e9rieur. Contact Comment attirer les meilleurs profils de futurs \u00e9tudiants vers votre \u00e9tablissement? Nous avons la conviction que la r\u00e9ponse passe par le branding. Le branding, c\u2019est promouvoir une expertise, un projet, des valeurs plut\u00f4t qu\u2019une simple offre de formation. [&hellip;]<\/p>","protected":false},"author":2,"featured_media":0,"parent":0,"menu_order":0,"comment_status":"closed","ping_status":"closed","template":"","meta":{"_monsterinsights_skip_tracking":false,"_monsterinsights_sitenote_active":false,"_monsterinsights_sitenote_note":"","_monsterinsights_sitenote_category":0,"footnotes":"","_links_to":"","_links_to_target":""},"yoast_head":"<!-- This site is optimized with the Yoast SEO plugin v22.5 - https:\/\/yoast.com\/wordpress\/plugins\/seo\/ -->\n<title>Publier une offre - EduCarib.co<\/title>\n<meta name=\"robots\" content=\"index, follow, max-snippet:-1, max-image-preview:large, max-video-preview:-1\" \/>\n<link rel=\"canonical\" href=\"https:\/\/edu-carib.com\/en\/publier-offre\/\" \/>\n<meta property=\"og:locale\" content=\"en_US\" \/>\n<meta property=\"og:type\" content=\"article\" \/>\n<meta property=\"og:title\" content=\"Publier une offre - EduCarib.co\" \/>\n<meta property=\"og:description\" content=\"D\u00e9cuplez l&#8217;impact de vos actions aupr\u00e8s des futurs \u00e9tudiants Rejoignez notre \u00e9cosyst\u00e8me carib\u00e9en d&#8217;\u00e9tablissements d&#8217;enseignement sup\u00e9rieur. Contact Comment attirer les meilleurs profils de futurs \u00e9tudiants vers votre \u00e9tablissement? Nous avons la conviction que la r\u00e9ponse passe par le branding. Le branding, c\u2019est promouvoir une expertise, un projet, des valeurs plut\u00f4t qu\u2019une simple offre de formation. [&hellip;]\" \/>\n<meta property=\"og:url\" content=\"https:\/\/edu-carib.com\/en\/publier-offre\/\" \/>\n<meta property=\"og:site_name\" content=\"EduCarib.co\" \/>\n<meta property=\"article:modified_time\" content=\"2021-02-19T10:18:39+00:00\" \/>\n<meta name=\"twitter:card\" content=\"summary_large_image\" \/>\n<meta name=\"twitter:label1\" content=\"Est. reading time\" \/>\n\t<meta name=\"twitter:data1\" content=\"2 minutes\" \/>\n<script type=\"application\/ld+json\" class=\"yoast-schema-graph\">{\"@context\":\"https:\/\/schema.org\",\"@graph\":[{\"@type\":\"WebPage\",\"@id\":\"https:\/\/edu-carib.com\/publier-offre\/\",\"url\":\"https:\/\/edu-carib.com\/publier-offre\/\",\"name\":\"Publier une offre - EduCarib.co\",\"isPartOf\":{\"@id\":\"https:\/\/edu-carib.com\/#website\"},\"datePublished\":\"2019-09-14T16:38:34+00:00\",\"dateModified\":\"2021-02-19T10:18:39+00:00\",\"breadcrumb\":{\"@id\":\"https:\/\/edu-carib.com\/publier-offre\/#breadcrumb\"},\"inLanguage\":\"en-US\",\"potentialAction\":[{\"@type\":\"ReadAction\",\"target\":[\"https:\/\/edu-carib.com\/publier-offre\/\"]}]},{\"@type\":\"BreadcrumbList\",\"@id\":\"https:\/\/edu-carib.com\/publier-offre\/#breadcrumb\",\"itemListElement\":[{\"@type\":\"ListItem\",\"position\":1,\"name\":\"Accueil\",\"item\":\"https:\/\/edu-carib.com\/\"},{\"@type\":\"ListItem\",\"position\":2,\"name\":\"Publier une offre\"}]},{\"@type\":\"WebSite\",\"@id\":\"https:\/\/edu-carib.com\/#website\",\"url\":\"https:\/\/edu-carib.com\/\",\"name\":\"EduCarib.co\",\"description\":\"Le Guide de l\u2019Orientation\",\"potentialAction\":[{\"@type\":\"SearchAction\",\"target\":{\"@type\":\"EntryPoint\",\"urlTemplate\":\"https:\/\/edu-carib.com\/?s={search_term_string}\"},\"query-input\":\"required name=search_term_string\"}],\"inLanguage\":\"en-US\"}]}<\/script>\n<!-- \/ Yoast SEO plugin. -->","yoast_head_json":{"title":"Publier une offre - EduCarib.co","robots":{"index":"index","follow":"follow","max-snippet":"max-snippet:-1","max-image-preview":"max-image-preview:large","max-video-preview":"max-video-preview:-1"},"canonical":"https:\/\/edu-carib.com\/en\/publier-offre\/","og_locale":"en_US","og_type":"article","og_title":"Publier une offre - EduCarib.co","og_description":"D\u00e9cuplez l&#8217;impact de vos actions aupr\u00e8s des futurs \u00e9tudiants Rejoignez notre \u00e9cosyst\u00e8me carib\u00e9en d&#8217;\u00e9tablissements d&#8217;enseignement sup\u00e9rieur. Contact Comment attirer les meilleurs profils de futurs \u00e9tudiants vers votre \u00e9tablissement? Nous avons la conviction que la r\u00e9ponse passe par le branding. Le branding, c\u2019est promouvoir une expertise, un projet, des valeurs plut\u00f4t qu\u2019une simple offre de formation. [&hellip;]","og_url":"https:\/\/edu-carib.com\/en\/publier-offre\/","og_site_name":"EduCarib.co","article_modified_time":"2021-02-19T10:18:39+00:00","twitter_card":"summary_large_image","twitter_misc":{"Est. reading time":"2 minutes"},"schema":{"@context":"https:\/\/schema.org","@graph":[{"@type":"WebPage","@id":"https:\/\/edu-carib.com\/publier-offre\/","url":"https:\/\/edu-carib.com\/publier-offre\/","name":"Publier une offre - EduCarib.co","isPartOf":{"@id":"https:\/\/edu-carib.com\/#website"},"datePublished":"2019-09-14T16:38:34+00:00","dateModified":"2021-02-19T10:18:39+00:00","breadcrumb":{"@id":"https:\/\/edu-carib.com\/publier-offre\/#breadcrumb"},"inLanguage":"en-US","potentialAction":[{"@type":"ReadAction","target":["https:\/\/edu-carib.com\/publier-offre\/"]}]},{"@type":"BreadcrumbList","@id":"https:\/\/edu-carib.com\/publier-offre\/#breadcrumb","itemListElement":[{"@type":"ListItem","position":1,"name":"Accueil","item":"https:\/\/edu-carib.com\/"},{"@type":"ListItem","position":2,"name":"Publier une offre"}]},{"@type":"WebSite","@id":"https:\/\/edu-carib.com\/#website","url":"https:\/\/edu-carib.com\/","name":"EduCarib.co","description":"Le Guide de l\u2019Orientation","potentialAction":[{"@type":"SearchAction","target":{"@type":"EntryPoint","urlTemplate":"https:\/\/edu-carib.com\/?s={search_term_string}"},"query-input":"required name=search_term_string"}],"inLanguage":"en-US"}]}},"_links":{"self":[{"href":"https:\/\/edu-carib.com\/en\/wp-json\/wp\/v2\/pages\/6462"}],"collection":[{"href":"https:\/\/edu-carib.com\/en\/wp-json\/wp\/v2\/pages"}],"about":[{"href":"https:\/\/edu-carib.com\/en\/wp-json\/wp\/v2\/types\/page"}],"author":[{"embeddable":true,"href":"https:\/\/edu-carib.com\/en\/wp-json\/wp\/v2\/users\/2"}],"replies":[{"embeddable":true,"href":"https:\/\/edu-carib.com\/en\/wp-json\/wp\/v2\/comments?post=6462"}],"version-history":[{"count":1,"href":"https:\/\/edu-carib.com\/en\/wp-json\/wp\/v2\/pages\/6462\/revisions"}],"predecessor-version":[{"id":10098,"href":"https:\/\/edu-carib.com\/en\/wp-json\/wp\/v2\/pages\/6462\/revisions\/10098"}],"wp:attachment":[{"href":"https:\/\/edu-carib.com\/en\/wp-json\/wp\/v2\/media?parent=6462"}],"curies":[{"name":"wp","href":"https:\/\/api.w.org\/{rel}","templated":true}]}}