{"id":7183,"date":"2019-10-20T03:20:42","date_gmt":"2019-10-20T01:20:42","guid":{"rendered":"http:\/\/edu-carib.com\/?page_id=7183"},"modified":"2021-02-19T11:27:20","modified_gmt":"2021-02-19T10:27:20","slug":"qui-sommes-nous","status":"publish","type":"page","link":"https:\/\/edu-carib.com\/en\/qui-sommes-nous\/","title":{"rendered":"Qui sommes-nous"},"content":{"rendered":"<div data-elementor-type=\"wp-page\" data-elementor-id=\"7183\" class=\"elementor elementor-7183\" data-elementor-post-type=\"page\">\n\t\t\t\t\t\t<section class=\"elementor-section elementor-top-section elementor-element elementor-element-86a5f0f elementor-section-height-full elementor-section-boxed elementor-section-height-default elementor-section-items-middle\" data-id=\"86a5f0f\" data-element_type=\"section\" data-settings=\"{&quot;background_background&quot;:&quot;classic&quot;}\">\n\t\t\t\t\t\t\t<div class=\"elementor-background-overlay\"><\/div>\n\t\t\t\t\t\t\t<div class=\"elementor-container elementor-column-gap-default\">\n\t\t\t\t\t<div class=\"elementor-column elementor-col-100 elementor-top-column elementor-element elementor-element-e401cd2\" data-id=\"e401cd2\" data-element_type=\"column\" data-settings=\"{&quot;background_background&quot;:&quot;classic&quot;}\">\n\t\t\t<div class=\"elementor-widget-wrap elementor-element-populated\">\n\t\t\t\t\t\t<div class=\"elementor-element elementor-element-24b3749 elementor-widget elementor-widget-heading\" data-id=\"24b3749\" data-element_type=\"widget\" data-widget_type=\"heading.default\">\n\t\t\t\t<div class=\"elementor-widget-container\">\n\t\t\t<h1 class=\"elementor-heading-title elementor-size-default\">Qui sommes-nous<\/h1>\t\t<\/div>\n\t\t\t\t<\/div>\n\t\t\t\t<div class=\"elementor-element elementor-element-e3ed3c5 elementor-widget elementor-widget-heading\" data-id=\"e3ed3c5\" data-element_type=\"widget\" data-widget_type=\"heading.default\">\n\t\t\t\t<div class=\"elementor-widget-container\">\n\t\t\t<h2 class=\"elementor-heading-title elementor-size-default\">Yes, it is possible to pursue excellent academic programmes and courses in the Caribbean!<\/h2>\t\t<\/div>\n\t\t\t\t<\/div>\n\t\t\t\t<div class=\"elementor-element elementor-element-faf377d elementor-widget elementor-widget-text-editor\" data-id=\"faf377d\" data-element_type=\"widget\" data-widget_type=\"text-editor.default\">\n\t\t\t\t<div class=\"elementor-widget-container\">\n\t\t\t\t\t\t\t<p><span style=\"font-weight: 400;\">Nous en sommes convaincus ! C&#8217;est pourquoi nous avons cr\u00e9\u00e9 Educarib, le m\u00e9dia de r\u00e9f\u00e9rence d\u00e9di\u00e9 \u00e0 la formation, \u00e0 l\u2019\u00e9ducation. Educarib pour mission d\u2019accompagner chaque personne dans son parcours d\u2019orientation professionnelle. Nous produisons de nombreux contenus inspirationnels comme des articles, des s\u00e9ries vid\u00e9os et diff\u00e9rents formats d\u2019\u00e9v\u00e9nements : ateliers, master-class.<\/span><\/p><p><span style=\"font-weight: 400;\">Edu-carib.com serves as a reference point and digital platform showcasing information and opportunities in various fields and industries that are available at different higher education institutions across the Caribbean Region. Universities and other schools in the region will be able to market its courses and communicate information to future students through videos, campus tours, interviews featuring teachers and other faculty staff, testimonials from students and graduates as well as other exclusive content. Edu-Carib assists higher education institutions attract future students and guides young professionals and students in their career choices.<\/span><\/p><p><span style=\"font-weight: 400;\">Nous avons \u00e9galement fond\u00e9 Educarib Alumni, un r\u00e9seau d\u2019anciens \u00e9tudiants de l\u2019enseignement sup\u00e9rieur carib\u00e9en. Il permet de garder contact avec ses camarades de cours, parrainer et aider des futurs \u00e9tudiants, partager et de multiplier les opportunit\u00e9s professionnelles.<\/span><\/p>\t\t\t\t\t\t<\/div>\n\t\t\t\t<\/div>\n\t\t\t\t\t<\/div>\n\t\t<\/div>\n\t\t\t\t\t<\/div>\n\t\t<\/section>\n\t\t\t\t<\/div>","protected":false},"excerpt":{"rendered":"<p>Qui sommes-nous Oui, avoir un parcours acad\u00e9mique d\u2019excellence dans la Cara\u00efbe, c\u2019est possible ! Nous en sommes convaincus ! C&#8217;est pourquoi nous avons cr\u00e9\u00e9 Educarib, le m\u00e9dia de r\u00e9f\u00e9rence d\u00e9di\u00e9 \u00e0 la formation, \u00e0 l\u2019\u00e9ducation. Educarib pour mission d\u2019accompagner chaque personne dans son parcours d\u2019orientation professionnelle. Nous produisons de nombreux contenus inspirationnels comme des articles, [&hellip;]<\/p>","protected":false},"author":2,"featured_media":0,"parent":0,"menu_order":0,"comment_status":"closed","ping_status":"closed","template":"","meta":{"_monsterinsights_skip_tracking":false,"_monsterinsights_sitenote_active":false,"_monsterinsights_sitenote_note":"","_monsterinsights_sitenote_category":0,"footnotes":"","_links_to":"","_links_to_target":""},"yoast_head":"<!-- This site is optimized with the Yoast SEO plugin v22.5 - https:\/\/yoast.com\/wordpress\/plugins\/seo\/ -->\n<title>Qui sommes-nous - EduCarib.co<\/title>\n<meta name=\"robots\" content=\"index, follow, max-snippet:-1, max-image-preview:large, max-video-preview:-1\" \/>\n<link rel=\"canonical\" href=\"https:\/\/edu-carib.com\/en\/qui-sommes-nous\/\" \/>\n<meta property=\"og:locale\" content=\"en_US\" \/>\n<meta property=\"og:type\" content=\"article\" \/>\n<meta property=\"og:title\" content=\"Qui sommes-nous - EduCarib.co\" \/>\n<meta property=\"og:description\" content=\"Qui sommes-nous Oui, avoir un parcours acad\u00e9mique d\u2019excellence dans la Cara\u00efbe, c\u2019est possible ! Nous en sommes convaincus ! C&#8217;est pourquoi nous avons cr\u00e9\u00e9 Educarib, le m\u00e9dia de r\u00e9f\u00e9rence d\u00e9di\u00e9 \u00e0 la formation, \u00e0 l\u2019\u00e9ducation. Educarib pour mission d\u2019accompagner chaque personne dans son parcours d\u2019orientation professionnelle. Nous produisons de nombreux contenus inspirationnels comme des articles, [&hellip;]\" \/>\n<meta property=\"og:url\" content=\"https:\/\/edu-carib.com\/en\/qui-sommes-nous\/\" \/>\n<meta property=\"og:site_name\" content=\"EduCarib.co\" \/>\n<meta property=\"article:modified_time\" content=\"2021-02-19T10:27:20+00:00\" \/>\n<meta name=\"twitter:card\" content=\"summary_large_image\" \/>\n<meta name=\"twitter:label1\" content=\"Est. reading time\" \/>\n\t<meta name=\"twitter:data1\" content=\"1 minute\" \/>\n<script type=\"application\/ld+json\" class=\"yoast-schema-graph\">{\"@context\":\"https:\/\/schema.org\",\"@graph\":[{\"@type\":\"WebPage\",\"@id\":\"https:\/\/edu-carib.com\/qui-sommes-nous\/\",\"url\":\"https:\/\/edu-carib.com\/qui-sommes-nous\/\",\"name\":\"Qui sommes-nous - EduCarib.co\",\"isPartOf\":{\"@id\":\"https:\/\/edu-carib.com\/#website\"},\"datePublished\":\"2019-10-20T01:20:42+00:00\",\"dateModified\":\"2021-02-19T10:27:20+00:00\",\"breadcrumb\":{\"@id\":\"https:\/\/edu-carib.com\/qui-sommes-nous\/#breadcrumb\"},\"inLanguage\":\"en-US\",\"potentialAction\":[{\"@type\":\"ReadAction\",\"target\":[\"https:\/\/edu-carib.com\/qui-sommes-nous\/\"]}]},{\"@type\":\"BreadcrumbList\",\"@id\":\"https:\/\/edu-carib.com\/qui-sommes-nous\/#breadcrumb\",\"itemListElement\":[{\"@type\":\"ListItem\",\"position\":1,\"name\":\"Accueil\",\"item\":\"https:\/\/edu-carib.com\/\"},{\"@type\":\"ListItem\",\"position\":2,\"name\":\"Qui sommes-nous\"}]},{\"@type\":\"WebSite\",\"@id\":\"https:\/\/edu-carib.com\/#website\",\"url\":\"https:\/\/edu-carib.com\/\",\"name\":\"EduCarib.co\",\"description\":\"Le Guide de l\u2019Orientation\",\"potentialAction\":[{\"@type\":\"SearchAction\",\"target\":{\"@type\":\"EntryPoint\",\"urlTemplate\":\"https:\/\/edu-carib.com\/?s={search_term_string}\"},\"query-input\":\"required name=search_term_string\"}],\"inLanguage\":\"en-US\"}]}<\/script>\n<!-- \/ Yoast SEO plugin. -->","yoast_head_json":{"title":"Qui sommes-nous - EduCarib.co","robots":{"index":"index","follow":"follow","max-snippet":"max-snippet:-1","max-image-preview":"max-image-preview:large","max-video-preview":"max-video-preview:-1"},"canonical":"https:\/\/edu-carib.com\/en\/qui-sommes-nous\/","og_locale":"en_US","og_type":"article","og_title":"Qui sommes-nous - EduCarib.co","og_description":"Qui sommes-nous Oui, avoir un parcours acad\u00e9mique d\u2019excellence dans la Cara\u00efbe, c\u2019est possible ! Nous en sommes convaincus ! C&#8217;est pourquoi nous avons cr\u00e9\u00e9 Educarib, le m\u00e9dia de r\u00e9f\u00e9rence d\u00e9di\u00e9 \u00e0 la formation, \u00e0 l\u2019\u00e9ducation. Educarib pour mission d\u2019accompagner chaque personne dans son parcours d\u2019orientation professionnelle. Nous produisons de nombreux contenus inspirationnels comme des articles, [&hellip;]","og_url":"https:\/\/edu-carib.com\/en\/qui-sommes-nous\/","og_site_name":"EduCarib.co","article_modified_time":"2021-02-19T10:27:20+00:00","twitter_card":"summary_large_image","twitter_misc":{"Est. reading time":"1 minute"},"schema":{"@context":"https:\/\/schema.org","@graph":[{"@type":"WebPage","@id":"https:\/\/edu-carib.com\/qui-sommes-nous\/","url":"https:\/\/edu-carib.com\/qui-sommes-nous\/","name":"Qui sommes-nous - EduCarib.co","isPartOf":{"@id":"https:\/\/edu-carib.com\/#website"},"datePublished":"2019-10-20T01:20:42+00:00","dateModified":"2021-02-19T10:27:20+00:00","breadcrumb":{"@id":"https:\/\/edu-carib.com\/qui-sommes-nous\/#breadcrumb"},"inLanguage":"en-US","potentialAction":[{"@type":"ReadAction","target":["https:\/\/edu-carib.com\/qui-sommes-nous\/"]}]},{"@type":"BreadcrumbList","@id":"https:\/\/edu-carib.com\/qui-sommes-nous\/#breadcrumb","itemListElement":[{"@type":"ListItem","position":1,"name":"Accueil","item":"https:\/\/edu-carib.com\/"},{"@type":"ListItem","position":2,"name":"Qui sommes-nous"}]},{"@type":"WebSite","@id":"https:\/\/edu-carib.com\/#website","url":"https:\/\/edu-carib.com\/","name":"EduCarib.co","description":"Le Guide de l\u2019Orientation","potentialAction":[{"@type":"SearchAction","target":{"@type":"EntryPoint","urlTemplate":"https:\/\/edu-carib.com\/?s={search_term_string}"},"query-input":"required name=search_term_string"}],"inLanguage":"en-US"}]}},"_links":{"self":[{"href":"https:\/\/edu-carib.com\/en\/wp-json\/wp\/v2\/pages\/7183"}],"collection":[{"href":"https:\/\/edu-carib.com\/en\/wp-json\/wp\/v2\/pages"}],"about":[{"href":"https:\/\/edu-carib.com\/en\/wp-json\/wp\/v2\/types\/page"}],"author":[{"embeddable":true,"href":"https:\/\/edu-carib.com\/en\/wp-json\/wp\/v2\/users\/2"}],"replies":[{"embeddable":true,"href":"https:\/\/edu-carib.com\/en\/wp-json\/wp\/v2\/comments?post=7183"}],"version-history":[{"count":25,"href":"https:\/\/edu-carib.com\/en\/wp-json\/wp\/v2\/pages\/7183\/revisions"}],"predecessor-version":[{"id":14905,"href":"https:\/\/edu-carib.com\/en\/wp-json\/wp\/v2\/pages\/7183\/revisions\/14905"}],"wp:attachment":[{"href":"https:\/\/edu-carib.com\/en\/wp-json\/wp\/v2\/media?parent=7183"}],"curies":[{"name":"wp","href":"https:\/\/api.w.org\/{rel}","templated":true}]}}